{"id":6686,"date":"2025-05-01T09:49:25","date_gmt":"2025-05-01T07:49:25","guid":{"rendered":"https:\/\/the-house-shop.com\/?post_type=product&#038;p=6686"},"modified":"2025-05-23T08:10:22","modified_gmt":"2025-05-23T06:10:22","slug":"lacanche-gelochter-inox-gastronomiebehaelter-mit-deckel","status":"publish","type":"product","link":"https:\/\/the-house-shop.com\/fr\/produkt\/lacanche-gelochter-inox-gastronomiebehaelter-mit-deckel\/","title":{"rendered":"LACANCHE Gelochter Inox Gastronomiebeh\u00e4lter mit Deckel"},"content":{"rendered":"<p>Diese werden als Dampfgar-Beh\u00e4lter im Bain-Marie eingesetzt.<\/p>\n<p>Remarque : le steamer est livr\u00e9 avec un r\u00e9cipient perfor\u00e9 \u00e0 couvercle plat : BPGN 2\/3 325 x 354 mm.<\/p>","protected":false},"excerpt":{"rendered":"<p>Diese werden als Dampfgar-Beh\u00e4lter im Bain-Marie eingesetzt. Hinweis: Im Lieferumfang des Steamers ist ein gelochter Beh\u00e4lter mit flachem Deckel enthalten: BPGN 2\/3 325 x 354 mm.<\/p>","protected":false},"featured_media":6687,"menu_order":75,"template":"","meta":{"_acf_changed":false},"product_brand":[],"product_cat":[164,349],"product_tag":[],"class_list":{"0":"post-6686","1":"product","2":"type-product","3":"status-publish","4":"has-post-thumbnail","6":"product_cat-lacanche","7":"product_cat-lacanche-zubehoer","8":"product_shipping_class-ab-lager","10":"first","11":"instock","12":"taxable","13":"shipping-taxable","14":"product-type-grouped"},"acf":{"additional_info_image":"","additional_info_image_label":"","reduced_product":false},"_links":{"self":[{"href":"https:\/\/the-house-shop.com\/fr\/wp-json\/wp\/v2\/product\/6686","targetHints":{"allow":["GET"]}}],"collection":[{"href":"https:\/\/the-house-shop.com\/fr\/wp-json\/wp\/v2\/product"}],"about":[{"href":"https:\/\/the-house-shop.com\/fr\/wp-json\/wp\/v2\/types\/product"}],"wp:featuredmedia":[{"embeddable":true,"href":"https:\/\/the-house-shop.com\/fr\/wp-json\/wp\/v2\/media\/6687"}],"wp:attachment":[{"href":"https:\/\/the-house-shop.com\/fr\/wp-json\/wp\/v2\/media?parent=6686"}],"wp:term":[{"taxonomy":"product_brand","embeddable":true,"href":"https:\/\/the-house-shop.com\/fr\/wp-json\/wp\/v2\/product_brand?post=6686"},{"taxonomy":"product_cat","embeddable":true,"href":"https:\/\/the-house-shop.com\/fr\/wp-json\/wp\/v2\/product_cat?post=6686"},{"taxonomy":"product_tag","embeddable":true,"href":"https:\/\/the-house-shop.com\/fr\/wp-json\/wp\/v2\/product_tag?post=6686"}],"curies":[{"name":"wp","href":"https:\/\/api.w.org\/{rel}","templated":true}]}}