{"id":6680,"date":"2025-04-26T09:40:54","date_gmt":"2025-04-26T07:40:54","guid":{"rendered":"https:\/\/the-house-shop.com\/?post_type=product&#038;p=6680"},"modified":"2025-05-23T08:08:52","modified_gmt":"2025-05-23T06:08:52","slug":"lacanche-teleskopauszug-fuer-backofen","status":"publish","type":"product","link":"https:\/\/the-house-shop.com\/fr\/produkt\/lacanche-teleskopauszug-fuer-backofen\/","title":{"rendered":"LACANCHE T\u00e9lescopique pour four"},"content":{"rendered":"<p>Der Teleskopauszug ersetzt die Seitentr\u00e4ger f\u00fcr Gitter und Backbleche. Zwei zus\u00e4tzliche Ebenen ober- und unterhalb des Auszuges bieten Platz f\u00fcr weitere Backbleche und Gitter.<\/p>","protected":false},"excerpt":{"rendered":"<p>Der Teleskopauszug ersetzt die Seitentr\u00e4ger f\u00fcr Gitter und Backbleche. Zwei zus\u00e4tzliche Ebenen ober- und unterhalb des Auszuges bieten Platz f\u00fcr weitere Backbleche und Gitter.<\/p>","protected":false},"featured_media":6681,"menu_order":84,"template":"","meta":{"_acf_changed":false},"product_brand":[],"product_cat":[164,349],"product_tag":[],"class_list":{"0":"post-6680","1":"product","2":"type-product","3":"status-publish","4":"has-post-thumbnail","6":"product_cat-lacanche","7":"product_cat-lacanche-zubehoer","9":"first","10":"instock","11":"taxable","12":"shipping-taxable","13":"product-type-grouped"},"acf":{"additional_info_image":"","additional_info_image_label":"","reduced_product":false},"_links":{"self":[{"href":"https:\/\/the-house-shop.com\/fr\/wp-json\/wp\/v2\/product\/6680","targetHints":{"allow":["GET"]}}],"collection":[{"href":"https:\/\/the-house-shop.com\/fr\/wp-json\/wp\/v2\/product"}],"about":[{"href":"https:\/\/the-house-shop.com\/fr\/wp-json\/wp\/v2\/types\/product"}],"wp:featuredmedia":[{"embeddable":true,"href":"https:\/\/the-house-shop.com\/fr\/wp-json\/wp\/v2\/media\/6681"}],"wp:attachment":[{"href":"https:\/\/the-house-shop.com\/fr\/wp-json\/wp\/v2\/media?parent=6680"}],"wp:term":[{"taxonomy":"product_brand","embeddable":true,"href":"https:\/\/the-house-shop.com\/fr\/wp-json\/wp\/v2\/product_brand?post=6680"},{"taxonomy":"product_cat","embeddable":true,"href":"https:\/\/the-house-shop.com\/fr\/wp-json\/wp\/v2\/product_cat?post=6680"},{"taxonomy":"product_tag","embeddable":true,"href":"https:\/\/the-house-shop.com\/fr\/wp-json\/wp\/v2\/product_tag?post=6680"}],"curies":[{"name":"wp","href":"https:\/\/api.w.org\/{rel}","templated":true}]}}