{"id":6582,"date":"2025-05-06T16:17:36","date_gmt":"2025-05-06T14:17:36","guid":{"rendered":"https:\/\/the-house-shop.com\/?post_type=product&#038;p=6582"},"modified":"2025-05-06T17:53:23","modified_gmt":"2025-05-06T15:53:23","slug":"belfast-evier-de-cuisine-59-5-x-46-cm","status":"publish","type":"product","link":"https:\/\/the-house-shop.com\/fr\/produkt\/belfast-kuechenbecken-59-5-x-46-cm\/","title":{"rendered":"BELFAST \u00c9vier de cuisine"},"content":{"rendered":"<p class=\"p1\">\u00c9viers massives en c\u00e9ramique. Fabriqu\u00e9s \u00e0 la main dans une petite manufacture au nord de l\u2018Angleterre.<\/p>\n<p class=\"p1\">Traditionnellement c\u2018est install\u00e9s pour ce qu\u2018il d\u00e9passe les meubles autour. Soit avec le plan de travail \u00e0 fleur de l\u2018\u00e9vier, soit avec le plan de travail qui d\u00e9passe du bord de l\u2018\u00e9vier.<\/p>","protected":false},"excerpt":{"rendered":"<p>Massive Becken aus Keramik. Von Hand gefertigt in einer kleinen Manufaktur in Nord-England. Traditionell werden diese vorstehend eingebaut. Entweder mit der Arbeitsfl\u00e4che b\u00fcndig mit dem Becken oder mit der Arbeitsfl\u00e4che welche \u00fcber den Rand in das Becken ragt.<\/p>","protected":false},"featured_media":6583,"menu_order":1,"template":"","meta":{"_acf_changed":false},"product_brand":[],"product_cat":[165,179],"product_tag":[],"class_list":{"0":"post-6582","1":"product","2":"type-product","3":"status-publish","4":"has-post-thumbnail","6":"product_cat-kuechenbecken","7":"product_cat-belfast","8":"product_shipping_class-ab-lager","10":"first","11":"instock","12":"taxable","13":"shipping-taxable","14":"product-type-grouped"},"acf":{"additional_info_image":"","additional_info_image_label":"","reduced_product":false},"_links":{"self":[{"href":"https:\/\/the-house-shop.com\/fr\/wp-json\/wp\/v2\/product\/6582","targetHints":{"allow":["GET"]}}],"collection":[{"href":"https:\/\/the-house-shop.com\/fr\/wp-json\/wp\/v2\/product"}],"about":[{"href":"https:\/\/the-house-shop.com\/fr\/wp-json\/wp\/v2\/types\/product"}],"wp:featuredmedia":[{"embeddable":true,"href":"https:\/\/the-house-shop.com\/fr\/wp-json\/wp\/v2\/media\/6583"}],"wp:attachment":[{"href":"https:\/\/the-house-shop.com\/fr\/wp-json\/wp\/v2\/media?parent=6582"}],"wp:term":[{"taxonomy":"product_brand","embeddable":true,"href":"https:\/\/the-house-shop.com\/fr\/wp-json\/wp\/v2\/product_brand?post=6582"},{"taxonomy":"product_cat","embeddable":true,"href":"https:\/\/the-house-shop.com\/fr\/wp-json\/wp\/v2\/product_cat?post=6582"},{"taxonomy":"product_tag","embeddable":true,"href":"https:\/\/the-house-shop.com\/fr\/wp-json\/wp\/v2\/product_tag?post=6582"}],"curies":[{"name":"wp","href":"https:\/\/api.w.org\/{rel}","templated":true}]}}