{"id":6517,"date":"2025-05-05T18:50:01","date_gmt":"2025-05-05T16:50:01","guid":{"rendered":"https:\/\/the-house-shop.com\/?post_type=product&#038;p=6517"},"modified":"2025-05-08T17:01:22","modified_gmt":"2025-05-08T15:01:22","slug":"radiateur-royal-en-fonte","status":"publish","type":"product","link":"https:\/\/the-house-shop.com\/fr\/produkt\/royal-radiator-aus-gusseisen\/","title":{"rendered":"ROYAL Radiateur en fonte"},"content":{"rendered":"<p>Les radiateurs ROYAL sont en fonte massive et sont fabriqu\u00e9s selon des formes originales. Les \u00e9l\u00e9ments sont d\u00e9cor\u00e9s d'ornements traditionnels en r\u00e9f\u00e9rence \u00e0 l'Art nouveau. L'attention port\u00e9e aux d\u00e9tails distingue le ma\u00eetre de la moyenne.<\/p>\n<p>Ces radiateurs sont disponibles en une, deux ou trois rang\u00e9es et en diff\u00e9rentes hauteurs. La largeur peut \u00eatre de 3 \u00e9l\u00e9ments au minimum et de 40 \u00e9l\u00e9ments au maximum. Les mod\u00e8les plus longs, \u00e0 partir de 16 \u00e9l\u00e9ments, doivent \u00eatre assembl\u00e9s sur place \u00e0 l'aide de l'outil sp\u00e9cial (No. 160011). Les mod\u00e8les \u00e0 6 et 12 \u00e9l\u00e9ments sont pr\u00e9sent\u00e9s \u00e0 titre d'exemples de prix.<\/p>\n<p>Les prix sont valables pour les teintes standard : CAST - couleur fonte matte \/ WHI - blanc mat \/ BLA - noir mat. Sur demande, les radiateurs peuvent \u00e9galement \u00eatre fabriqu\u00e9s dans les teintes \"Farrow and Ball\" ou dans d'autres finitions sp\u00e9ciales.<\/p>\n<p>Vous trouverez ci-dessous des jeux de soupapes adapt\u00e9s.<\/p>\n<p>La fiche technique avec d'autres donn\u00e9es techniques ainsi que les croquis des dimensions peuvent \u00eatre t\u00e9l\u00e9charg\u00e9s sous \"Info et dimensions\" ci-dessous.<\/p>","protected":false},"excerpt":{"rendered":"<p>Die ROYAL Radiatoren sind aus massivem Gusseisen und werden nach originalen Formen gefertigt. Die Elemente sind mit traditionellen Ornamenten dekoriert in Anlehnung an den Jugendstil. Die Liebe zum Detail unterscheidet den Meister vom Durchschnitt. Diese Radiatoren sind ein-, zwei- und dreireihig jeweils in verschiedenen H\u00f6hen erh\u00e4ltlich. Es sind in der Breite mindestens 3, maximal 40 [&hellip;]<\/p>\n","protected":false},"featured_media":6519,"menu_order":104,"template":"","meta":{"_acf_changed":false},"product_brand":[],"product_cat":[166],"product_tag":[],"class_list":{"0":"post-6517","1":"product","2":"type-product","3":"status-publish","4":"has-post-thumbnail","6":"product_cat-radiatoren","7":"product_shipping_class-2-monate","9":"first","10":"instock","11":"taxable","12":"shipping-taxable","13":"product-type-grouped"},"acf":{"additional_info_image":"","additional_info_image_label":"","reduced_product":false},"_links":{"self":[{"href":"https:\/\/the-house-shop.com\/fr\/wp-json\/wp\/v2\/product\/6517","targetHints":{"allow":["GET"]}}],"collection":[{"href":"https:\/\/the-house-shop.com\/fr\/wp-json\/wp\/v2\/product"}],"about":[{"href":"https:\/\/the-house-shop.com\/fr\/wp-json\/wp\/v2\/types\/product"}],"wp:featuredmedia":[{"embeddable":true,"href":"https:\/\/the-house-shop.com\/fr\/wp-json\/wp\/v2\/media\/6519"}],"wp:attachment":[{"href":"https:\/\/the-house-shop.com\/fr\/wp-json\/wp\/v2\/media?parent=6517"}],"wp:term":[{"taxonomy":"product_brand","embeddable":true,"href":"https:\/\/the-house-shop.com\/fr\/wp-json\/wp\/v2\/product_brand?post=6517"},{"taxonomy":"product_cat","embeddable":true,"href":"https:\/\/the-house-shop.com\/fr\/wp-json\/wp\/v2\/product_cat?post=6517"},{"taxonomy":"product_tag","embeddable":true,"href":"https:\/\/the-house-shop.com\/fr\/wp-json\/wp\/v2\/product_tag?post=6517"}],"curies":[{"name":"wp","href":"https:\/\/api.w.org\/{rel}","templated":true}]}}