{"id":6459,"date":"2025-05-05T17:38:34","date_gmt":"2025-05-05T15:38:34","guid":{"rendered":"https:\/\/the-house-shop.com\/?post_type=product&#038;p=6459"},"modified":"2025-07-15T12:36:50","modified_gmt":"2025-07-15T10:36:50","slug":"radiateur-york-en-fonte","status":"publish","type":"product","link":"https:\/\/the-house-shop.com\/fr\/produkt\/york-radiator-aus-gusseisen\/","title":{"rendered":"YORK Radiateur en fonte"},"content":{"rendered":"<p>Les radiateurs YORK sont en fonte massive et sont fabriqu\u00e9s selon des formes originales. Avec des angles arrondis et des d\u00e9grad\u00e9s subtils, les radiateurs YORK rappellent les ann\u00e9es 20\/30 avec de l\u00e9g\u00e8res influences Art d\u00e9co. Leurs lignes \u00e9pur\u00e9es se pr\u00eatent \u00e0 de nombreuses utilisations.<\/p>\n<p>Diese Radiatoren sind zwei-, drei-, vier- und sechsreihig jeweils in verschiedenen H\u00f6hen erh\u00e4ltlich. Es sind in der Breite mindestens 3, maximal 40 Elemente m\u00f6glich. L\u00e4ngere Modelle ab 16 Elementen m\u00fcssen vor Ort mit dem Spezialwerkzeug (No. 160011) aus den Teilst\u00fccken zusammen montiert werden. Als Preisbeispiele sind jeweils Modelle mit 6 und 12 Elementen aufgef\u00fchrt.<\/p>\n<p>Les prix sont valables pour les teintes standard : CAST - couleur fonte matte \/ WHI - blanc mat \/ BLA - noir mat. Sur demande, les radiateurs peuvent \u00e9galement \u00eatre fabriqu\u00e9s dans les teintes \"Farrow and Ball\" ou dans d'autres finitions sp\u00e9ciales.<\/p>\n<p>Vous trouverez ci-dessous des jeux de soupapes adapt\u00e9s.<\/p>\n<p>La fiche technique avec d'autres donn\u00e9es techniques ainsi que les croquis des dimensions peuvent \u00eatre t\u00e9l\u00e9charg\u00e9s sous \"Info et dimensions\" ci-dessous.<\/p>","protected":false},"excerpt":{"rendered":"<p>Die YORK Radiatoren sind aus massivem Gusseisen und werden nach originalen Formen gefertigt. Mit abgerundeten Ecken und feinen Abstufungen erinnern die YORK Radiatoren an die 20-\/30er Jahre mit leichten Art-Deco Einfl\u00fcssen. Die klaren Linien lassen sich vielseitig einsetzen. Diese Radiatoren sind zwei-, drei-, vier- und sechsreihig jeweils in verschiedenen H\u00f6hen erh\u00e4ltlich. Es sind in der [&hellip;]<\/p>\n","protected":false},"featured_media":6464,"menu_order":140,"template":"","meta":{"_acf_changed":false},"product_brand":[],"product_cat":[166],"product_tag":[],"class_list":{"0":"post-6459","1":"product","2":"type-product","3":"status-publish","4":"has-post-thumbnail","6":"product_cat-radiatoren","7":"product_shipping_class-2-monate","9":"first","10":"instock","11":"taxable","12":"shipping-taxable","13":"product-type-grouped"},"acf":{"additional_info_image":"","additional_info_image_label":"","reduced_product":false},"_links":{"self":[{"href":"https:\/\/the-house-shop.com\/fr\/wp-json\/wp\/v2\/product\/6459","targetHints":{"allow":["GET"]}}],"collection":[{"href":"https:\/\/the-house-shop.com\/fr\/wp-json\/wp\/v2\/product"}],"about":[{"href":"https:\/\/the-house-shop.com\/fr\/wp-json\/wp\/v2\/types\/product"}],"wp:featuredmedia":[{"embeddable":true,"href":"https:\/\/the-house-shop.com\/fr\/wp-json\/wp\/v2\/media\/6464"}],"wp:attachment":[{"href":"https:\/\/the-house-shop.com\/fr\/wp-json\/wp\/v2\/media?parent=6459"}],"wp:term":[{"taxonomy":"product_brand","embeddable":true,"href":"https:\/\/the-house-shop.com\/fr\/wp-json\/wp\/v2\/product_brand?post=6459"},{"taxonomy":"product_cat","embeddable":true,"href":"https:\/\/the-house-shop.com\/fr\/wp-json\/wp\/v2\/product_cat?post=6459"},{"taxonomy":"product_tag","embeddable":true,"href":"https:\/\/the-house-shop.com\/fr\/wp-json\/wp\/v2\/product_tag?post=6459"}],"curies":[{"name":"wp","href":"https:\/\/api.w.org\/{rel}","templated":true}]}}