{"id":6381,"date":"2025-04-23T18:04:57","date_gmt":"2025-04-23T16:04:57","guid":{"rendered":"https:\/\/the-house-shop.com\/?post_type=product&#038;p=6381"},"modified":"2025-05-08T17:01:54","modified_gmt":"2025-05-08T15:01:54","slug":"radiateur-boston-en-fonte","status":"publish","type":"product","link":"https:\/\/the-house-shop.com\/fr\/produkt\/boston-radiator-aus-gusseisen\/","title":{"rendered":"Radiateur BOSTON en fonte"},"content":{"rendered":"<p>Die BOSTON Radiatoren sind aus massivem Gusseisen und werden nach originalen Formen gefertigt.\u00a0Die klaren Linien ohne Ornamente verleiht den Radiatoren eine industrielle Anmutung \u2013 und dadurch k\u00f6nnen sie vielseitig kombiniert werden.<\/p>\n<p>Diese Radiatoren sind ein-, zwei- und dreireihig jeweils in drei H\u00f6hen erh\u00e4ltlich. Es sind in der Breite mindestens 3, maximal 40 Elemente m\u00f6glich. L\u00e4ngere Modelle ab 16 Elementen m\u00fcssen vor Ort mit dem Spezialwerkzeug (No. 160011) aus den Teilst\u00fccken zusammen montiert werden. Als Preisbeispiele sind jeweils Modelle mit 6 und 12 Elementen aufgef\u00fchrt.<\/p>\n<p>Les prix sont valables pour les teintes standard : CAST - couleur fonte matte \/ WHI - blanc mat \/ BLA - noir mat. Sur demande, les radiateurs peuvent \u00e9galement \u00eatre fabriqu\u00e9s dans les teintes \"Farrow and Ball\" ou dans d'autres finitions sp\u00e9ciales.<\/p>\n<p>Vous trouverez ci-dessous des jeux de soupapes adapt\u00e9s.<\/p>\n<p>La fiche technique avec d'autres donn\u00e9es techniques ainsi que les croquis des dimensions peuvent \u00eatre t\u00e9l\u00e9charg\u00e9s sous \"Info et dimensions\" ci-dessous.<\/p>","protected":false},"excerpt":{"rendered":"<p>Die BOSTON Radiatoren sind aus massivem Gusseisen und werden nach originalen Formen gefertigt.\u00a0Die klaren Linien ohne Ornamente verleiht den Radiatoren eine industrielle Anmutung \u2013 und dadurch k\u00f6nnen sie vielseitig kombiniert werden. Diese Radiatoren sind ein-, zwei- und dreireihig jeweils in drei H\u00f6hen erh\u00e4ltlich. Es sind in der Breite mindestens 3, maximal 40 Elemente m\u00f6glich. L\u00e4ngere [&hellip;]<\/p>\n","protected":false},"featured_media":6382,"menu_order":17,"template":"","meta":{"_acf_changed":false},"product_brand":[],"product_cat":[166],"product_tag":[],"class_list":{"0":"post-6381","1":"product","2":"type-product","3":"status-publish","4":"has-post-thumbnail","6":"product_cat-radiatoren","7":"product_shipping_class-2-monate","9":"first","10":"instock","11":"taxable","12":"shipping-taxable","13":"product-type-grouped"},"acf":{"additional_info_image":"","additional_info_image_label":"","reduced_product":false},"_links":{"self":[{"href":"https:\/\/the-house-shop.com\/fr\/wp-json\/wp\/v2\/product\/6381","targetHints":{"allow":["GET"]}}],"collection":[{"href":"https:\/\/the-house-shop.com\/fr\/wp-json\/wp\/v2\/product"}],"about":[{"href":"https:\/\/the-house-shop.com\/fr\/wp-json\/wp\/v2\/types\/product"}],"wp:featuredmedia":[{"embeddable":true,"href":"https:\/\/the-house-shop.com\/fr\/wp-json\/wp\/v2\/media\/6382"}],"wp:attachment":[{"href":"https:\/\/the-house-shop.com\/fr\/wp-json\/wp\/v2\/media?parent=6381"}],"wp:term":[{"taxonomy":"product_brand","embeddable":true,"href":"https:\/\/the-house-shop.com\/fr\/wp-json\/wp\/v2\/product_brand?post=6381"},{"taxonomy":"product_cat","embeddable":true,"href":"https:\/\/the-house-shop.com\/fr\/wp-json\/wp\/v2\/product_cat?post=6381"},{"taxonomy":"product_tag","embeddable":true,"href":"https:\/\/the-house-shop.com\/fr\/wp-json\/wp\/v2\/product_tag?post=6381"}],"curies":[{"name":"wp","href":"https:\/\/api.w.org\/{rel}","templated":true}]}}