{"id":6181,"date":"2024-04-29T17:26:57","date_gmt":"2024-04-29T15:26:57","guid":{"rendered":"https:\/\/the-house-shop.com\/?post_type=product&#038;p=6181"},"modified":"2025-05-08T18:03:28","modified_gmt":"2025-05-08T16:03:28","slug":"hotte-lacanche","status":"publish","type":"product","link":"https:\/\/the-house-shop.com\/fr\/produkt\/lacanche-abzugshaube\/","title":{"rendered":"LACANCHE Hotte aspirante"},"content":{"rendered":"<p>Chaque cuisini\u00e8re LACANCHE est accompagn\u00e9e d'une hotte aspirante adapt\u00e9e. Il est recommand\u00e9 de commander une hotte de 20 cm de plus que la cuisini\u00e8re. Cela signifie que pour une cuisini\u00e8re de 100 cm de large, il est recommand\u00e9 d'acheter une hotte de 120 cm de large. Les hottes aspirantes peuvent \u00eatre command\u00e9es dans la m\u00eame couleur que la cuisini\u00e8re.<\/p>\n<p>Nous vendons des moteurs de ventilateurs de la soci\u00e9t\u00e9 belge NOVY qui vont avec les hottes. Ces produits sont de tr\u00e8s haute qualit\u00e9 et s'adaptent parfaitement \u00e0 l'aspect de la hotte. Il est \u00e9galement possible d'utiliser un autre moteur de ventilateur. Dans ce cas, les donn\u00e9es techniques du moteur doivent \u00eatre fournies afin que la d\u00e9coupe correspondante puisse \u00eatre effectu\u00e9e en usine.<\/p>\n<p>Lors de la commande, il est n\u00e9cessaire de savoir si la hotte fonctionne en \u00e9vacuation ou en recyclage. Il existe des filtres sans entretien pour les moteurs, de plus le chapeau de chemin\u00e9e (chapeau en acier chrom\u00e9 en haut) est perfor\u00e9 dans ce cas.<\/p>\n<p>&nbsp;<\/p>\n<p>&nbsp;<\/p>","protected":false},"excerpt":{"rendered":"<p>Zu jedem LACANCHE Kochherd gibt es auch eine passende Abzugshaube. Es wird empfohlen eine Abzugshaube zu bestellen die 20 cm breiter ist als der Kochherd. Das bedeutet, bei einem Kochherd von 100 cm Breite, wird eine Abzugshaube von 120 cm Breite empfohlen. Die Abzugshauben k\u00f6nnen in der selben Farbe wie der Kochherd bestellt werden. Passend [&hellip;]<\/p>\n","protected":false},"featured_media":6193,"menu_order":49,"template":"","meta":{"_acf_changed":false},"product_brand":[],"product_cat":[457],"product_tag":[],"class_list":{"0":"post-6181","1":"product","2":"type-product","3":"status-publish","4":"has-post-thumbnail","6":"product_cat-lacanche-abzugshauben","7":"product_shipping_class-4-monate","9":"first","10":"instock","11":"taxable","12":"shipping-taxable","13":"purchasable","14":"product-type-variable"},"acf":{"additional_info_image":"","additional_info_image_label":"","reduced_product":false},"_links":{"self":[{"href":"https:\/\/the-house-shop.com\/fr\/wp-json\/wp\/v2\/product\/6181","targetHints":{"allow":["GET"]}}],"collection":[{"href":"https:\/\/the-house-shop.com\/fr\/wp-json\/wp\/v2\/product"}],"about":[{"href":"https:\/\/the-house-shop.com\/fr\/wp-json\/wp\/v2\/types\/product"}],"wp:featuredmedia":[{"embeddable":true,"href":"https:\/\/the-house-shop.com\/fr\/wp-json\/wp\/v2\/media\/6193"}],"wp:attachment":[{"href":"https:\/\/the-house-shop.com\/fr\/wp-json\/wp\/v2\/media?parent=6181"}],"wp:term":[{"taxonomy":"product_brand","embeddable":true,"href":"https:\/\/the-house-shop.com\/fr\/wp-json\/wp\/v2\/product_brand?post=6181"},{"taxonomy":"product_cat","embeddable":true,"href":"https:\/\/the-house-shop.com\/fr\/wp-json\/wp\/v2\/product_cat?post=6181"},{"taxonomy":"product_tag","embeddable":true,"href":"https:\/\/the-house-shop.com\/fr\/wp-json\/wp\/v2\/product_tag?post=6181"}],"curies":[{"name":"wp","href":"https:\/\/api.w.org\/{rel}","templated":true}]}}