{"id":5850,"date":"2024-04-04T14:41:20","date_gmt":"2024-04-04T12:41:20","guid":{"rendered":"https:\/\/new.the-house-shop.com\/?post_type=product&#038;p=5850"},"modified":"2025-05-23T13:59:40","modified_gmt":"2025-05-23T11:59:40","slug":"plaque-de-lacanche-simmer","status":"publish","type":"product","link":"https:\/\/the-house-shop.com\/fr\/produkt\/lacanche-simmerplatte\/","title":{"rendered":"LACANCHE Plaque d'immersion"},"content":{"rendered":"<p>510 x 260 mm<\/p>\n<p>Cette plaque est plac\u00e9e sur l'une des deux grilles lat\u00e9rales. En r\u00e9glant diff\u00e9remment les deux br\u00fbleurs, il est possible de doser la chaleur de mani\u00e8re diff\u00e9renci\u00e9e afin de cuire les plats de mani\u00e8re particuli\u00e8rement douce ou de les maintenir au chaud.<\/p>","protected":false},"excerpt":{"rendered":"<p>510 x 260 mm Cette plaque est pos\u00e9e sur l'une des deux grilles lat\u00e9rales. En r\u00e9glant diff\u00e9remment les deux br\u00fbleurs, il est possible de doser la chaleur de mani\u00e8re diff\u00e9renci\u00e9e afin de cuire les plats de mani\u00e8re particuli\u00e8rement douce ou de les maintenir au chaud.<\/p>","protected":false},"featured_media":6678,"menu_order":57,"template":"","meta":{"_acf_changed":false},"product_brand":[],"product_cat":[164,349],"product_tag":[],"class_list":{"0":"post-5850","1":"product","2":"type-product","3":"status-publish","4":"has-post-thumbnail","6":"product_cat-lacanche","7":"product_cat-lacanche-zubehoer","8":"product_shipping_class-ab-lager","10":"first","11":"instock","12":"taxable","13":"shipping-taxable","14":"purchasable","15":"product-type-simple"},"acf":{"additional_info_image":"","additional_info_image_label":"","reduced_product":false},"_links":{"self":[{"href":"https:\/\/the-house-shop.com\/fr\/wp-json\/wp\/v2\/product\/5850","targetHints":{"allow":["GET"]}}],"collection":[{"href":"https:\/\/the-house-shop.com\/fr\/wp-json\/wp\/v2\/product"}],"about":[{"href":"https:\/\/the-house-shop.com\/fr\/wp-json\/wp\/v2\/types\/product"}],"wp:featuredmedia":[{"embeddable":true,"href":"https:\/\/the-house-shop.com\/fr\/wp-json\/wp\/v2\/media\/6678"}],"wp:attachment":[{"href":"https:\/\/the-house-shop.com\/fr\/wp-json\/wp\/v2\/media?parent=5850"}],"wp:term":[{"taxonomy":"product_brand","embeddable":true,"href":"https:\/\/the-house-shop.com\/fr\/wp-json\/wp\/v2\/product_brand?post=5850"},{"taxonomy":"product_cat","embeddable":true,"href":"https:\/\/the-house-shop.com\/fr\/wp-json\/wp\/v2\/product_cat?post=5850"},{"taxonomy":"product_tag","embeddable":true,"href":"https:\/\/the-house-shop.com\/fr\/wp-json\/wp\/v2\/product_tag?post=5850"}],"curies":[{"name":"wp","href":"https:\/\/api.w.org\/{rel}","templated":true}]}}