{"id":5837,"date":"2024-04-25T14:31:10","date_gmt":"2024-04-25T12:31:10","guid":{"rendered":"https:\/\/new.the-house-shop.com\/?post_type=product&#038;p=5837"},"modified":"2025-05-23T14:00:07","modified_gmt":"2025-05-23T12:00:07","slug":"lacanche-croix-de-reduction-grande","status":"publish","type":"product","link":"https:\/\/the-house-shop.com\/fr\/produkt\/lacanche-reduktionskreuz-gross\/","title":{"rendered":"LACANCHE Croix de r\u00e9duction grande"},"content":{"rendered":"<p>En acier \u00e9maill\u00e9.<\/p>\n<p>Id\u00e9al pour les petites casseroles. Elle est utilis\u00e9e avec le br\u00fbleur central \u00e0 gaz. Cette croix de r\u00e9duction peut \u00e9galement \u00eatre utilis\u00e9e avec la plaque de tradition.<br \/>\nPour le br\u00fbleur central de 5kW.<\/p>","protected":false},"excerpt":{"rendered":"<p>En acier \u00e9maill\u00e9. Id\u00e9al pour les petites po\u00eales. Elle est utilis\u00e9e avec le br\u00fbleur central \u00e0 gaz. Cette croix de r\u00e9duction peut \u00e9galement \u00eatre utilis\u00e9e avec la plaque traditionnelle. Pour le br\u00fbleur central de 5kW.<\/p>","protected":false},"featured_media":6670,"menu_order":52,"template":"","meta":{"_acf_changed":false},"product_brand":[],"product_cat":[164,349],"product_tag":[],"class_list":{"0":"post-5837","1":"product","2":"type-product","3":"status-publish","4":"has-post-thumbnail","6":"product_cat-lacanche","7":"product_cat-lacanche-zubehoer","8":"product_shipping_class-ab-lager","10":"first","11":"instock","12":"taxable","13":"shipping-taxable","14":"purchasable","15":"product-type-simple"},"acf":{"additional_info_image":"","additional_info_image_label":"","reduced_product":false},"_links":{"self":[{"href":"https:\/\/the-house-shop.com\/fr\/wp-json\/wp\/v2\/product\/5837","targetHints":{"allow":["GET"]}}],"collection":[{"href":"https:\/\/the-house-shop.com\/fr\/wp-json\/wp\/v2\/product"}],"about":[{"href":"https:\/\/the-house-shop.com\/fr\/wp-json\/wp\/v2\/types\/product"}],"wp:featuredmedia":[{"embeddable":true,"href":"https:\/\/the-house-shop.com\/fr\/wp-json\/wp\/v2\/media\/6670"}],"wp:attachment":[{"href":"https:\/\/the-house-shop.com\/fr\/wp-json\/wp\/v2\/media?parent=5837"}],"wp:term":[{"taxonomy":"product_brand","embeddable":true,"href":"https:\/\/the-house-shop.com\/fr\/wp-json\/wp\/v2\/product_brand?post=5837"},{"taxonomy":"product_cat","embeddable":true,"href":"https:\/\/the-house-shop.com\/fr\/wp-json\/wp\/v2\/product_cat?post=5837"},{"taxonomy":"product_tag","embeddable":true,"href":"https:\/\/the-house-shop.com\/fr\/wp-json\/wp\/v2\/product_tag?post=5837"}],"curies":[{"name":"wp","href":"https:\/\/api.w.org\/{rel}","templated":true}]}}