{"id":5833,"date":"2024-04-24T14:28:56","date_gmt":"2024-04-24T12:28:56","guid":{"rendered":"https:\/\/new.the-house-shop.com\/?post_type=product&#038;p=5833"},"modified":"2025-05-23T13:59:59","modified_gmt":"2025-05-23T11:59:59","slug":"lacanche-croix-de-reduction-petit","status":"publish","type":"product","link":"https:\/\/the-house-shop.com\/fr\/produkt\/lacanche-reduktionskreuz-klein\/","title":{"rendered":"LACANCHE Croix de r\u00e9duction petite"},"content":{"rendered":"<p>En acier \u00e9maill\u00e9.<\/p>\n<p>Id\u00e9al pour les petites po\u00eales, les cafeti\u00e8res italiennes, etc. S'utilise avec les br\u00fbleurs \u00e0 gaz de 3kW et 4kW.<\/p>","protected":false},"excerpt":{"rendered":"<p>En acier \u00e9maill\u00e9. Id\u00e9al pour les petites po\u00eales, les cafeti\u00e8res italiennes, etc. S'utilise avec les br\u00fbleurs \u00e0 gaz de 3kW et 4kW.<\/p>","protected":false},"featured_media":6668,"menu_order":51,"template":"","meta":{"_acf_changed":false},"product_brand":[],"product_cat":[349],"product_tag":[],"class_list":{"0":"post-5833","1":"product","2":"type-product","3":"status-publish","4":"has-post-thumbnail","6":"product_cat-lacanche-zubehoer","7":"product_shipping_class-ab-lager","9":"first","10":"instock","11":"taxable","12":"shipping-taxable","13":"purchasable","14":"product-type-simple"},"acf":{"additional_info_image":"","additional_info_image_label":"","reduced_product":false},"_links":{"self":[{"href":"https:\/\/the-house-shop.com\/fr\/wp-json\/wp\/v2\/product\/5833","targetHints":{"allow":["GET"]}}],"collection":[{"href":"https:\/\/the-house-shop.com\/fr\/wp-json\/wp\/v2\/product"}],"about":[{"href":"https:\/\/the-house-shop.com\/fr\/wp-json\/wp\/v2\/types\/product"}],"wp:featuredmedia":[{"embeddable":true,"href":"https:\/\/the-house-shop.com\/fr\/wp-json\/wp\/v2\/media\/6668"}],"wp:attachment":[{"href":"https:\/\/the-house-shop.com\/fr\/wp-json\/wp\/v2\/media?parent=5833"}],"wp:term":[{"taxonomy":"product_brand","embeddable":true,"href":"https:\/\/the-house-shop.com\/fr\/wp-json\/wp\/v2\/product_brand?post=5833"},{"taxonomy":"product_cat","embeddable":true,"href":"https:\/\/the-house-shop.com\/fr\/wp-json\/wp\/v2\/product_cat?post=5833"},{"taxonomy":"product_tag","embeddable":true,"href":"https:\/\/the-house-shop.com\/fr\/wp-json\/wp\/v2\/product_tag?post=5833"}],"curies":[{"name":"wp","href":"https:\/\/api.w.org\/{rel}","templated":true}]}}