{"id":5824,"date":"2024-04-21T12:30:15","date_gmt":"2024-04-21T10:30:15","guid":{"rendered":"https:\/\/new.the-house-shop.com\/?post_type=product&#038;p=5824"},"modified":"2025-05-23T13:59:28","modified_gmt":"2025-05-23T11:59:28","slug":"plaque-de-gril-lacanche-inox","status":"publish","type":"product","link":"https:\/\/the-house-shop.com\/fr\/produkt\/lacanche-inox-grillplatte\/","title":{"rendered":"LACANCHE Plaque de gril en inox"},"content":{"rendered":"<p>460 x 260 mm<\/p>\n<p>Cette grille en acier inoxydable est utilis\u00e9e \u00e0 la place de la grille \u00e9maill\u00e9e livr\u00e9e de s\u00e9rie avec le barbecue \u00e0 gaz aux pierres de lave LAG 010 CKG. Elle permet de griller directement au-dessus des pierres de lave.<\/p>","protected":false},"excerpt":{"rendered":"<p>460 x 260 mm Cette grille en acier inoxydable est utilis\u00e9e \u00e0 la place de la grille \u00e9maill\u00e9e livr\u00e9e de s\u00e9rie avec le barbecue \u00e0 gaz aux pierres de lave LAG 010 CKG. Elle permet de griller directement au-dessus des pierres de lave.<\/p>","protected":false},"featured_media":6665,"menu_order":58,"template":"","meta":{"_acf_changed":false},"product_brand":[],"product_cat":[164,349],"product_tag":[],"class_list":{"0":"post-5824","1":"product","2":"type-product","3":"status-publish","4":"has-post-thumbnail","6":"product_cat-lacanche","7":"product_cat-lacanche-zubehoer","8":"product_shipping_class-ab-lager","10":"first","11":"instock","12":"taxable","13":"shipping-taxable","14":"purchasable","15":"product-type-simple"},"acf":{"additional_info_image":"","additional_info_image_label":"","reduced_product":false},"_links":{"self":[{"href":"https:\/\/the-house-shop.com\/fr\/wp-json\/wp\/v2\/product\/5824","targetHints":{"allow":["GET"]}}],"collection":[{"href":"https:\/\/the-house-shop.com\/fr\/wp-json\/wp\/v2\/product"}],"about":[{"href":"https:\/\/the-house-shop.com\/fr\/wp-json\/wp\/v2\/types\/product"}],"wp:featuredmedia":[{"embeddable":true,"href":"https:\/\/the-house-shop.com\/fr\/wp-json\/wp\/v2\/media\/6665"}],"wp:attachment":[{"href":"https:\/\/the-house-shop.com\/fr\/wp-json\/wp\/v2\/media?parent=5824"}],"wp:term":[{"taxonomy":"product_brand","embeddable":true,"href":"https:\/\/the-house-shop.com\/fr\/wp-json\/wp\/v2\/product_brand?post=5824"},{"taxonomy":"product_cat","embeddable":true,"href":"https:\/\/the-house-shop.com\/fr\/wp-json\/wp\/v2\/product_cat?post=5824"},{"taxonomy":"product_tag","embeddable":true,"href":"https:\/\/the-house-shop.com\/fr\/wp-json\/wp\/v2\/product_tag?post=5824"}],"curies":[{"name":"wp","href":"https:\/\/api.w.org\/{rel}","templated":true}]}}