{"id":5817,"date":"2024-04-20T12:26:49","date_gmt":"2024-04-20T10:26:49","guid":{"rendered":"https:\/\/new.the-house-shop.com\/?post_type=product&#038;p=5817"},"modified":"2025-05-23T08:07:45","modified_gmt":"2025-05-23T06:07:45","slug":"couvercle-de-bruleur-lacanche","status":"publish","type":"product","link":"https:\/\/the-house-shop.com\/fr\/produkt\/lacanche-brennerabdeckung\/","title":{"rendered":"LACANCHE Couvre-br\u00fbleur"},"content":{"rendered":"<p>Couvre-br\u00fbleurs en acier \u00e9maill\u00e9.<\/p>\n<p>Ceux-ci sont plac\u00e9s sur les br\u00fbleurs en laiton afin de cacher leur d\u00e9coloration.<\/p>","protected":false},"excerpt":{"rendered":"<p>Couvre-br\u00fbleurs en acier \u00e9maill\u00e9. Ils sont plac\u00e9s sur les br\u00fbleurs en laiton pour cacher leur d\u00e9coloration.<\/p>","protected":false},"featured_media":6664,"menu_order":83,"template":"","meta":{"_acf_changed":false},"product_brand":[],"product_cat":[164,349],"product_tag":[],"class_list":{"0":"post-5817","1":"product","2":"type-product","3":"status-publish","4":"has-post-thumbnail","6":"product_cat-lacanche","7":"product_cat-lacanche-zubehoer","8":"product_shipping_class-ab-lager","10":"first","11":"instock","12":"taxable","13":"shipping-taxable","14":"purchasable","15":"product-type-variable"},"acf":{"additional_info_image":"","additional_info_image_label":"","reduced_product":false},"_links":{"self":[{"href":"https:\/\/the-house-shop.com\/fr\/wp-json\/wp\/v2\/product\/5817","targetHints":{"allow":["GET"]}}],"collection":[{"href":"https:\/\/the-house-shop.com\/fr\/wp-json\/wp\/v2\/product"}],"about":[{"href":"https:\/\/the-house-shop.com\/fr\/wp-json\/wp\/v2\/types\/product"}],"wp:featuredmedia":[{"embeddable":true,"href":"https:\/\/the-house-shop.com\/fr\/wp-json\/wp\/v2\/media\/6664"}],"wp:attachment":[{"href":"https:\/\/the-house-shop.com\/fr\/wp-json\/wp\/v2\/media?parent=5817"}],"wp:term":[{"taxonomy":"product_brand","embeddable":true,"href":"https:\/\/the-house-shop.com\/fr\/wp-json\/wp\/v2\/product_brand?post=5817"},{"taxonomy":"product_cat","embeddable":true,"href":"https:\/\/the-house-shop.com\/fr\/wp-json\/wp\/v2\/product_cat?post=5817"},{"taxonomy":"product_tag","embeddable":true,"href":"https:\/\/the-house-shop.com\/fr\/wp-json\/wp\/v2\/product_tag?post=5817"}],"curies":[{"name":"wp","href":"https:\/\/api.w.org\/{rel}","templated":true}]}}