{"id":5813,"date":"2024-04-16T12:22:54","date_gmt":"2024-04-16T10:22:54","guid":{"rendered":"https:\/\/new.the-house-shop.com\/?post_type=product&#038;p=5813"},"modified":"2025-05-23T08:07:12","modified_gmt":"2025-05-23T06:07:12","slug":"lacanche-plaque-de-gril-lisse","status":"publish","type":"product","link":"https:\/\/the-house-shop.com\/fr\/produkt\/lacanche-glatte-grillplatte\/","title":{"rendered":"LACANCHE Plaque de gril lisse"},"content":{"rendered":"<p>500 x 210 mm<\/p>\n<p>Cette plaque en fonte \u00e9maill\u00e9e est pos\u00e9e sur la grille \u00e0 l'aide de deux br\u00fbleurs puissants et convient parfaitement pour le poisson, les \u0153ufs et les brochettes de viande, entre autres. Le r\u00e9glage diff\u00e9rent des deux br\u00fbleurs permet d'\u00e9chelonner et de doser la chaleur sur la surface de travail g\u00e9n\u00e9reuse. Il est \u00e9quip\u00e9 d'un bac de r\u00e9cup\u00e9ration \u00e0 l'avant pour l'huile, le jus de viande, etc.<\/p>","protected":false},"excerpt":{"rendered":"<p>500 x 210 mm Diese Platte aus emailliertem Gusseisen wird \u00fcber zwei Starkbrenner auf den Rost gelegt und eignet sich ideal u.a. f\u00fcr Fisch, Eier und Fleischspiesse. Durch unter- schiedliche Einstellung der zwei Brenner kann die Hitze auf der grossz\u00fcgigen Arbeits- fl\u00e4che abgestuft und dosiert werden. Vorne hat es Auffangschale f\u00fcr Oel, Fleischsaft etc.<\/p>","protected":false},"featured_media":6659,"menu_order":55,"template":"","meta":{"_acf_changed":false},"product_brand":[],"product_cat":[164,349],"product_tag":[],"class_list":{"0":"post-5813","1":"product","2":"type-product","3":"status-publish","4":"has-post-thumbnail","6":"product_cat-lacanche","7":"product_cat-lacanche-zubehoer","8":"product_shipping_class-ab-lager","10":"first","11":"instock","12":"taxable","13":"shipping-taxable","14":"purchasable","15":"product-type-simple"},"acf":{"additional_info_image":"","additional_info_image_label":"","reduced_product":false},"_links":{"self":[{"href":"https:\/\/the-house-shop.com\/fr\/wp-json\/wp\/v2\/product\/5813","targetHints":{"allow":["GET"]}}],"collection":[{"href":"https:\/\/the-house-shop.com\/fr\/wp-json\/wp\/v2\/product"}],"about":[{"href":"https:\/\/the-house-shop.com\/fr\/wp-json\/wp\/v2\/types\/product"}],"wp:featuredmedia":[{"embeddable":true,"href":"https:\/\/the-house-shop.com\/fr\/wp-json\/wp\/v2\/media\/6659"}],"wp:attachment":[{"href":"https:\/\/the-house-shop.com\/fr\/wp-json\/wp\/v2\/media?parent=5813"}],"wp:term":[{"taxonomy":"product_brand","embeddable":true,"href":"https:\/\/the-house-shop.com\/fr\/wp-json\/wp\/v2\/product_brand?post=5813"},{"taxonomy":"product_cat","embeddable":true,"href":"https:\/\/the-house-shop.com\/fr\/wp-json\/wp\/v2\/product_cat?post=5813"},{"taxonomy":"product_tag","embeddable":true,"href":"https:\/\/the-house-shop.com\/fr\/wp-json\/wp\/v2\/product_tag?post=5813"}],"curies":[{"name":"wp","href":"https:\/\/api.w.org\/{rel}","templated":true}]}}