{"id":5810,"date":"2024-04-15T12:19:26","date_gmt":"2024-04-15T10:19:26","guid":{"rendered":"https:\/\/new.the-house-shop.com\/?post_type=product&#038;p=5810"},"modified":"2025-05-23T13:59:01","modified_gmt":"2025-05-23T11:59:01","slug":"plaque-de-gril-lacanche-en-fonte","status":"publish","type":"product","link":"https:\/\/the-house-shop.com\/fr\/produkt\/lacanche-grillplatte-aus-gusseisen\/","title":{"rendered":"LACANCHE Plaque de gril en fonte"},"content":{"rendered":"<p>510 x 260 mm<\/p>\n<p>Cette plaque est plac\u00e9e sur l'une des deux grilles lat\u00e9rales. Le r\u00e9glage diff\u00e9rent des deux br\u00fbleurs permet de doser la chaleur de mani\u00e8re diff\u00e9renci\u00e9e.<\/p>","protected":false},"excerpt":{"rendered":"<p>510 x 260 mm Diese Platte wird auf einen der beiden Seitenroste gelegt. Durch unterschiedliche Einstellung der zwei Brenner kann die Hitze differenziert dosiert werden.<\/p>","protected":false},"featured_media":6669,"menu_order":56,"template":"","meta":{"_acf_changed":false},"product_brand":[],"product_cat":[164,349],"product_tag":[],"class_list":{"0":"post-5810","1":"product","2":"type-product","3":"status-publish","4":"has-post-thumbnail","6":"product_cat-lacanche","7":"product_cat-lacanche-zubehoer","8":"product_shipping_class-ab-lager","10":"first","11":"instock","12":"taxable","13":"shipping-taxable","14":"purchasable","15":"product-type-simple"},"acf":{"additional_info_image":"","additional_info_image_label":"","reduced_product":false},"_links":{"self":[{"href":"https:\/\/the-house-shop.com\/fr\/wp-json\/wp\/v2\/product\/5810","targetHints":{"allow":["GET"]}}],"collection":[{"href":"https:\/\/the-house-shop.com\/fr\/wp-json\/wp\/v2\/product"}],"about":[{"href":"https:\/\/the-house-shop.com\/fr\/wp-json\/wp\/v2\/types\/product"}],"wp:featuredmedia":[{"embeddable":true,"href":"https:\/\/the-house-shop.com\/fr\/wp-json\/wp\/v2\/media\/6669"}],"wp:attachment":[{"href":"https:\/\/the-house-shop.com\/fr\/wp-json\/wp\/v2\/media?parent=5810"}],"wp:term":[{"taxonomy":"product_brand","embeddable":true,"href":"https:\/\/the-house-shop.com\/fr\/wp-json\/wp\/v2\/product_brand?post=5810"},{"taxonomy":"product_cat","embeddable":true,"href":"https:\/\/the-house-shop.com\/fr\/wp-json\/wp\/v2\/product_cat?post=5810"},{"taxonomy":"product_tag","embeddable":true,"href":"https:\/\/the-house-shop.com\/fr\/wp-json\/wp\/v2\/product_tag?post=5810"}],"curies":[{"name":"wp","href":"https:\/\/api.w.org\/{rel}","templated":true}]}}