{"id":5802,"date":"2024-04-09T12:05:46","date_gmt":"2024-04-09T10:05:46","guid":{"rendered":"https:\/\/new.the-house-shop.com\/?post_type=product&#038;p=5802"},"modified":"2025-05-21T18:00:11","modified_gmt":"2025-05-21T16:00:11","slug":"lacanche-inox-recipient-gastronomique-avec-couvercle-3","status":"publish","type":"product","link":"https:\/\/the-house-shop.com\/fr\/produkt\/lacanche-inox-gastronomiebehaelter-mit-deckel-2\/","title":{"rendered":"LACANCHE Inox Gastronomiebeh\u00e4lter mit Deckel 2\/3"},"content":{"rendered":"<p>Ceux-ci sont utilis\u00e9s comme r\u00e9cipients de bain-marie dans le steamer.<\/p>\n<p>Remarque : le steamer est livr\u00e9 avec un r\u00e9cipient perfor\u00e9 \u00e0 couvercle plat : BPGN 2\/3 325 x 354 mm.<\/p>","protected":false},"excerpt":{"rendered":"<p>Ceux-ci sont utilis\u00e9s comme r\u00e9cipients de bain-marie dans le steamer. Remarque : le steamer est livr\u00e9 avec un r\u00e9cipient perfor\u00e9 \u00e0 couvercle plat : BPGN 2\/3 325 x 354 mm.<\/p>","protected":false},"featured_media":6650,"menu_order":80,"template":"","meta":{"_acf_changed":false},"product_brand":[],"product_cat":[16],"product_tag":[],"class_list":{"0":"post-5802","1":"product","2":"type-product","3":"status-publish","4":"has-post-thumbnail","6":"product_cat-unkategorisiert","7":"product_shipping_class-ab-lager","9":"first","10":"instock","11":"taxable","12":"shipping-taxable","13":"purchasable","14":"product-type-simple"},"acf":{"additional_info_image":"","additional_info_image_label":"","reduced_product":false},"_links":{"self":[{"href":"https:\/\/the-house-shop.com\/fr\/wp-json\/wp\/v2\/product\/5802","targetHints":{"allow":["GET"]}}],"collection":[{"href":"https:\/\/the-house-shop.com\/fr\/wp-json\/wp\/v2\/product"}],"about":[{"href":"https:\/\/the-house-shop.com\/fr\/wp-json\/wp\/v2\/types\/product"}],"wp:featuredmedia":[{"embeddable":true,"href":"https:\/\/the-house-shop.com\/fr\/wp-json\/wp\/v2\/media\/6650"}],"wp:attachment":[{"href":"https:\/\/the-house-shop.com\/fr\/wp-json\/wp\/v2\/media?parent=5802"}],"wp:term":[{"taxonomy":"product_brand","embeddable":true,"href":"https:\/\/the-house-shop.com\/fr\/wp-json\/wp\/v2\/product_brand?post=5802"},{"taxonomy":"product_cat","embeddable":true,"href":"https:\/\/the-house-shop.com\/fr\/wp-json\/wp\/v2\/product_cat?post=5802"},{"taxonomy":"product_tag","embeddable":true,"href":"https:\/\/the-house-shop.com\/fr\/wp-json\/wp\/v2\/product_tag?post=5802"}],"curies":[{"name":"wp","href":"https:\/\/api.w.org\/{rel}","templated":true}]}}