{"id":5428,"date":"2024-03-03T12:58:38","date_gmt":"2024-03-03T10:58:38","guid":{"rendered":"https:\/\/new.the-house-shop.com\/?post_type=product&#038;p=5428"},"modified":"2025-05-23T14:00:15","modified_gmt":"2025-05-23T12:00:15","slug":"lacanche-wok","status":"publish","type":"product","link":"https:\/\/the-house-shop.com\/fr\/produkt\/lacanche-wok-aufsatz\/","title":{"rendered":"LACANCHE Wok \u00e0 poser"},"content":{"rendered":"<div class=\"page\" title=\"Page 1\">\n<div class=\"layoutArea\">\n<div class=\"column\">\n<p>Ce wok en fonte \u00e9maill\u00e9e se pose sur le grand br\u00fbleur central de 5 kW.<\/p>\n<\/div>\n<\/div>\n<\/div>","protected":false},"excerpt":{"rendered":"<p>Wok en fonte \u00e9maill\u00e9e<\/p>","protected":false},"featured_media":6674,"menu_order":53,"template":"","meta":{"_acf_changed":false},"product_brand":[],"product_cat":[164,349],"product_tag":[],"class_list":{"0":"post-5428","1":"product","2":"type-product","3":"status-publish","4":"has-post-thumbnail","6":"product_cat-lacanche","7":"product_cat-lacanche-zubehoer","8":"product_shipping_class-ab-lager","10":"first","11":"instock","12":"taxable","13":"shipping-taxable","14":"purchasable","15":"product-type-simple"},"acf":{"additional_info_image":"","additional_info_image_label":"","reduced_product":false},"_links":{"self":[{"href":"https:\/\/the-house-shop.com\/fr\/wp-json\/wp\/v2\/product\/5428","targetHints":{"allow":["GET"]}}],"collection":[{"href":"https:\/\/the-house-shop.com\/fr\/wp-json\/wp\/v2\/product"}],"about":[{"href":"https:\/\/the-house-shop.com\/fr\/wp-json\/wp\/v2\/types\/product"}],"wp:featuredmedia":[{"embeddable":true,"href":"https:\/\/the-house-shop.com\/fr\/wp-json\/wp\/v2\/media\/6674"}],"wp:attachment":[{"href":"https:\/\/the-house-shop.com\/fr\/wp-json\/wp\/v2\/media?parent=5428"}],"wp:term":[{"taxonomy":"product_brand","embeddable":true,"href":"https:\/\/the-house-shop.com\/fr\/wp-json\/wp\/v2\/product_brand?post=5428"},{"taxonomy":"product_cat","embeddable":true,"href":"https:\/\/the-house-shop.com\/fr\/wp-json\/wp\/v2\/product_cat?post=5428"},{"taxonomy":"product_tag","embeddable":true,"href":"https:\/\/the-house-shop.com\/fr\/wp-json\/wp\/v2\/product_tag?post=5428"}],"curies":[{"name":"wp","href":"https:\/\/api.w.org\/{rel}","templated":true}]}}