{"id":4441,"date":"2022-03-23T12:27:08","date_gmt":"2022-03-23T11:27:08","guid":{"rendered":"https:\/\/the-house-shop.com\/?post_type=product&#038;p=4441"},"modified":"2025-05-13T13:27:44","modified_gmt":"2025-05-13T11:27:44","slug":"london-robinet-de-cuisine-monotrou-douchette-extractible","status":"publish","type":"product","link":"https:\/\/the-house-shop.com\/fr\/produkt\/london-kuechenarmatur-einloch-auszugsbrause\/","title":{"rendered":"LONDON Robinet de cuisine avec douchette extractible"},"content":{"rendered":"<p>M\u00e9langeur de cuisine massif avec bec pivotant. Pour actionner la douchette extractible, il suffit de laisser couler l'eau et d'appuyer sur le bouton de la douchette. Lorsque l'on rel\u00e2che, l'eau s'\u00e9coule \u00e0 nouveau par le bec. Une soupape de s\u00e9curit\u00e9 emp\u00eache la douchette extractible d'\u00eatre constamment sous pression.<\/p>\n<p>Fabriqu\u00e9 en Angleterre.<\/p>","protected":false},"excerpt":{"rendered":"<p>Massive Ku\u0308chenarmatur mit schwenkbarem Auslauf. Um die Auszugsbrause zu bet\u00e4tigen, l\u00e4sst man Wasser laufen und dru\u0308ckt auf den Knopf an der Brause. Wenn man losl\u00e4sst, l\u00e4uft das Wasser wieder aus dem Auslauf. Ein Sicherheitsventil verhindert, dass die Auszugsbrause st\u00e4ndig unter Druck stehen kann. Hergestellt in England.<\/p>","protected":false},"featured_media":4438,"menu_order":89,"template":"","meta":{"_acf_changed":false},"product_brand":[],"product_cat":[43],"product_tag":[],"class_list":{"0":"post-4441","1":"product","2":"type-product","3":"status-publish","4":"has-post-thumbnail","6":"product_cat-armaturen","7":"product_shipping_class-chrom-ab-lager-andere-oberflaechen-auf-anfrage","9":"first","10":"instock","11":"taxable","12":"shipping-taxable","13":"purchasable","14":"product-type-variable"},"acf":{"additional_info_image":"","additional_info_image_label":"","reduced_product":false},"_links":{"self":[{"href":"https:\/\/the-house-shop.com\/fr\/wp-json\/wp\/v2\/product\/4441","targetHints":{"allow":["GET"]}}],"collection":[{"href":"https:\/\/the-house-shop.com\/fr\/wp-json\/wp\/v2\/product"}],"about":[{"href":"https:\/\/the-house-shop.com\/fr\/wp-json\/wp\/v2\/types\/product"}],"wp:featuredmedia":[{"embeddable":true,"href":"https:\/\/the-house-shop.com\/fr\/wp-json\/wp\/v2\/media\/4438"}],"wp:attachment":[{"href":"https:\/\/the-house-shop.com\/fr\/wp-json\/wp\/v2\/media?parent=4441"}],"wp:term":[{"taxonomy":"product_brand","embeddable":true,"href":"https:\/\/the-house-shop.com\/fr\/wp-json\/wp\/v2\/product_brand?post=4441"},{"taxonomy":"product_cat","embeddable":true,"href":"https:\/\/the-house-shop.com\/fr\/wp-json\/wp\/v2\/product_cat?post=4441"},{"taxonomy":"product_tag","embeddable":true,"href":"https:\/\/the-house-shop.com\/fr\/wp-json\/wp\/v2\/product_tag?post=4441"}],"curies":[{"name":"wp","href":"https:\/\/api.w.org\/{rel}","templated":true}]}}