{"id":4304,"date":"2022-03-18T17:38:33","date_gmt":"2022-03-18T16:38:33","guid":{"rendered":"https:\/\/the-house-shop.com\/?post_type=product&#038;p=4304"},"modified":"2025-05-13T13:27:49","modified_gmt":"2025-05-13T11:27:49","slug":"rockwell-robinet-de-cuisine-2","status":"publish","type":"product","link":"https:\/\/the-house-shop.com\/fr\/produkt\/rockwell-kuechenarmatur-2\/","title":{"rendered":"ROCKWELL Robinet de cuisine"},"content":{"rendered":"<p>Les robinets sont disponibles avec des poign\u00e9es en m\u00e9tal ou en c\u00e9ramique. De plus, nous proposons \u00e9galement les poign\u00e9es s\u00e9par\u00e9ment, ce qui vous permet de les changer ult\u00e9rieurement. Il est compr\u00e9hensible qu'elles ne soient compatibles qu'avec la s\u00e9rie ROCKWELL.<\/p>","protected":false},"excerpt":{"rendered":"<p>Les robinets sont disponibles avec des poign\u00e9es en m\u00e9tal ou en c\u00e9ramique. De plus, nous proposons \u00e9galement les poign\u00e9es s\u00e9par\u00e9ment, ce qui vous permet de les changer ult\u00e9rieurement. Il est compr\u00e9hensible qu'elles ne soient compatibles qu'avec la s\u00e9rie ROCKWELL.<\/p>","protected":false},"featured_media":4321,"menu_order":87,"template":"","meta":{"_acf_changed":false},"product_brand":[],"product_cat":[43],"product_tag":[],"class_list":{"0":"post-4304","1":"product","2":"type-product","3":"status-publish","4":"has-post-thumbnail","6":"product_cat-armaturen","8":"first","9":"instock","10":"taxable","11":"shipping-taxable","12":"product-type-grouped"},"acf":{"additional_info_image":"","additional_info_image_label":"","reduced_product":false},"_links":{"self":[{"href":"https:\/\/the-house-shop.com\/fr\/wp-json\/wp\/v2\/product\/4304","targetHints":{"allow":["GET"]}}],"collection":[{"href":"https:\/\/the-house-shop.com\/fr\/wp-json\/wp\/v2\/product"}],"about":[{"href":"https:\/\/the-house-shop.com\/fr\/wp-json\/wp\/v2\/types\/product"}],"wp:featuredmedia":[{"embeddable":true,"href":"https:\/\/the-house-shop.com\/fr\/wp-json\/wp\/v2\/media\/4321"}],"wp:attachment":[{"href":"https:\/\/the-house-shop.com\/fr\/wp-json\/wp\/v2\/media?parent=4304"}],"wp:term":[{"taxonomy":"product_brand","embeddable":true,"href":"https:\/\/the-house-shop.com\/fr\/wp-json\/wp\/v2\/product_brand?post=4304"},{"taxonomy":"product_cat","embeddable":true,"href":"https:\/\/the-house-shop.com\/fr\/wp-json\/wp\/v2\/product_cat?post=4304"},{"taxonomy":"product_tag","embeddable":true,"href":"https:\/\/the-house-shop.com\/fr\/wp-json\/wp\/v2\/product_tag?post=4304"}],"curies":[{"name":"wp","href":"https:\/\/api.w.org\/{rel}","templated":true}]}}