{"id":3239,"date":"2022-03-08T15:50:48","date_gmt":"2022-03-08T14:50:48","guid":{"rendered":"https:\/\/the-house-shop.com\/?post_type=product&#038;p=3239"},"modified":"2025-05-23T17:42:55","modified_gmt":"2025-05-23T15:42:55","slug":"belfast-evier-de-cuisine-74008","status":"publish","type":"product","link":"https:\/\/the-house-shop.com\/fr\/produkt\/belfast-kuechenbecken-74008\/","title":{"rendered":"BELFAST \u00c9vier de cuisine 46 x 38 cm FIN DE SERIE"},"content":{"rendered":"<p>Cuves traditionnelles en fa\u00efence dure. Fabriqu\u00e9es \u00e0 la main en Angleterre d'apr\u00e8s des formes originales.<\/p>\n<p>Disponible jusqu'\u00e0 \u00e9puisement du stock.<\/p>","protected":false},"excerpt":{"rendered":"<p>Traditionelle Becken aus Hartsteingut. Von Hand gefertigt in England nach originalen Formen. Nur solange Vorrat erh\u00e4ltlich.<\/p>","protected":false},"featured_media":2550,"menu_order":93,"template":"","meta":{"_acf_changed":false},"product_brand":[],"product_cat":[165,179],"product_tag":[],"class_list":{"0":"post-3239","1":"product","2":"type-product","3":"status-publish","4":"has-post-thumbnail","6":"product_cat-kuechenbecken","7":"product_cat-belfast","8":"product_shipping_class-ab-lager","10":"first","11":"instock","12":"taxable","13":"shipping-taxable","14":"product-type-grouped"},"acf":{"additional_info_image":"","additional_info_image_label":"","reduced_product":false},"_links":{"self":[{"href":"https:\/\/the-house-shop.com\/fr\/wp-json\/wp\/v2\/product\/3239","targetHints":{"allow":["GET"]}}],"collection":[{"href":"https:\/\/the-house-shop.com\/fr\/wp-json\/wp\/v2\/product"}],"about":[{"href":"https:\/\/the-house-shop.com\/fr\/wp-json\/wp\/v2\/types\/product"}],"wp:featuredmedia":[{"embeddable":true,"href":"https:\/\/the-house-shop.com\/fr\/wp-json\/wp\/v2\/media\/2550"}],"wp:attachment":[{"href":"https:\/\/the-house-shop.com\/fr\/wp-json\/wp\/v2\/media?parent=3239"}],"wp:term":[{"taxonomy":"product_brand","embeddable":true,"href":"https:\/\/the-house-shop.com\/fr\/wp-json\/wp\/v2\/product_brand?post=3239"},{"taxonomy":"product_cat","embeddable":true,"href":"https:\/\/the-house-shop.com\/fr\/wp-json\/wp\/v2\/product_cat?post=3239"},{"taxonomy":"product_tag","embeddable":true,"href":"https:\/\/the-house-shop.com\/fr\/wp-json\/wp\/v2\/product_tag?post=3239"}],"curies":[{"name":"wp","href":"https:\/\/api.w.org\/{rel}","templated":true}]}}