{"id":2930,"date":"2022-03-04T16:15:21","date_gmt":"2022-03-04T15:15:21","guid":{"rendered":"https:\/\/new.the-house-shop.com\/?post_type=product&#038;p=2930"},"modified":"2026-03-31T11:58:32","modified_gmt":"2026-03-31T09:58:32","slug":"lacanche-150-cm-fontenay","status":"publish","type":"product","link":"https:\/\/the-house-shop.com\/fr\/produkt\/lacanche-150-cm-fontenay\/","title":{"rendered":"LACANCHE 150 cm Fontenay"},"content":{"rendered":"<p>Chaque cuisini\u00e8re LACANCHE est unique et est fabriqu\u00e9e exactement selon vos besoins individuels. Les fa\u00e7ades sont traditionnellement recouvertes d'un \u00e9mail de haute qualit\u00e9. Il est possible de choisir entre 24 teintes diff\u00e9rentes. Avec plus de 20 mod\u00e8les diff\u00e9rents et une hauteur au choix, il existe une solution sur mesure pour chaque situation.<\/p>\n<p>Le Fontenay 150 cm peut \u00eatre \u00e9quip\u00e9 au choix d'une plaque de cuisson \u00e0 induction, en vitroc\u00e9ramique ou \u00e0 gaz traditionnelle. Nous nous ferons un plaisir de vous conseiller sur les nombreuses possibilit\u00e9s dans notre exposition de la Pfalzgasse 2, dans la vieille ville de Zurich.<\/p>\n<p>L'histoire de la manufacture LACANCHE, situ\u00e9e dans le village du m\u00eame nom, remonte au 18e si\u00e8cle. Les modestes cuisini\u00e8res \u00e0 bois d'autrefois ont \u00e9volu\u00e9 au fil des ans pour devenir des appareils de pr\u00e9cision ultramodernes. Le charme et les formes classiques sont toutefois rest\u00e9s. Les mat\u00e9riaux de qualit\u00e9 sup\u00e9rieure allient technique et design. Le site de production se trouve toujours dans les halles d'usine d'origine, o\u00f9 les cuisini\u00e8res LACANCHE sont en grande partie fabriqu\u00e9es \u00e0 la main.<\/p>\n<p>(hauteur sp\u00e9ciale possible)<\/p>","protected":false},"excerpt":{"rendered":"<p>Jeder LACANCHE Kochherd ist ein Unikat und wird genau auf Ihre individuellen Bed\u00fcrfnisse gefertigt.\u00a0Die Fronten werden traditionellerweise mit hochwertigem Email beschichtet. Es kann zwischen 24 verschiedenen Farbt\u00f6nen gew\u00e4hlt werden. Mit \u00fcber 20 verschiedenen Modellen und w\u00e4hlbarer H\u00f6he gibt es f\u00fcr jede Situation eine massgeschneiderte L\u00f6sung. Der 150 cm Fontenay kann wahlweise mit Induktion-, Ceran-, oder [&hellip;]<\/p>\n","protected":false},"featured_media":5732,"menu_order":44,"template":"","meta":{"_acf_changed":false},"product_brand":[],"product_cat":[164,455],"product_tag":[],"class_list":{"0":"post-2930","1":"product","2":"type-product","3":"status-publish","4":"has-post-thumbnail","6":"product_cat-lacanche","7":"product_cat-lacanche-herde","8":"product_shipping_class-4-5-monate","10":"first","11":"instock","12":"taxable","13":"shipping-taxable","14":"purchasable","15":"product-type-variable"},"acf":{"additional_info_image":3995,"additional_info_image_label":"Kochfelder","reduced_product":true},"_links":{"self":[{"href":"https:\/\/the-house-shop.com\/fr\/wp-json\/wp\/v2\/product\/2930","targetHints":{"allow":["GET"]}}],"collection":[{"href":"https:\/\/the-house-shop.com\/fr\/wp-json\/wp\/v2\/product"}],"about":[{"href":"https:\/\/the-house-shop.com\/fr\/wp-json\/wp\/v2\/types\/product"}],"wp:featuredmedia":[{"embeddable":true,"href":"https:\/\/the-house-shop.com\/fr\/wp-json\/wp\/v2\/media\/5732"}],"wp:attachment":[{"href":"https:\/\/the-house-shop.com\/fr\/wp-json\/wp\/v2\/media?parent=2930"}],"wp:term":[{"taxonomy":"product_brand","embeddable":true,"href":"https:\/\/the-house-shop.com\/fr\/wp-json\/wp\/v2\/product_brand?post=2930"},{"taxonomy":"product_cat","embeddable":true,"href":"https:\/\/the-house-shop.com\/fr\/wp-json\/wp\/v2\/product_cat?post=2930"},{"taxonomy":"product_tag","embeddable":true,"href":"https:\/\/the-house-shop.com\/fr\/wp-json\/wp\/v2\/product_tag?post=2930"}],"curies":[{"name":"wp","href":"https:\/\/api.w.org\/{rel}","templated":true}]}}