{"id":2385,"date":"2021-11-08T18:57:29","date_gmt":"2021-11-08T17:57:29","guid":{"rendered":"https:\/\/new.the-house-shop.com\/?post_type=product&#038;p=2385"},"modified":"2026-03-31T11:39:45","modified_gmt":"2026-03-31T09:39:45","slug":"cormatin-700","status":"publish","type":"product","link":"https:\/\/the-house-shop.com\/fr\/produkt\/cormatin-700\/","title":{"rendered":"LACANCHE 70 cm Cormatin"},"content":{"rendered":"<p>Der 70 cm breite Cormatin ist wahlweise mit Induktions- oder Gaskochfeld erh\u00e4ltlich, auf Anfrage auch mit Glaskeramik-Kochfeld. LACANCHE bietet zwei Backofengr\u00f6ssen. Der Cormatin verf\u00fcgt \u00fcber das gr\u00f6ssere Modell. Dieses Modell ist in unserem Showroom ausgestellt.<\/p>\n<p>Die Geschichte der Manufaktur LACANCHE im gleichnamigen Dorf findet ihren Ursprung im 18. Jh. Die einst bescheidenen Holzofen-Kochherde haben sich \u00fcber die Jahre zu hochmodernen Pr\u00e4zisionsger\u00e4ten entwickelt. Der Charme und die klassischen Formen sind jedoch geblieben. Hochwertige Materialien verbinden Technik und Design. Die Produktionsst\u00e4tte befindet sich nach wie vor in den urspr\u00fcnglichen Fabrikhallen wo die Herde von Hand montiert werden. LACANCHE fabriziert alle Komponenten der Kochherde selbst, mit Ausnahme der Induktionsmodulen.<\/p>\n<p>Jeder Kochherd wird auf Bestellung individuell gefertigt. Die Fronten werden in einem traditionellen Verfahren mit Email - in 24 w\u00e4hlbaren Farbt\u00f6nen - feuerbeschichtet.\u00a0 Die Ger\u00e4teh\u00f6he kann auf Mass (90 - 97.5 cm) bestellt werden. Bei gr\u00f6sseren Modellen ab 110 cm Breite l\u00e4sst sich das Kochfeld mit den <a href=\"https:\/\/the-house-shop.com\/fr\/lacanche-langues-de-cuisson\/\">Kochfeld-Optionen<\/a> erg\u00e4nzen. Mit LACANCHE finden Sie f\u00fcr jede Situation eine massgeschneiderte L\u00f6sung.<\/p>\n<h5>Preise und Bestellung<\/h5>\n<p>Die angegeben Richtpreise beziehen sich auf die Basiskonfiguration mit entsprechendem Kochfeld. Die Standardausf\u00fchrung ist Schwarz\/Messing poliert. Alle anderen Farbt\u00f6ne und Oberfl\u00e4chen der Bedienungselementen sowie Backofen-Konfigurationen werden individuell berechnet.<\/p>\n<p><span class=\"_fadeIn_4f9by_7\">Bitte kontaktieren Sie uns f\u00fcr eine detaillierte Offerte mit verbindlichen Preisen und Transportkosten<\/span><span class=\"_fadeIn_4f9by_7\">. <\/span><span class=\"_fadeIn_4f9by_7\">Die Bestellung erfolgt ausschliesslich \u00fcber den ausf\u00fchrenden K\u00fcchenbauer oder Installateur.<\/span><\/p>\n<h5>SVGW, Planungsunterlagen<\/h5>\n<p class=\"p1\">Wir lassen alle LACANCHE Ger\u00e4te f\u00fcr den Schweizer Markt und dessen Anforderungen spezifisch herstellen.\u00a0Unsere Ger\u00e4te sind von der (Schweizerischen) SVGW gepr\u00fcft.<\/p>\n<p>Die Zertifikate und Planungsunterlagen f\u00fcr den Brandschutz werden mit der Auftragsbest\u00e4tigung zur Verf\u00fcgung gestellt. DWG-Zeichnungen sind auf Anfrage erh\u00e4ltlich.<\/p>\n<p>&nbsp;<\/p>\n<p>&nbsp;<\/p>","protected":false},"excerpt":{"rendered":"<p>Der 70 cm breite Cormatin ist wahlweise mit Induktions- oder Gaskochfeld erh\u00e4ltlich, auf Anfrage auch mit Glaskeramik-Kochfeld. LACANCHE bietet zwei Backofengr\u00f6ssen. Der Cormatin verf\u00fcgt \u00fcber das gr\u00f6ssere Modell. Dieses Modell ist in unserem Showroom ausgestellt. Die Geschichte der Manufaktur LACANCHE im gleichnamigen Dorf findet ihren Ursprung im 18. Jh. Die einst bescheidenen Holzofen-Kochherde haben sich [&hellip;]<\/p>\n","protected":false},"featured_media":2634,"menu_order":30,"template":"","meta":{"_acf_changed":false},"product_brand":[],"product_cat":[164,455],"product_tag":[],"class_list":{"0":"post-2385","1":"product","2":"type-product","3":"status-publish","4":"has-post-thumbnail","6":"product_cat-lacanche","7":"product_cat-lacanche-herde","8":"product_shipping_class-3-4-monate","10":"first","11":"instock","12":"taxable","13":"shipping-taxable","14":"purchasable","15":"product-type-variable"},"acf":{"additional_info_image":3995,"additional_info_image_label":"Kochfelder","reduced_product":true},"_links":{"self":[{"href":"https:\/\/the-house-shop.com\/fr\/wp-json\/wp\/v2\/product\/2385","targetHints":{"allow":["GET"]}}],"collection":[{"href":"https:\/\/the-house-shop.com\/fr\/wp-json\/wp\/v2\/product"}],"about":[{"href":"https:\/\/the-house-shop.com\/fr\/wp-json\/wp\/v2\/types\/product"}],"wp:featuredmedia":[{"embeddable":true,"href":"https:\/\/the-house-shop.com\/fr\/wp-json\/wp\/v2\/media\/2634"}],"wp:attachment":[{"href":"https:\/\/the-house-shop.com\/fr\/wp-json\/wp\/v2\/media?parent=2385"}],"wp:term":[{"taxonomy":"product_brand","embeddable":true,"href":"https:\/\/the-house-shop.com\/fr\/wp-json\/wp\/v2\/product_brand?post=2385"},{"taxonomy":"product_cat","embeddable":true,"href":"https:\/\/the-house-shop.com\/fr\/wp-json\/wp\/v2\/product_cat?post=2385"},{"taxonomy":"product_tag","embeddable":true,"href":"https:\/\/the-house-shop.com\/fr\/wp-json\/wp\/v2\/product_tag?post=2385"}],"curies":[{"name":"wp","href":"https:\/\/api.w.org\/{rel}","templated":true}]}}