{"id":86,"date":"2020-10-06T08:52:01","date_gmt":"2020-10-06T08:52:01","guid":{"rendered":"https:\/\/api.the-bath-shop.com\/?page_id=3"},"modified":"2024-07-10T11:40:28","modified_gmt":"2024-07-10T09:40:28","slug":"mentions-legales-conditions-generales","status":"publish","type":"page","link":"https:\/\/the-house-shop.com\/fr\/impressum-agb\/","title":{"rendered":"Mentions l\u00e9gales &amp; conditions g\u00e9n\u00e9rales"},"content":{"rendered":"<h2 class=\"wp-block-heading\">Mentions l\u00e9gales<\/h2>\n\n\n\n<h4 class=\"wp-block-heading\">Responsable<\/h4>\n\n\n\n<p>THE BATH SHOP AG<br>22, rue Strehl<br>CH-8001 Zurich&nbsp;<\/p>\n\n\n\n<p>Handelsregister-Nr.: CH-020.3.007.552-2<\/p>\n\n\n\n<p>Lieu de juridiction : Zurich<\/p>\n\n\n\n<h4 class=\"wp-block-heading\">Contact<\/h4>\n\n\n\n<p>Courrier \u00e9lectronique : info@the-house-shop.com<br>Internet : the-house-shop.com <\/p>\n\n\n\n<h4 class=\"wp-block-heading\">D\u00e9veloppement et conception de sites web<\/h4>\n\n\n\n<p><a href=\"https:\/\/utill.ch\/\" target=\"_blank\" rel=\"noreferrer noopener\">utill.ch<\/a><\/p>\n\n\n\n<h2 class=\"wp-block-heading\">Conditions g\u00e9n\u00e9rales de vente <\/h2>\n\n\n\n<p><strong>Prix<\/strong><br>Tous les prix sont sans engagement. Nos offres sont valables 30 jours \u00e0 compter de la date d'\u00e9mission.<br><br><strong>R\u00e9serve de propri\u00e9t\u00e9<\/strong><br>La marchandise livr\u00e9e reste la propri\u00e9t\u00e9 de THE BATH SHOP AG jusqu'\u00e0 son paiement int\u00e9gral.<br><br><strong>Livraison<\/strong><br>La livraison se fait par camion ou par colis postal au domicile, sur le chantier ou \u00e0 la station de la vall\u00e9e. THE<br>BATH SHOP AG facture \u00e0 l'acheteur une participation aux frais de transport. Nous nous effor\u00e7ons de<br>le respect des d\u00e9lais de livraison ; toutefois, les d\u00e9lais de livraison sont indiqu\u00e9s \u00e0 titre indicatif. Tout<br>Les demandes de dommages et int\u00e9r\u00eats pour non-respect des d\u00e9lais de livraison sont exclues. Si aucun<br>Si une date de livraison a \u00e9t\u00e9 convenue, nous livrons la commande d\u00e8s qu'elle est compl\u00e8te. Si la<br>Si la livraison est retard\u00e9e de votre fait, nous nous r\u00e9servons le droit de facturer la commande \u00e0 la date confirm\u00e9e.<br>de poser des questions.<br><br><strong>Retours de marchandises<\/strong><br>Une d\u00e9duction est effectu\u00e9e sur les notes de cr\u00e9dit pour les retours de marchandises, en fonction des frais occasionn\u00e9s.<br>mais au minimum 10%. La reprise d'appareils est subordonn\u00e9e \u00e0 l'accord \u00e9crit pr\u00e9alable de l'autorit\u00e9 comp\u00e9tente.<br>accord de notre part. Les marchandises qui ont \u00e9t\u00e9 livr\u00e9es il y a plus de trois mois ne peuvent \u00eatre<br>ne sont plus repris. Il en va de m\u00eame pour les articles endommag\u00e9s ou usag\u00e9s ainsi que pour les<br>les fabrications sp\u00e9ciales. Seuls les articles figurant dans notre catalogue actuel peuvent \u00eatre repris.<br>programme de stock. Les marchandises doivent \u00eatre envoy\u00e9es dans leur emballage d'origine intact, en port pay\u00e9, \u00e0<br>nous \u00eatre livr\u00e9s.<br><br><strong>Garantie<\/strong><br>Nous accordons une garantie de 24 mois sur tous nos produits (12 mois pour les surfaces m\u00e9talliques) \u00e0 partir de la date d'achat.<br>date de livraison, sous r\u00e9serve d'une manipulation et d'une installation correctes par un technicien qualifi\u00e9.<br>sp\u00e9cialiste en la mati\u00e8re. Cette garantie se limite \u00e0 la remise en \u00e9tat ou au remplacement gratuit des pi\u00e8ces,<br>reconnus d\u00e9fectueux par nous, et exclut toute autre garantie, en particulier<br>responsabilit\u00e9 des frais de montage ou de d\u00e9montage ainsi que des dommages mat\u00e9riels, corporels et commerciaux<br>dommages.<br><br>Sous r\u00e9serve de modifications de mod\u00e8les, de prix et d'erreurs<br>Les indications de dimensions s'entendent sous r\u00e9serve des tol\u00e9rances d'usine et de modifications ult\u00e9rieures.<br>les modifications. La responsabilit\u00e9 pour les cons\u00e9quences d'indications de mesures erron\u00e9es ou incompl\u00e8tes est exclue.<br>(art. 100 CO).<\/p>","protected":false},"excerpt":{"rendered":"<p>Impressum Verantwortlich THE BATH SHOP AGStrehlgasse 22CH-8001 Z\u00fcrich&nbsp; Handelsregister-Nr.:&nbsp;CH-020.3.007.552-2 Gerichtsstand: Z\u00fcrich Kontakt E-Mail: info@the-house-shop.comInternet: the-house-shop.com Website Entwicklung und Gestaltung utill.ch Allgemeine Gesch\u00e4ftsbedingungen PreiseAlle Preise sind freibleibend. Unsere Offerten sind 30 Tage ab Ausstellungsdatum g\u00fcltig. EigentumsvorbehaltDie gelieferte Ware bleibt bis zur vollst\u00e4ndigen Bezahlung Eigentum von THE BATH SHOP AG. LieferungDie Lieferung erfolgt per LKW oder Postpaket [&hellip;]<\/p>\n","protected":false},"author":2,"featured_media":0,"parent":0,"menu_order":0,"comment_status":"closed","ping_status":"closed","template":"","meta":{"_acf_changed":false,"footnotes":""},"class_list":["post-86","page","type-page","status-publish","hentry"],"acf":[],"_links":{"self":[{"href":"https:\/\/the-house-shop.com\/fr\/wp-json\/wp\/v2\/pages\/86","targetHints":{"allow":["GET"]}}],"collection":[{"href":"https:\/\/the-house-shop.com\/fr\/wp-json\/wp\/v2\/pages"}],"about":[{"href":"https:\/\/the-house-shop.com\/fr\/wp-json\/wp\/v2\/types\/page"}],"author":[{"embeddable":true,"href":"https:\/\/the-house-shop.com\/fr\/wp-json\/wp\/v2\/users\/2"}],"replies":[{"embeddable":true,"href":"https:\/\/the-house-shop.com\/fr\/wp-json\/wp\/v2\/comments?post=86"}],"version-history":[{"count":3,"href":"https:\/\/the-house-shop.com\/fr\/wp-json\/wp\/v2\/pages\/86\/revisions"}],"predecessor-version":[{"id":6239,"href":"https:\/\/the-house-shop.com\/fr\/wp-json\/wp\/v2\/pages\/86\/revisions\/6239"}],"wp:attachment":[{"href":"https:\/\/the-house-shop.com\/fr\/wp-json\/wp\/v2\/media?parent=86"}],"curies":[{"name":"wp","href":"https:\/\/api.w.org\/{rel}","templated":true}]}}