{"id":6885,"date":"2025-07-15T17:13:44","date_gmt":"2025-07-15T15:13:44","guid":{"rendered":"https:\/\/the-house-shop.com\/?page_id=6885"},"modified":"2025-07-15T17:18:41","modified_gmt":"2025-07-15T15:18:41","slug":"blog","status":"publish","type":"page","link":"https:\/\/the-house-shop.com\/fr\/blog\/","title":{"rendered":"Blog"},"content":{"rendered":"<section id=\"section-2-6887\" class=\" ct-section\" ><div class=\"ct-section-inner-wrap\">        \n                <div id=\"_posts_grid-3-6887\" class='oxy-easy-posts oxy-posts-grid' >\n                                    <div class='oxy-posts'>\n                     <div class='oxy-post'>\n\n  <a class='oxy-post-image' href='https:\/\/the-house-shop.com\/fr\/was-man-bei-der-wahl-eines-gusseisenradiators-beachten-sollte\/'>\n      <div class='oxy-post-image-fixed-ratio' style='background-image: url(https:\/\/the-house-shop.com\/wp-content\/uploads\/2024\/02\/radiator-square.jpg);'>\n      <\/div>\n      <div class='oxy-post-image-date-overlay'>\n\t\t07\/15\/2025\t  <\/div>\n  <\/a>\n\n  \n  <div class='oxy-post-wrap'>\n\t<a class='oxy-post-title' href='https:\/\/the-house-shop.com\/fr\/was-man-bei-der-wahl-eines-gusseisenradiators-beachten-sollte\/'>Was man bei der Wahl eines Gusseisenradiators beachten sollte<\/a>\n\n  \t<div class='oxy-post-meta'>\n\n  \t\t<!--div class='oxy-post-meta-date oxy-post-meta-item'>\n\t\t\t07\/15\/2025\t\t<\/div-->\n\n\t\t<!--div class='oxy-post-meta-comments oxy-post-meta-item'>\n\t\t\t<a href='https:\/\/the-house-shop.com\/fr\/was-man-bei-der-wahl-eines-gusseisenradiators-beachten-sollte\/#respond'>Aucun commentaire<\/a>\n\t\t<\/div-->\n\n\t<\/div>\n\n\t<div class='oxy-post-content'>\n\t\t<p>Ein Heizk\u00f6rper muss mehr k\u00f6nnen, als nur W\u00e4rme erzeugen. In klassischen wie modernen R\u00e4umen wird er heute auch zum gestalterischen Element. Gusseisenradiatoren wie unsere Modelle der Serie ROYAL vereinen Funktionalit\u00e4t, Qualit\u00e4t und Design auf h\u00f6chstem Niveau. Doch worauf sollte man bei der Auswahl eines solchen Radiators achten? Warum Gusseisen? Gusseisen ist ein Material mit au\u00dfergew\u00f6hnlichen [&hellip;]<\/p>\n\t<\/div>\n\n\t<a href='https:\/\/the-house-shop.com\/fr\/was-man-bei-der-wahl-eines-gusseisenradiators-beachten-sollte\/' class='oxy-read-more'>Read More<\/a>\n  <\/div>\n  \n<\/div> <div class='oxy-post'>\n\n  <a class='oxy-post-image' href='https:\/\/the-house-shop.com\/fr\/was-ist-hartsteingut-und-warum-ist-es-das-ideale-material-fuer-spuelbecken\/'>\n      <div class='oxy-post-image-fixed-ratio' style='background-image: url(https:\/\/the-house-shop.com\/wp-content\/uploads\/2024\/03\/kitchen-basin-AF4_0910-scaled.jpg);'>\n      <\/div>\n      <div class='oxy-post-image-date-overlay'>\n\t\t07\/15\/2025\t  <\/div>\n  <\/a>\n\n  \n  <div class='oxy-post-wrap'>\n\t<a class='oxy-post-title' href='https:\/\/the-house-shop.com\/fr\/was-ist-hartsteingut-und-warum-ist-es-das-ideale-material-fuer-spuelbecken\/'>Was ist Hartsteingut \u2013 und warum ist es das ideale Material f\u00fcr Sp\u00fclbecken?<\/a>\n\n  \t<div class='oxy-post-meta'>\n\n  \t\t<!--div class='oxy-post-meta-date oxy-post-meta-item'>\n\t\t\t07\/15\/2025\t\t<\/div-->\n\n\t\t<!--div class='oxy-post-meta-comments oxy-post-meta-item'>\n\t\t\t<a href='https:\/\/the-house-shop.com\/fr\/was-ist-hartsteingut-und-warum-ist-es-das-ideale-material-fuer-spuelbecken\/#respond'>Aucun commentaire<\/a>\n\t\t<\/div-->\n\n\t<\/div>\n\n\t<div class='oxy-post-content'>\n\t\t<p>In einer Zeit, in der Massenproduktion und Kunststoff viele K\u00fcchen dominieren, w\u00e4chst die Sehnsucht nach Best\u00e4ndigkeit, Substanz und echtem Handwerk. Unsere Sp\u00fclbecken aus echtem Hartsteingut, gefertigt in einer traditionsreichen Manufaktur im Norden Englands, stehen genau f\u00fcr diese Werte: Qualit\u00e4t, Langlebigkeit und zeitlose Sch\u00f6nheit. Was ist Hartsteingut? Hartsteingut ist ein besonders robustes keramisches Material, das bei [&hellip;]<\/p>\n\t<\/div>\n\n\t<a href='https:\/\/the-house-shop.com\/fr\/was-ist-hartsteingut-und-warum-ist-es-das-ideale-material-fuer-spuelbecken\/' class='oxy-read-more'>Read More<\/a>\n  <\/div>\n  \n<\/div> <div class='oxy-post'>\n\n  <a class='oxy-post-image' href='https:\/\/the-house-shop.com\/fr\/die-geschichte-des-kochherds-ein-kurzer-historischer-ueberblick\/'>\n      <div class='oxy-post-image-fixed-ratio' style='background-image: url(https:\/\/the-house-shop.com\/wp-content\/uploads\/2024\/03\/Lacanche-Showroom-1.jpg);'>\n      <\/div>\n      <div class='oxy-post-image-date-overlay'>\n\t\t08\/31\/2024\t  <\/div>\n  <\/a>\n\n  \n  <div class='oxy-post-wrap'>\n\t<a class='oxy-post-title' href='https:\/\/the-house-shop.com\/fr\/die-geschichte-des-kochherds-ein-kurzer-historischer-ueberblick\/'>Die Geschichte des Kochherds: Ein kurzer historischer \u00dcberblick<\/a>\n\n  \t<div class='oxy-post-meta'>\n\n  \t\t<!--div class='oxy-post-meta-date oxy-post-meta-item'>\n\t\t\t08\/31\/2024\t\t<\/div-->\n\n\t\t<!--div class='oxy-post-meta-comments oxy-post-meta-item'>\n\t\t\t<a href='https:\/\/the-house-shop.com\/fr\/die-geschichte-des-kochherds-ein-kurzer-historischer-ueberblick\/#respond'>Aucun commentaire<\/a>\n\t\t<\/div-->\n\n\t<\/div>\n\n\t<div class='oxy-post-content'>\n\t\t<p>Der Kochherd ist ein zentraler Bestandteil von K\u00fcchen auf der ganzen Welt, aber seine Entwicklung ist eine Geschichte der allm\u00e4hlichen Innovation \u00fcber Jahrhunderte. Von den offenen Feuerstellen der Antike bis zu den hochentwickelten Ger\u00e4ten, die wir heute kennen, spiegelt die Entwicklung des Herdes die allgemeinen Ver\u00e4nderungen in der Gesellschaft, der Technologie und dem h\u00e4uslichen Leben [&hellip;]<\/p>\n\t<\/div>\n\n\t<a href='https:\/\/the-house-shop.com\/fr\/die-geschichte-des-kochherds-ein-kurzer-historischer-ueberblick\/' class='oxy-read-more'>Read More<\/a>\n  <\/div>\n  \n<\/div>                <\/div>\n                                <div class='oxy-easy-posts-pages'>\n                                    <\/div>\n                                            <\/div>\n                <\/div><\/section>","protected":false},"excerpt":{"rendered":"","protected":false},"author":1,"featured_media":0,"parent":0,"menu_order":0,"comment_status":"closed","ping_status":"closed","template":"","meta":{"_acf_changed":false,"footnotes":""},"class_list":["post-6885","page","type-page","status-publish","hentry"],"acf":[],"_links":{"self":[{"href":"https:\/\/the-house-shop.com\/fr\/wp-json\/wp\/v2\/pages\/6885","targetHints":{"allow":["GET"]}}],"collection":[{"href":"https:\/\/the-house-shop.com\/fr\/wp-json\/wp\/v2\/pages"}],"about":[{"href":"https:\/\/the-house-shop.com\/fr\/wp-json\/wp\/v2\/types\/page"}],"author":[{"embeddable":true,"href":"https:\/\/the-house-shop.com\/fr\/wp-json\/wp\/v2\/users\/1"}],"replies":[{"embeddable":true,"href":"https:\/\/the-house-shop.com\/fr\/wp-json\/wp\/v2\/comments?post=6885"}],"version-history":[{"count":3,"href":"https:\/\/the-house-shop.com\/fr\/wp-json\/wp\/v2\/pages\/6885\/revisions"}],"predecessor-version":[{"id":6890,"href":"https:\/\/the-house-shop.com\/fr\/wp-json\/wp\/v2\/pages\/6885\/revisions\/6890"}],"wp:attachment":[{"href":"https:\/\/the-house-shop.com\/fr\/wp-json\/wp\/v2\/media?parent=6885"}],"curies":[{"name":"wp","href":"https:\/\/api.w.org\/{rel}","templated":true}]}}