{"id":5688,"date":"2024-03-28T17:32:06","date_gmt":"2024-03-28T16:32:06","guid":{"rendered":"https:\/\/new.the-house-shop.com\/?page_id=5688"},"modified":"2024-05-22T15:49:00","modified_gmt":"2024-05-22T13:49:00","slug":"robinetterie-de-cuisine","status":"publish","type":"page","link":"https:\/\/the-house-shop.com\/fr\/kuechenarmaturen\/","title":{"rendered":"Robinetterie de cuisine"},"content":{"rendered":"<div id=\"div_block-2-5696\" class=\"ct-div-block custom-home-hero\" ><\/div><div id=\"div_block-3-5696\" class=\"ct-div-block\" ><img decoding=\"async\"  id=\"image-4-5696\" alt=\"\" src=\"https:\/\/the-house-shop.com\/wp-content\/uploads\/2022\/05\/Capture-One-Catalog0037_3x2-scaled.jpg\" class=\"ct-image\" srcset-disabled=\"https:\/\/the-house-shop.com\/wp-content\/uploads\/2022\/05\/Capture-One-Catalog0037_3x2-scaled.jpg 2560w, https:\/\/the-house-shop.com\/wp-content\/uploads\/2022\/05\/Capture-One-Catalog0037_3x2-scaled-800x534.jpg 800w\" sizes=\"(max-width: 2560px) 100vw, 2560px\" \/><div id=\"div_block-5-5696\" class=\"ct-div-block\" ><section id=\"section-6-5696\" class=\"ct-section\" ><div class=\"ct-section-inner-wrap\"><h1 id=\"headline-7-5696\" class=\"ct-headline\">Robinetterie de cuisine<\/h1><div id=\"text_block-8-5696\" class=\"ct-text-block\" >Robinetterie traditionnelle en chrome et laiton.<\/div><\/div><\/section><\/div><\/div>\n\n\n<div class=\"wp-block-columns is-layout-flex wp-container-core-columns-is-layout-9d6595d7 wp-block-columns-is-layout-flex\">\n<div class=\"wp-block-column is-layout-flow wp-block-column-is-layout-flow\">\n<figure class=\"wp-block-image size-large\"><img loading=\"lazy\" decoding=\"async\" width=\"1024\" height=\"683\" src=\"https:\/\/the-house-shop.com\/wp-content\/uploads\/2024\/03\/Casting_3-1024x683.jpg\" alt=\"\" class=\"wp-image-5689\" srcset=\"https:\/\/the-house-shop.com\/wp-content\/uploads\/2024\/03\/Casting_3-1024x683.jpg 1024w, https:\/\/the-house-shop.com\/wp-content\/uploads\/2024\/03\/Casting_3-scaled-800x534.jpg 800w, https:\/\/the-house-shop.com\/wp-content\/uploads\/2024\/03\/Casting_3-300x200.jpg 300w, https:\/\/the-house-shop.com\/wp-content\/uploads\/2024\/03\/Casting_3-768x513.jpg 768w, https:\/\/the-house-shop.com\/wp-content\/uploads\/2024\/03\/Casting_3-1536x1025.jpg 1536w, https:\/\/the-house-shop.com\/wp-content\/uploads\/2024\/03\/Casting_3-scaled.jpg 2560w\" sizes=\"auto, (max-width: 1024px) 100vw, 1024px\" \/><\/figure>\n<\/div>\n\n\n\n<div class=\"wp-block-column is-layout-flow wp-block-column-is-layout-flow\">\n<h2 class=\"wp-block-heading\">Fabriqu\u00e9 \u00e0 la main en France<\/h2>\n\n\n\n<p>Outre la flamme, l'eau est \u00e9galement un \u00e9l\u00e9ment fondamental dans la cuisine. Bien avant que l'eau courante ne soit consid\u00e9r\u00e9e comme une \u00e9vidence, les premiers robinets \u00e9taient d\u00e9j\u00e0 fabriqu\u00e9s pour les princes et les aristocrates. \u00c0 la fin du 19e si\u00e8cle, les premiers robinets commerciaux ont \u00e9t\u00e9 fabriqu\u00e9s pour les m\u00e9nages ordinaires.<\/p>\n\n\n\n<p>C'est de cette \u00e9poque que proviennent les formes de nos robinets de cuisine classiques. Notre assortiment comprend les s\u00e9ries ROCKWELL, LONDON et PARIS. <\/p>\n\n\n\n<p>Les robinets compl\u00e8tent parfaitement l'auge de cuisine, mais s'adaptent \u00e9galement aux \u00e9viers de cuisine modernes.<\/p>\n\n\n\n<p>Les robinets sont de la plus haute qualit\u00e9 et sont fabriqu\u00e9s en Angleterre et en France.<\/p>\n<\/div>\n<\/div>\n\n\n\n<div class=\"wp-block-columns is-layout-flex wp-container-core-columns-is-layout-9d6595d7 wp-block-columns-is-layout-flex\">\n<div class=\"wp-block-column is-layout-flow wp-block-column-is-layout-flow\">\n<figure data-wp-context=\"{&quot;imageId&quot;:&quot;69e10f56a9502&quot;}\" data-wp-interactive=\"core\/image\" data-wp-key=\"69e10f56a9502\" class=\"wp-block-image size-large wp-lightbox-container\"><img loading=\"lazy\" decoding=\"async\" width=\"1024\" height=\"683\" data-wp-class--hide=\"state.isContentHidden\" data-wp-class--show=\"state.isContentVisible\" data-wp-init=\"callbacks.setButtonStyles\" data-wp-on--click=\"actions.showLightbox\" data-wp-on--load=\"callbacks.setButtonStyles\" data-wp-on-window--resize=\"callbacks.setButtonStyles\" src=\"https:\/\/the-house-shop.com\/wp-content\/uploads\/2024\/03\/Casting_2-1024x683.jpg\" alt=\"\" class=\"wp-image-5691\" srcset=\"https:\/\/the-house-shop.com\/wp-content\/uploads\/2024\/03\/Casting_2-1024x683.jpg 1024w, https:\/\/the-house-shop.com\/wp-content\/uploads\/2024\/03\/Casting_2-scaled-800x533.jpg 800w, https:\/\/the-house-shop.com\/wp-content\/uploads\/2024\/03\/Casting_2-300x200.jpg 300w, https:\/\/the-house-shop.com\/wp-content\/uploads\/2024\/03\/Casting_2-768x512.jpg 768w, https:\/\/the-house-shop.com\/wp-content\/uploads\/2024\/03\/Casting_2-1536x1024.jpg 1536w, https:\/\/the-house-shop.com\/wp-content\/uploads\/2024\/03\/Casting_2-2048x1365.jpg 2048w, https:\/\/the-house-shop.com\/wp-content\/uploads\/2024\/03\/Casting_2-18x12.jpg 18w, https:\/\/the-house-shop.com\/wp-content\/uploads\/2024\/03\/Casting_2-scaled.jpg 2560w\" sizes=\"auto, (max-width: 1024px) 100vw, 1024px\" \/><button\n\t\t\tclass=\"lightbox-trigger\"\n\t\t\ttype=\"button\"\n\t\t\taria-haspopup=\"dialog\"\n\t\t\taria-label=\"Agrandir\"\n\t\t\tdata-wp-init=\"callbacks.initTriggerButton\"\n\t\t\tdata-wp-on--click=\"actions.showLightbox\"\n\t\t\tdata-wp-style--right=\"state.imageButtonRight\"\n\t\t\tdata-wp-style--top=\"state.imageButtonTop\"\n\t\t>\n\t\t\t<svg xmlns=\"http:\/\/www.w3.org\/2000\/svg\" width=\"12\" height=\"12\" fill=\"none\" viewbox=\"0 0 12 12\">\n\t\t\t\t<path fill=\"#fff\" d=\"M2 0a2 2 0 0 0-2 2v2h1.5V2a.5.5 0 0 1 .5-.5h2V0H2Zm2 10.5H2a.5.5 0 0 1-.5-.5V8H0v2a2 2 0 0 0 2 2h2v-1.5ZM8 12v-1.5h2a.5.5 0 0 0 .5-.5V8H12v2a2 2 0 0 1-2 2H8Zm2-12a2 2 0 0 1 2 2v2h-1.5V2a.5.5 0 0 0-.5-.5H8V0h2Z\" \/>\n\t\t\t<\/svg>\n\t\t<\/button><\/figure>\n<\/div>\n\n\n\n<div class=\"wp-block-column is-layout-flow wp-block-column-is-layout-flow\">\n<figure data-wp-context=\"{&quot;imageId&quot;:&quot;69e10f56a9a35&quot;}\" data-wp-interactive=\"core\/image\" data-wp-key=\"69e10f56a9a35\" class=\"wp-block-image size-large wp-lightbox-container\"><img loading=\"lazy\" decoding=\"async\" width=\"1024\" height=\"683\" data-wp-class--hide=\"state.isContentHidden\" data-wp-class--show=\"state.isContentVisible\" data-wp-init=\"callbacks.setButtonStyles\" data-wp-on--click=\"actions.showLightbox\" data-wp-on--load=\"callbacks.setButtonStyles\" data-wp-on-window--resize=\"callbacks.setButtonStyles\" src=\"https:\/\/the-house-shop.com\/wp-content\/uploads\/2024\/03\/Soldering-1024x683.jpg\" alt=\"\" class=\"wp-image-5693\" srcset=\"https:\/\/the-house-shop.com\/wp-content\/uploads\/2024\/03\/Soldering-1024x683.jpg 1024w, https:\/\/the-house-shop.com\/wp-content\/uploads\/2024\/03\/Soldering-scaled-800x533.jpg 800w, https:\/\/the-house-shop.com\/wp-content\/uploads\/2024\/03\/Soldering-300x200.jpg 300w, https:\/\/the-house-shop.com\/wp-content\/uploads\/2024\/03\/Soldering-768x512.jpg 768w, https:\/\/the-house-shop.com\/wp-content\/uploads\/2024\/03\/Soldering-1536x1024.jpg 1536w, https:\/\/the-house-shop.com\/wp-content\/uploads\/2024\/03\/Soldering-2048x1365.jpg 2048w, https:\/\/the-house-shop.com\/wp-content\/uploads\/2024\/03\/Soldering-18x12.jpg 18w, https:\/\/the-house-shop.com\/wp-content\/uploads\/2024\/03\/Soldering-scaled.jpg 2560w\" sizes=\"auto, (max-width: 1024px) 100vw, 1024px\" \/><button\n\t\t\tclass=\"lightbox-trigger\"\n\t\t\ttype=\"button\"\n\t\t\taria-haspopup=\"dialog\"\n\t\t\taria-label=\"Agrandir\"\n\t\t\tdata-wp-init=\"callbacks.initTriggerButton\"\n\t\t\tdata-wp-on--click=\"actions.showLightbox\"\n\t\t\tdata-wp-style--right=\"state.imageButtonRight\"\n\t\t\tdata-wp-style--top=\"state.imageButtonTop\"\n\t\t>\n\t\t\t<svg xmlns=\"http:\/\/www.w3.org\/2000\/svg\" width=\"12\" height=\"12\" fill=\"none\" viewbox=\"0 0 12 12\">\n\t\t\t\t<path fill=\"#fff\" d=\"M2 0a2 2 0 0 0-2 2v2h1.5V2a.5.5 0 0 1 .5-.5h2V0H2Zm2 10.5H2a.5.5 0 0 1-.5-.5V8H0v2a2 2 0 0 0 2 2h2v-1.5ZM8 12v-1.5h2a.5.5 0 0 0 .5-.5V8H12v2a2 2 0 0 1-2 2H8Zm2-12a2 2 0 0 1 2 2v2h-1.5V2a.5.5 0 0 0-.5-.5H8V0h2Z\" \/>\n\t\t\t<\/svg>\n\t\t<\/button><\/figure>\n<\/div>\n<\/div>\n\n\n\n<div class=\"wp-block-columns is-layout-flex wp-container-core-columns-is-layout-9d6595d7 wp-block-columns-is-layout-flex\">\n<div class=\"wp-block-column is-layout-flow wp-block-column-is-layout-flow\">\n<figure data-wp-context=\"{&quot;imageId&quot;:&quot;69e10f56aa045&quot;}\" data-wp-interactive=\"core\/image\" data-wp-key=\"69e10f56aa045\" class=\"wp-block-image size-full wp-lightbox-container\"><img decoding=\"async\" data-wp-class--hide=\"state.isContentHidden\" data-wp-class--show=\"state.isContentVisible\" data-wp-init=\"callbacks.setButtonStyles\" data-wp-on--click=\"actions.showLightbox\" data-wp-on--load=\"callbacks.setButtonStyles\" data-wp-on-window--resize=\"callbacks.setButtonStyles\" src=\"https:\/\/the-house-shop.com\/wp-content\/uploads\/2024\/03\/221115_TBS0981_3x2.jpg\" alt=\"\" class=\"wp-image-5694\"\/><button\n\t\t\tclass=\"lightbox-trigger\"\n\t\t\ttype=\"button\"\n\t\t\taria-haspopup=\"dialog\"\n\t\t\taria-label=\"Agrandir\"\n\t\t\tdata-wp-init=\"callbacks.initTriggerButton\"\n\t\t\tdata-wp-on--click=\"actions.showLightbox\"\n\t\t\tdata-wp-style--right=\"state.imageButtonRight\"\n\t\t\tdata-wp-style--top=\"state.imageButtonTop\"\n\t\t>\n\t\t\t<svg xmlns=\"http:\/\/www.w3.org\/2000\/svg\" width=\"12\" height=\"12\" fill=\"none\" viewbox=\"0 0 12 12\">\n\t\t\t\t<path fill=\"#fff\" d=\"M2 0a2 2 0 0 0-2 2v2h1.5V2a.5.5 0 0 1 .5-.5h2V0H2Zm2 10.5H2a.5.5 0 0 1-.5-.5V8H0v2a2 2 0 0 0 2 2h2v-1.5ZM8 12v-1.5h2a.5.5 0 0 0 .5-.5V8H12v2a2 2 0 0 1-2 2H8Zm2-12a2 2 0 0 1 2 2v2h-1.5V2a.5.5 0 0 0-.5-.5H8V0h2Z\" \/>\n\t\t\t<\/svg>\n\t\t<\/button><\/figure>\n<\/div>\n\n\n\n<div class=\"wp-block-column is-layout-flow wp-block-column-is-layout-flow\">\n<figure data-wp-context=\"{&quot;imageId&quot;:&quot;69e10f56aa815&quot;}\" data-wp-interactive=\"core\/image\" data-wp-key=\"69e10f56aa815\" class=\"wp-block-image size-large wp-lightbox-container\"><img loading=\"lazy\" decoding=\"async\" width=\"1024\" height=\"683\" data-wp-class--hide=\"state.isContentHidden\" data-wp-class--show=\"state.isContentVisible\" data-wp-init=\"callbacks.setButtonStyles\" data-wp-on--click=\"actions.showLightbox\" data-wp-on--load=\"callbacks.setButtonStyles\" data-wp-on-window--resize=\"callbacks.setButtonStyles\" src=\"https:\/\/the-house-shop.com\/wp-content\/uploads\/2021\/09\/Capture-One-Catalog0033-1024x683.jpg\" alt=\"Classic Kitchen Construction de cuisine style maison de campagne british\" class=\"wp-image-2775\" srcset=\"https:\/\/the-house-shop.com\/wp-content\/uploads\/2021\/09\/Capture-One-Catalog0033-1024x683.jpg 1024w, https:\/\/the-house-shop.com\/wp-content\/uploads\/2021\/09\/Capture-One-Catalog0033-800x534.jpg 800w, https:\/\/the-house-shop.com\/wp-content\/uploads\/2021\/09\/Capture-One-Catalog0033-300x200.jpg 300w, https:\/\/the-house-shop.com\/wp-content\/uploads\/2021\/09\/Capture-One-Catalog0033-768x512.jpg 768w, https:\/\/the-house-shop.com\/wp-content\/uploads\/2021\/09\/Capture-One-Catalog0033-1536x1025.jpg 1536w, https:\/\/the-house-shop.com\/wp-content\/uploads\/2021\/09\/Capture-One-Catalog0033-2048x1366.jpg 2048w, https:\/\/the-house-shop.com\/wp-content\/uploads\/2021\/09\/Capture-One-Catalog0033-18x12.jpg 18w, https:\/\/the-house-shop.com\/wp-content\/uploads\/2021\/09\/Capture-One-Catalog0033-600x400.jpg 600w, https:\/\/the-house-shop.com\/wp-content\/uploads\/2021\/09\/Capture-One-Catalog0033-1568x1046.jpg 1568w, https:\/\/the-house-shop.com\/wp-content\/uploads\/2021\/09\/Capture-One-Catalog0033-416x278.jpg 416w, https:\/\/the-house-shop.com\/wp-content\/uploads\/2021\/09\/Capture-One-Catalog0033.jpg 2500w\" sizes=\"auto, (max-width: 1024px) 100vw, 1024px\" \/><button\n\t\t\tclass=\"lightbox-trigger\"\n\t\t\ttype=\"button\"\n\t\t\taria-haspopup=\"dialog\"\n\t\t\taria-label=\"Agrandir\"\n\t\t\tdata-wp-init=\"callbacks.initTriggerButton\"\n\t\t\tdata-wp-on--click=\"actions.showLightbox\"\n\t\t\tdata-wp-style--right=\"state.imageButtonRight\"\n\t\t\tdata-wp-style--top=\"state.imageButtonTop\"\n\t\t>\n\t\t\t<svg xmlns=\"http:\/\/www.w3.org\/2000\/svg\" width=\"12\" height=\"12\" fill=\"none\" viewbox=\"0 0 12 12\">\n\t\t\t\t<path fill=\"#fff\" d=\"M2 0a2 2 0 0 0-2 2v2h1.5V2a.5.5 0 0 1 .5-.5h2V0H2Zm2 10.5H2a.5.5 0 0 1-.5-.5V8H0v2a2 2 0 0 0 2 2h2v-1.5ZM8 12v-1.5h2a.5.5 0 0 0 .5-.5V8H12v2a2 2 0 0 1-2 2H8Zm2-12a2 2 0 0 1 2 2v2h-1.5V2a.5.5 0 0 0-.5-.5H8V0h2Z\" \/>\n\t\t\t<\/svg>\n\t\t<\/button><\/figure>\n<\/div>\n<\/div>\n\n\n\n<div style=\"height:100px\" aria-hidden=\"true\" class=\"wp-block-spacer\"><\/div>\n\n\n\n<h2 class=\"wp-block-heading\">Robinetterie de cuisine<\/h2>\n\n\n<!-- Gridbuilder \u1d42\u1d3e Plugin (https:\/\/wpgridbuilder.com) -->\n<div class=\"wp-grid-builder wpgb-grid-8 taps-products-preview\" data-options=\"{&quot;id&quot;:8,&quot;type&quot;:&quot;masonry&quot;,&quot;source&quot;:&quot;post_type&quot;,&quot;loader&quot;:false,&quot;layout&quot;:&quot;vertical&quot;,&quot;reveal&quot;:0,&quot;isMainQuery&quot;:false,&quot;lazyLoad&quot;:false,&quot;cardSizes&quot;:{&quot;9999&quot;:{&quot;columns&quot;:4,&quot;height&quot;:240,&quot;gutter&quot;:16,&quot;ratio&quot;:&quot;1.00000&quot;},&quot;1400&quot;:{&quot;columns&quot;:3,&quot;height&quot;:240,&quot;gutter&quot;:16,&quot;ratio&quot;:&quot;1.00000&quot;},&quot;992&quot;:{&quot;columns&quot;:2,&quot;height&quot;:220,&quot;gutter&quot;:16,&quot;ratio&quot;:&quot;1.00000&quot;},&quot;768&quot;:{&quot;columns&quot;:1,&quot;height&quot;:220,&quot;gutter&quot;:16,&quot;ratio&quot;:&quot;1.00000&quot;},&quot;576&quot;:{&quot;columns&quot;:1,&quot;height&quot;:200,&quot;gutter&quot;:16,&quot;ratio&quot;:&quot;1.00000&quot;},&quot;320&quot;:{&quot;columns&quot;:1,&quot;height&quot;:200,&quot;gutter&quot;:16,&quot;ratio&quot;:&quot;1.00000&quot;}},&quot;fitRows&quot;:true,&quot;equalRows&quot;:0,&quot;equalColumns&quot;:true,&quot;fillLastRow&quot;:0,&quot;centerLastRow&quot;:0,&quot;horizontalOrder&quot;:true,&quot;fullWidth&quot;:false,&quot;transitionDelay&quot;:100,&quot;gallerySlideshow&quot;:false,&quot;rowsNumber&quot;:1,&quot;slideAlign&quot;:&quot;left&quot;,&quot;groupCells&quot;:1,&quot;draggable&quot;:true,&quot;initialIndex&quot;:0,&quot;contain&quot;:false,&quot;freeScroll&quot;:false,&quot;freeFriction&quot;:&quot;0.075&quot;,&quot;friction&quot;:&quot;0.285&quot;,&quot;attraction&quot;:&quot;0.025&quot;,&quot;autoPlay&quot;:0,&quot;pageDotAriaLabel&quot;:&quot;Point de page %d&quot;,&quot;isPreview&quot;:false,&quot;isGutenberg&quot;:false,&quot;rightToLeft&quot;:false}\"><div class=\"wpgb-svg-icons\" hidden>\n\t<svg viewbox=\"0 0 120 24\" width=\"0\" height=\"0\">\n\t<defs>\n        <polygon id=\"wpgb-star-svg\" points=\"12 2.5 15.1 8.8 22 9.8 17 14.6 18.2 21.5 12 18.3 5.8 21.5 7 14.6 2 9.8 8.9 8.8\"><\/polygon>\n    <\/defs>\n    <symbol id=\"wpgb-rating-stars-svg\">\n        <use xlink:href=\"#wpgb-star-svg\"><\/use>\n        <use xlink:href=\"#wpgb-star-svg\" x=\"24\"><\/use>\n        <use xlink:href=\"#wpgb-star-svg\" x=\"48\"><\/use>\n        <use xlink:href=\"#wpgb-star-svg\" x=\"72\"><\/use>\n        <use xlink:href=\"#wpgb-star-svg\" x=\"96\"><\/use>\n    <\/symbol>\n<\/svg>\n<\/div>\n<div class=\"wpgb-wrapper\">\n\t<div class=\"wpgb-main\">\n\t<div class=\"wpgb-layout\">\n\t<div class=\"wpgb-viewport\">\n\t\t<div class=\"wpgb-masonry\">\n\t\t\t<article class=\"wpgb-card wpgb-card-5 wpgb-post-4386\" data-col=\"1\" data-row=\"1\" data-format=\"standard\"><div class=\"wpgb-card-wrapper\"><div class=\"wpgb-card-inner\" data-action><div class=\"wpgb-card-media wpgb-scheme-light\"><svg data-ratio style=\"padding-top:125%\" viewbox=\"0 0 768 960\" aria-hidden=\"true\"><\/svg><div class=\"wpgb-card-media-thumbnail\"><a href=\"https:\/\/the-house-shop.com\/wp-content\/uploads\/2022\/03\/27014-1.png\" tabindex=\"-1\" class=\"wpgb-handle-lb wpgb-lightbox\" data-type=\"image\" data-rel=\"8\" data-title=\"27014\" title=\"Agrandir la photo\"><div style=\"background-image:url(https:\/\/the-house-shop.com\/wp-content\/uploads\/2022\/03\/27014-1-768x960.png)\"><\/div><noscript><img loading=\"lazy\" decoding=\"async\" class=\"wpgb-noscript-img\" src=\"https:\/\/the-house-shop.com\/wp-content\/uploads\/2022\/03\/27014-1-768x960.png\" alt=\"\" height=\"960\" width=\"768\"><\/noscript><\/a><\/div><div class=\"wpgb-card-media-overlay\"><\/div><\/div><div class=\"wpgb-card-content wpgb-scheme-dark\"><div class=\"wpgb-card-body\"><div class=\"wpgb-block-1\">27014<\/div><h3 class=\"wpgb-block-2\"><a href=\"https:\/\/the-house-shop.com\/fr\/produkt\/london-kuechenarmatur-einloch\/\">LONDON Robinet de cuisine monotrou<\/a><\/h3><\/div><\/div><a class=\"wpgb-card-layer-link\" href=\"https:\/\/the-house-shop.com\/fr\/produkt\/london-kuechenarmatur-einloch\/\"><\/a><\/div><\/div><\/article><article class=\"wpgb-card wpgb-card-5 wpgb-post-4441\" data-col=\"1\" data-row=\"1\" data-format=\"standard\"><div class=\"wpgb-card-wrapper\"><div class=\"wpgb-card-inner\" data-action><div class=\"wpgb-card-media wpgb-scheme-light\"><svg data-ratio style=\"padding-top:125%\" viewbox=\"0 0 768 960\" aria-hidden=\"true\"><\/svg><div class=\"wpgb-card-media-thumbnail\"><a href=\"https:\/\/the-house-shop.com\/wp-content\/uploads\/2022\/03\/27016-1.png\" tabindex=\"-1\" class=\"wpgb-handle-lb wpgb-lightbox\" data-type=\"image\" data-rel=\"8\" data-title=\"27016\" title=\"Agrandir la photo\"><div style=\"background-image:url(https:\/\/the-house-shop.com\/wp-content\/uploads\/2022\/03\/27016-1-768x960.png)\"><\/div><noscript><img loading=\"lazy\" decoding=\"async\" class=\"wpgb-noscript-img\" src=\"https:\/\/the-house-shop.com\/wp-content\/uploads\/2022\/03\/27016-1-768x960.png\" alt=\"Robinet cuisine chrome avec douchette extractible vintage r\u00e9tro campagne\" height=\"960\" width=\"768\"><\/noscript><\/a><\/div><div class=\"wpgb-card-media-overlay\"><\/div><\/div><div class=\"wpgb-card-content wpgb-scheme-dark\"><div class=\"wpgb-card-body\"><div class=\"wpgb-block-1\">27016<\/div><h3 class=\"wpgb-block-2\"><a href=\"https:\/\/the-house-shop.com\/fr\/produkt\/london-kuechenarmatur-einloch-auszugsbrause\/\">LONDON Robinet de cuisine avec douchette extractible<\/a><\/h3><\/div><\/div><a class=\"wpgb-card-layer-link\" href=\"https:\/\/the-house-shop.com\/fr\/produkt\/london-kuechenarmatur-einloch-auszugsbrause\/\"><\/a><\/div><\/div><\/article><article class=\"wpgb-card wpgb-card-5 wpgb-post-4464\" data-col=\"1\" data-row=\"1\" data-format=\"standard\"><div class=\"wpgb-card-wrapper\"><div class=\"wpgb-card-inner\" data-action><div class=\"wpgb-card-media wpgb-scheme-light\"><svg data-ratio style=\"padding-top:125%\" viewbox=\"0 0 768 960\" aria-hidden=\"true\"><\/svg><div class=\"wpgb-card-media-thumbnail\"><a href=\"https:\/\/the-house-shop.com\/wp-content\/uploads\/2022\/03\/27022.png\" tabindex=\"-1\" class=\"wpgb-handle-lb wpgb-lightbox\" data-type=\"image\" data-rel=\"8\" data-title=\"27022\" title=\"Agrandir la photo\"><div style=\"background-image:url(https:\/\/the-house-shop.com\/wp-content\/uploads\/2022\/03\/27022-768x960.png)\"><\/div><noscript><img loading=\"lazy\" decoding=\"async\" class=\"wpgb-noscript-img\" src=\"https:\/\/the-house-shop.com\/wp-content\/uploads\/2022\/03\/27022-768x960.png\" alt=\"Robinet de cuisine avec poign\u00e9es crois\u00e9es Fait main de haute qualit\u00e9\" height=\"960\" width=\"768\"><\/noscript><\/a><\/div><div class=\"wpgb-card-media-overlay\"><\/div><\/div><div class=\"wpgb-card-content wpgb-scheme-dark\"><div class=\"wpgb-card-body\"><div class=\"wpgb-block-1\">27022<\/div><h3 class=\"wpgb-block-2\"><a href=\"https:\/\/the-house-shop.com\/fr\/produkt\/london-kuechenarmatur\/\">LONDON Robinet de cuisine<\/a><\/h3><\/div><\/div><a class=\"wpgb-card-layer-link\" href=\"https:\/\/the-house-shop.com\/fr\/produkt\/london-kuechenarmatur\/\"><\/a><\/div><\/div><\/article><article class=\"wpgb-card wpgb-card-5 wpgb-post-4536\" data-col=\"1\" data-row=\"1\" data-format=\"standard\"><div class=\"wpgb-card-wrapper\"><div class=\"wpgb-card-inner\" data-action><div class=\"wpgb-card-media wpgb-scheme-light\"><svg data-ratio style=\"padding-top:125%\" viewbox=\"0 0 768 960\" aria-hidden=\"true\"><\/svg><div class=\"wpgb-card-media-thumbnail\"><a href=\"https:\/\/the-house-shop.com\/wp-content\/uploads\/2022\/03\/27027_B.png\" tabindex=\"-1\" class=\"wpgb-handle-lb wpgb-lightbox\" data-type=\"image\" data-rel=\"8\" data-title=\"27027_B\" title=\"Agrandir la photo\"><div style=\"background-image:url(https:\/\/the-house-shop.com\/wp-content\/uploads\/2022\/03\/27027_B-768x960.png)\"><\/div><noscript><img loading=\"lazy\" decoding=\"async\" class=\"wpgb-noscript-img\" src=\"https:\/\/the-house-shop.com\/wp-content\/uploads\/2022\/03\/27027_B-768x960.png\" alt=\"London nostalgique robinet de cuisine classique avec spray\" height=\"960\" width=\"768\"><\/noscript><\/a><\/div><div class=\"wpgb-card-media-overlay\"><\/div><\/div><div class=\"wpgb-card-content wpgb-scheme-dark\"><div class=\"wpgb-card-body\"><div class=\"wpgb-block-1\">27027<\/div><h3 class=\"wpgb-block-2\"><a href=\"https:\/\/the-house-shop.com\/fr\/produkt\/london-kuechenarmatur-mit-auszugsbrause\/\">LONDON Robinet de cuisine avec douchette extractible<\/a><\/h3><\/div><\/div><a class=\"wpgb-card-layer-link\" href=\"https:\/\/the-house-shop.com\/fr\/produkt\/london-kuechenarmatur-mit-auszugsbrause\/\"><\/a><\/div><\/div><\/article><article class=\"wpgb-card wpgb-card-5 wpgb-post-3254\" data-col=\"1\" data-row=\"1\" data-format=\"standard\"><div class=\"wpgb-card-wrapper\"><div class=\"wpgb-card-inner\" data-action><div class=\"wpgb-card-media wpgb-scheme-light\"><svg data-ratio style=\"padding-top:125%\" viewbox=\"0 0 768 960\" aria-hidden=\"true\"><\/svg><div class=\"wpgb-card-media-thumbnail\"><a href=\"https:\/\/the-house-shop.com\/wp-content\/uploads\/2022\/03\/28050.jpg\" tabindex=\"-1\" class=\"wpgb-handle-lb wpgb-lightbox\" data-type=\"image\" data-rel=\"8\" data-title=\"28050\" title=\"Agrandir la photo\"><div style=\"background-image:url(https:\/\/the-house-shop.com\/wp-content\/uploads\/2022\/03\/28050-768x960.jpg)\"><\/div><noscript><img loading=\"lazy\" decoding=\"async\" class=\"wpgb-noscript-img\" src=\"https:\/\/the-house-shop.com\/wp-content\/uploads\/2022\/03\/28050-768x960.jpg\" alt=\"PARIS robinet de cuisine vintage classique deux trous batterie\" height=\"960\" width=\"768\"><\/noscript><\/a><\/div><div class=\"wpgb-card-media-overlay\"><\/div><\/div><div class=\"wpgb-card-content wpgb-scheme-dark\"><div class=\"wpgb-card-body\"><div class=\"wpgb-block-1\">28050<\/div><h3 class=\"wpgb-block-2\"><a href=\"https:\/\/the-house-shop.com\/fr\/produkt\/paris-kuechenarmatur-28050\/\">PARIS Robinet de cuisine<\/a><\/h3><\/div><\/div><a class=\"wpgb-card-layer-link\" href=\"https:\/\/the-house-shop.com\/fr\/produkt\/paris-kuechenarmatur-28050\/\"><\/a><\/div><\/div><\/article><article class=\"wpgb-card wpgb-card-5 wpgb-post-2516\" data-col=\"1\" data-row=\"1\" data-format=\"standard\"><div class=\"wpgb-card-wrapper\"><div class=\"wpgb-card-inner\" data-action><div class=\"wpgb-card-media wpgb-scheme-light\"><svg data-ratio style=\"padding-top:125.13%\" viewbox=\"0 0 768 961\" aria-hidden=\"true\"><\/svg><div class=\"wpgb-card-media-thumbnail\"><a href=\"https:\/\/the-house-shop.com\/wp-content\/uploads\/2022\/02\/28030-3.jpg\" tabindex=\"-1\" class=\"wpgb-handle-lb wpgb-lightbox\" data-type=\"image\" data-rel=\"8\" data-title=\"28030\" title=\"Agrandir la photo\"><div style=\"background-image:url(https:\/\/the-house-shop.com\/wp-content\/uploads\/2022\/02\/28030-3-768x961.jpg)\"><\/div><noscript><img loading=\"lazy\" decoding=\"async\" class=\"wpgb-noscript-img\" src=\"https:\/\/the-house-shop.com\/wp-content\/uploads\/2022\/02\/28030-3-768x961.jpg\" alt=\"PARIS Robinet de cuisine monotrou classique\" height=\"961\" width=\"768\"><\/noscript><\/a><\/div><div class=\"wpgb-card-media-overlay\"><\/div><\/div><div class=\"wpgb-card-content wpgb-scheme-dark\"><div class=\"wpgb-card-body\"><div class=\"wpgb-block-1\">28030<\/div><h3 class=\"wpgb-block-2\"><a href=\"https:\/\/the-house-shop.com\/fr\/produkt\/paris-kuechenarmatur-28030\/\">PARIS Robinet de cuisine<\/a><\/h3><\/div><\/div><a class=\"wpgb-card-layer-link\" href=\"https:\/\/the-house-shop.com\/fr\/produkt\/paris-kuechenarmatur-28030\/\"><\/a><\/div><\/div><\/article>\t\t<\/div>\n\t<\/div>\n\t<\/div>\n\t<\/div>\n\t\t<\/div>\n<\/div>\n\n\n\n<div style=\"height:100px\" aria-hidden=\"true\" class=\"wp-block-spacer\"><\/div>\n\n\n\n<div class=\"wp-block-buttons is-content-justification-center is-layout-flex wp-container-core-buttons-is-layout-16018d1d wp-block-buttons-is-layout-flex\">\n<div class=\"wp-block-button\"><a class=\"wp-block-button__link has-black-background-color has-background wp-element-button\" href=\"https:\/\/the-house-shop.com\/fr\/categorie-de-produits\/robinets\/\" style=\"border-radius:4px\">Vers l'ensemble de la s\u00e9lection de produits<\/a><\/div>\n<\/div>","protected":false},"excerpt":{"rendered":"<p>Handmade in France Nebst der Flamme ist auch Wasser ein fundamentales Element in der Ku\u0308che. Lange bevor fliessendes Wasser als Selbstverst\u00e4ndlich galt, wurden bereits die ersten Armaturen fu\u0308r Fu\u0308rsten und Aristokraten hergestellt. Ende des 19. Jahrhundert wurden die ersten kommerziellen Armaturen fu\u0308r den Normal-Haushalt gefertigt. Aus dieser Epoche stammen die Formen unserer klassischen Ku\u0308chenarmaturen. Unser [&hellip;]<\/p>\n","protected":false},"author":1,"featured_media":0,"parent":0,"menu_order":0,"comment_status":"closed","ping_status":"closed","template":"","meta":{"_acf_changed":false,"footnotes":""},"class_list":["post-5688","page","type-page","status-publish","hentry"],"acf":[],"_links":{"self":[{"href":"https:\/\/the-house-shop.com\/fr\/wp-json\/wp\/v2\/pages\/5688","targetHints":{"allow":["GET"]}}],"collection":[{"href":"https:\/\/the-house-shop.com\/fr\/wp-json\/wp\/v2\/pages"}],"about":[{"href":"https:\/\/the-house-shop.com\/fr\/wp-json\/wp\/v2\/types\/page"}],"author":[{"embeddable":true,"href":"https:\/\/the-house-shop.com\/fr\/wp-json\/wp\/v2\/users\/1"}],"replies":[{"embeddable":true,"href":"https:\/\/the-house-shop.com\/fr\/wp-json\/wp\/v2\/comments?post=5688"}],"version-history":[{"count":11,"href":"https:\/\/the-house-shop.com\/fr\/wp-json\/wp\/v2\/pages\/5688\/revisions"}],"predecessor-version":[{"id":6217,"href":"https:\/\/the-house-shop.com\/fr\/wp-json\/wp\/v2\/pages\/5688\/revisions\/6217"}],"wp:attachment":[{"href":"https:\/\/the-house-shop.com\/fr\/wp-json\/wp\/v2\/media?parent=5688"}],"curies":[{"name":"wp","href":"https:\/\/api.w.org\/{rel}","templated":true}]}}