{"id":5177,"date":"2024-02-22T12:23:47","date_gmt":"2024-02-22T11:23:47","guid":{"rendered":"https:\/\/new.the-house-shop.com\/?page_id=5177"},"modified":"2025-05-22T18:48:56","modified_gmt":"2025-05-22T16:48:56","slug":"infos-lacanche","status":"publish","type":"page","link":"https:\/\/the-house-shop.com\/fr\/lacanche-infos\/","title":{"rendered":"Informations sur LACANCHE"},"content":{"rendered":"<div class=\"wp-block-columns is-layout-flex wp-container-core-columns-is-layout-9d6595d7 wp-block-columns-is-layout-flex\">\n<div class=\"wp-block-column is-layout-flow wp-block-column-is-layout-flow\">\n<h2 class=\"wp-block-heading\">Processus de commande<\/h2>\n\n\n\n<p><\/p>\n\n\n\n<h3 class=\"wp-block-heading\">Conseil<\/h3>\n\n\n\n<p>Il existe d'innombrables mod\u00e8les de cuisini\u00e8res LACANCHE. Pour vous faire une id\u00e9e de toutes les possibilit\u00e9s, nous vous conseillons de venir nous voir dans notre showroom \u00e0 Zurich. Nous y exposons divers mod\u00e8les de 70 \u00e0 220 cm de large.<\/p>\n\n\n\n<div class=\"wp-block-buttons is-layout-flex wp-block-buttons-is-layout-flex\">\n<div class=\"wp-block-button\"><a class=\"wp-block-button__link has-black-background-color has-background wp-element-button\" href=\"\/fr\/categorie-de-produits\/lacanche\/\" style=\"border-radius:4px\">vers l'assortiment<\/a><\/div>\n<\/div>\n\n\n\n<p><\/p>\n\n\n\n<h3 class=\"wp-block-heading\">Offre<\/h3>\n\n\n\n<p>Apr\u00e8s l'entretien de conseil, nous \u00e9tablissons une offre sans engagement avec un d\u00e9lai de livraison.<\/p>\n\n\n\n<h3 class=\"wp-block-heading\">Commande<\/h3>\n\n\n\n<p>Die Bestellung erfolgt ausschliesslich \u00fcber den ausf\u00fchrenden K\u00fcchenbauer oder Installateur.<\/p>\n\n\n\n<h3 class=\"wp-block-heading\">Acompte<\/h3>\n\n\n\n<p>Lors de la commande d'une cuisini\u00e8re LACANCHE, un acompte de 50% est demand\u00e9. La facture d'acompte est \u00e9mise en m\u00eame temps que la confirmation de commande.<\/p>\n\n\n\n<h3 class=\"wp-block-heading\">Planification<\/h3>\n\n\n\n<p>Apr\u00e8s la confirmation de commande, vous recevrez tous les documents relatifs \u00e0 la planification et aux raccordements. Nous nous ferons un plaisir de vous conseiller lors de la planification ou de prendre directement contact avec le constructeur de cuisines.<\/p>\n\n\n\n<h3 class=\"wp-block-heading\">Notification et livraison<\/h3>\n\n\n\n<p>D\u00e8s que nous sommes inform\u00e9s par l'usine que la cuisini\u00e8re sera bient\u00f4t pr\u00eate, nous vous en informons et fixons une date de livraison.<\/p>\n<\/div>\n\n\n\n<div class=\"wp-block-column is-layout-flow wp-block-column-is-layout-flow\">\n<h3 class=\"wp-block-heading\">Livraison<\/h3>\n\n\n\n<p>Les frais de livraison sont fix\u00e9s sur l'offre. Ceux-ci varient en fonction du contenu de la livraison (taille de la cuisini\u00e8re, avec ou sans hotte) et du lieu de livraison. Les frais de transport comprennent la livraison d\u00e9part usine (France) \u00e0 l'adresse de livraison. La livraison s'effectue sur des palettes, franco bord de trottoir. Tous les frais de douane et d'importation sont couverts.<\/p>\n\n\n\n<p>Veuillez noter que des frais suppl\u00e9mentaires peuvent s'appliquer pour le placement de la cuisini\u00e8re. Le placement signifie que la cuisini\u00e8re doit \u00eatre d\u00e9plac\u00e9e du trottoir \u00e0 la cuisine et n\u00e9cessite 2 \u00e0 3 personnes. Normalement, il est effectu\u00e9 par le cuisiniste ou organis\u00e9 sur place par l'architecte ou le chef de chantier. C'est la solution la plus \u00e9conomique.<\/p>\n\n\n\n<h3 class=\"wp-block-heading\">Installation<\/h3>\n\n\n\n<p>L'installation n'est pas comprise dans le prix et n'est pas effectu\u00e9e par nos soins. Elle doit imp\u00e9rativement \u00eatre r\u00e9alis\u00e9e par un professionnel. Pour le raccordement au r\u00e9seau \u00e9lectrique, un installateur \u00e9lectricien est n\u00e9cessaire. Selon le mod\u00e8le, il faut \u00e9galement un sp\u00e9cialiste du gaz et pour les raccordements d'eau (uniquement pour les steamers et les bains-marie), un plombier est n\u00e9cessaire. Avant la livraison, l'installateur recevra des instructions d'installation par e-mail. Aucune connaissance particuli\u00e8re n'est n\u00e9cessaire pour l'installation.<\/p>\n\n\n\n<h3 class=\"wp-block-heading\">Service<\/h3>\n\n\n\n<p>En tant que repr\u00e9sentant officiel de LACANCHE pour la Suisse, nous garantissons le service et les pi\u00e8ces de rechange pour tous les appareils achet\u00e9s chez nous. Nous disposons d'un r\u00e9seau d'entreprises de service comp\u00e9tentes qui effectuent des r\u00e9parations et des prestations de service. Nous avons toutes les pi\u00e8ces de rechange courantes en stock, les pi\u00e8ces de rechange sp\u00e9cifiques doivent \u00eatre command\u00e9es \u00e0 l'usine.<\/p>\n\n\n\n<p>Pour les appareils LACANCHE provenant de l'\u00e9tranger, tout service apr\u00e8s-vente est refus\u00e9 et aucune pi\u00e8ce de rechange ne peut \u00eatre obtenue chez nous.<\/p>\n\n\n\n<h3 class=\"wp-block-heading\">Garantie<\/h3>\n\n\n\n<p>Wir gew\u00e4hren auf die LACANCHE Produkte 24 Monate Garantie ab Auslieferungsdatum vom Werk. Sch\u00e4den, die durch unsachgem\u00e4sse Installation oder w\u00e4hrend der Installation\/Platzierung des Ger\u00e4tes entstehen, sind nicht durch die Garantie abgedeckt. Die Garantie beschr\u00e4nkt sich auf den kostenlosen Ersatz von Teilen, die von uns bzw. LACANCHE als defekt anerkannt werden. Die Garantie beschr\u00e4nkt sich nur auf die Schweiz. (Bestimmung von LACANCHE).<\/p>\n\n\n\n<h3 class=\"wp-block-heading\">Zertifikation<\/h3>\n\n\n\n<p>Wir lassen alle LACANCHE Ger\u00e4te f\u00fcr den Schweizer Markt und dessen Anforderungen spezifisch herstellen. Aus diesem Grund verkaufen wir Ger\u00e4te ausschliesslich innerhalb der Schweiz. Sollte das Ger\u00e4t die Landesgrenzen verlassen, verf\u00e4llt automatisch die Garantie seitens LACANCHE.&nbsp;<\/p>\n\n\n\n<p>Unsere Ger\u00e4te sind von der (Schweizerischen) SVGW gepr\u00fcft und nach Auftragsbest\u00e4tigung k\u00f6nnen wir gerne die SVGW-Zertifikate zustellen.<\/p>\n<\/div>\n<\/div>","protected":false},"excerpt":{"rendered":"<p>Bestellablauf Beratung Es gibt unz\u00e4hlige LACANCHE Kochherd-Modelle. Um sich einen \u00dcberblick zu all den M\u00f6glichkeiten zu verschaffen, empfehlen wir eine Beratung in unserem Showroom in Z\u00fcrich. Wir haben diverse Modelle zwischen 70 - 220cm Breite ausgestellt. Offerte Nach dem Beratungsgespr\u00e4ch erstellen wir eine unverbindliche Offerte mit Lieferfrist. Bestellung Die Bestellung erfolgt ausschliesslich \u00fcber den ausf\u00fchrenden [&hellip;]<\/p>\n","protected":false},"author":1,"featured_media":4845,"parent":0,"menu_order":0,"comment_status":"closed","ping_status":"closed","template":"","meta":{"_acf_changed":false,"footnotes":""},"class_list":["post-5177","page","type-page","status-publish","has-post-thumbnail","hentry"],"acf":[],"_links":{"self":[{"href":"https:\/\/the-house-shop.com\/fr\/wp-json\/wp\/v2\/pages\/5177","targetHints":{"allow":["GET"]}}],"collection":[{"href":"https:\/\/the-house-shop.com\/fr\/wp-json\/wp\/v2\/pages"}],"about":[{"href":"https:\/\/the-house-shop.com\/fr\/wp-json\/wp\/v2\/types\/page"}],"author":[{"embeddable":true,"href":"https:\/\/the-house-shop.com\/fr\/wp-json\/wp\/v2\/users\/1"}],"replies":[{"embeddable":true,"href":"https:\/\/the-house-shop.com\/fr\/wp-json\/wp\/v2\/comments?post=5177"}],"version-history":[{"count":18,"href":"https:\/\/the-house-shop.com\/fr\/wp-json\/wp\/v2\/pages\/5177\/revisions"}],"predecessor-version":[{"id":6696,"href":"https:\/\/the-house-shop.com\/fr\/wp-json\/wp\/v2\/pages\/5177\/revisions\/6696"}],"wp:featuredmedia":[{"embeddable":true,"href":"https:\/\/the-house-shop.com\/fr\/wp-json\/wp\/v2\/media\/4845"}],"wp:attachment":[{"href":"https:\/\/the-house-shop.com\/fr\/wp-json\/wp\/v2\/media?parent=5177"}],"curies":[{"name":"wp","href":"https:\/\/api.w.org\/{rel}","templated":true}]}}