{"id":100,"date":"2020-10-06T13:31:24","date_gmt":"2020-10-06T13:31:24","guid":{"rendered":"https:\/\/api.the-bath-shop.com\/?page_id=100"},"modified":"2025-04-22T16:25:42","modified_gmt":"2025-04-22T14:25:42","slug":"a-propos-de-nous","status":"publish","type":"page","link":"https:\/\/the-house-shop.com\/fr\/ueber-uns\/","title":{"rendered":"Portrait"},"content":{"rendered":"<div id=\"div_block-2-5591\" class=\"ct-div-block custom-home-hero\" ><\/div><div id=\"div_block-3-5591\" class=\"ct-div-block\" ><img decoding=\"async\"  id=\"image-11-5591\" alt=\"\u00c0 propos de nous Image d&#039;en-t\u00eate\" src=\"https:\/\/the-house-shop.com\/wp-content\/uploads\/2024\/03\/about-us-header-big-3.jpg\" class=\"ct-image\" srcset-disabled=\"https:\/\/the-house-shop.com\/wp-content\/uploads\/2024\/03\/about-us-header-big-3.jpg 2560w, https:\/\/the-house-shop.com\/wp-content\/uploads\/2024\/03\/about-us-header-big-3-800x500.jpg 800w, https:\/\/the-house-shop.com\/wp-content\/uploads\/2024\/03\/about-us-header-big-3-300x188.jpg 300w, https:\/\/the-house-shop.com\/wp-content\/uploads\/2024\/03\/about-us-header-big-3-1024x640.jpg 1024w, https:\/\/the-house-shop.com\/wp-content\/uploads\/2024\/03\/about-us-header-big-3-768x480.jpg 768w, https:\/\/the-house-shop.com\/wp-content\/uploads\/2024\/03\/about-us-header-big-3-1536x960.jpg 1536w, https:\/\/the-house-shop.com\/wp-content\/uploads\/2024\/03\/about-us-header-big-3-2048x1280.jpg 2048w, https:\/\/the-house-shop.com\/wp-content\/uploads\/2024\/03\/about-us-header-big-3-18x12.jpg 18w\" sizes=\"(max-width: 2560px) 100vw, 2560px\" \/><div id=\"div_block-5-5591\" class=\"ct-div-block\" ><section id=\"section-8-5591\" class=\"ct-section\" ><div class=\"ct-section-inner-wrap\"><h1 id=\"headline-4-5591\" class=\"ct-headline\">Portrait<br><\/h1><div id=\"text_block-14-5591\" class=\"ct-text-block\" >L'entreprise familiale THE HOUSE SHOP &amp; THE BATH SHOP. Fond\u00e9e en 1996.<\/div><\/div><\/section><\/div><\/div>\n\n\n<div class=\"wp-block-columns is-layout-flex wp-container-core-columns-is-layout-9d6595d7 wp-block-columns-is-layout-flex\">\n<div class=\"wp-block-column is-layout-flow wp-block-column-is-layout-flow\"><\/div>\n\n\n\n<div class=\"wp-block-column is-layout-flow wp-block-column-is-layout-flow\"><\/div>\n<\/div>\n\n\n\n<div class=\"wp-block-columns is-layout-flex wp-container-core-columns-is-layout-9d6595d7 wp-block-columns-is-layout-flex\">\n<div class=\"wp-block-column is-layout-flow wp-block-column-is-layout-flow\">\n<figure class=\"wp-block-image size-large\"><img loading=\"lazy\" decoding=\"async\" width=\"853\" height=\"1024\" src=\"https:\/\/the-house-shop.com\/wp-content\/uploads\/2024\/03\/mike-federer-853x1024.jpg\" alt=\"Portrait Photo Mike Federer\" class=\"wp-image-5597\" srcset=\"https:\/\/the-house-shop.com\/wp-content\/uploads\/2024\/03\/mike-federer-853x1024.jpg 853w, https:\/\/the-house-shop.com\/wp-content\/uploads\/2024\/03\/mike-federer-800x960.jpg 800w, https:\/\/the-house-shop.com\/wp-content\/uploads\/2024\/03\/mike-federer-250x300.jpg 250w, https:\/\/the-house-shop.com\/wp-content\/uploads\/2024\/03\/mike-federer-768x922.jpg 768w, https:\/\/the-house-shop.com\/wp-content\/uploads\/2024\/03\/mike-federer-10x12.jpg 10w, https:\/\/the-house-shop.com\/wp-content\/uploads\/2024\/03\/mike-federer.jpg 1000w\" sizes=\"auto, (max-width: 853px) 100vw, 853px\" \/><\/figure>\n<\/div>\n\n\n\n<div class=\"wp-block-column is-layout-flow wp-block-column-is-layout-flow\">\n<h2 class=\"wp-block-heading\">Mike Federer<\/h2>\n\n\n\n<p>En 1996, Mike Federer fonde l'entreprise DEPOT Hauswaren AG. Le magasin \u00e0 Zurich - aujourd'hui THE BATH SHOP AG - se sp\u00e9cialise dans des produits traditionnels et de qualit\u00e9 pour la salle de bains. Au fil des ann\u00e9es, de plus en plus de mandats d'architecture d'int\u00e9rieur sont venus s'ajouter \u00e0 l'activit\u00e9 principale. L\u2019approche esth\u00e9tique, intemporelle et classique, n\u2019a pas chang\u00e9.<\/p>\n<\/div>\n\n\n\n<div class=\"wp-block-column is-layout-flow wp-block-column-is-layout-flow\">\n<figure class=\"wp-block-image size-large\"><img loading=\"lazy\" decoding=\"async\" width=\"853\" height=\"1024\" src=\"https:\/\/the-house-shop.com\/wp-content\/uploads\/2024\/03\/wassily-federer-853x1024.jpg\" alt=\"\" class=\"wp-image-5598\" srcset=\"https:\/\/the-house-shop.com\/wp-content\/uploads\/2024\/03\/wassily-federer-853x1024.jpg 853w, https:\/\/the-house-shop.com\/wp-content\/uploads\/2024\/03\/wassily-federer-800x960.jpg 800w, https:\/\/the-house-shop.com\/wp-content\/uploads\/2024\/03\/wassily-federer-250x300.jpg 250w, https:\/\/the-house-shop.com\/wp-content\/uploads\/2024\/03\/wassily-federer-768x922.jpg 768w, https:\/\/the-house-shop.com\/wp-content\/uploads\/2024\/03\/wassily-federer-10x12.jpg 10w, https:\/\/the-house-shop.com\/wp-content\/uploads\/2024\/03\/wassily-federer.jpg 1000w\" sizes=\"auto, (max-width: 853px) 100vw, 853px\" \/><\/figure>\n<\/div>\n\n\n\n<div class=\"wp-block-column is-layout-flow wp-block-column-is-layout-flow\">\n<h2 class=\"wp-block-heading\">Wassily Federer<\/h2>\n\n\n\n<p>En 2017, le fils, Wassily Federer, rejoint l\u2019entreprise familiale. En 2020, Mike et Wassily Federer reprennent la distribution de LACANCHE pour toute la Suisse, ainsi que le nouveau local situ\u00e9 \u00e0 la Pfalzgasse, \u00e0 c\u00f4t\u00e9 du magasin d\u2019origine.<\/p>\n<\/div>\n<\/div>\n\n\n\n<div style=\"height:100px\" aria-hidden=\"true\" class=\"wp-block-spacer\"><\/div>\n\n\n\n<div class=\"wp-block-columns is-layout-flex wp-container-core-columns-is-layout-9d6595d7 wp-block-columns-is-layout-flex\">\n<div class=\"wp-block-column is-layout-flow wp-block-column-is-layout-flow\">\n<h2 class=\"wp-block-heading\">1996<\/h2>\n\n\n\n<p>D\u00e8s le d\u00e9but, nous avons pu collaborer avec de nombreuses petites entreprises qui produisaient leurs pi\u00e8ces de mani\u00e8re artisanale \u00e0 l\u2019aide de formes historiques originales. Avec le temps, certaines de ces entreprises ont malheureusement cess\u00e9 leur activit\u00e9. D\u2019autres ont chang\u00e9 leur gamme de produits ou d\u00e9localis\u00e9 leur production hors d\u2019Europe. <\/p>\n\n\n\n<p>Afin de mettre en oeuvre notre propre vision de produits qui n\u2019\u00e9taient malheureusement pas disponibles sur le march\u00e9, nous avons commenc\u00e9 \u00e0 faire fabriquer des lavabos, de la robinetterie, des accessoires, des cuvettes de WC et bien davantage selon notre propre design. Depuis, le souci du d\u00e9tail et une exigence de qualit\u00e9 sont \u00e0 la base de toutes nos conceptions.<\/p>\n\n\n\n<p> Nous collaborons avec des fabricants renomm\u00e9s en Angleterre, en France et en Italie. Tous nos articles sont produits dans ces pays dans des conditions de travail \u00e9quitables et dans le respect des normes europ\u00e9ennes. La durabilit\u00e9 des articles ainsi que le fait qu\u2019ils soient r\u00e9parables sont deux crit\u00e8res qui nous tiennent \u00e0 coeur, c\u2019est l\u00e0 notre contribution silencieuse \u00e0 la protection de l\u2019environnement. R\u00e9parer plut\u00f4t que de recycler \u2013 voil\u00e0 pourquoi nous disposons d\u2019un stock de pi\u00e8ces de rechange pour tous nos produits.<\/p>\n\n\n\n<h2 class=\"wp-block-heading\">2020<\/h2>\n\n\n\n<p>LACANCHE une marque connue en Suisse depuis les ann\u00e9es 1990. Jusqu'\u00e0 pr\u00e9sent, un ami et partenaire commercial de longue date, Mat\u00e9riaux d'Ex\u00e9cution ou Lacanche Fourneaux de France S\u00e0rl, distribue la marque en Suisse romande. Pour des raisons d'\u00e2ge, il souhaite arr\u00eater progressivement ses activit\u00e9s et cherche un successeur.<\/p>\n\n\n\n<p>Par hasard, le local situ\u00e9 juste \u00e0 c\u00f4t\u00e9 de notre magasin principal se lib\u00e8re \u00e0 ce moment-l\u00e0.\nLe domaine de la cuisine ne nous \u00e9tant pas \u00e9tranger et forts de plusieurs projets d\u2019am\u00e9nagement int\u00e9rieur r\u00e9alis\u00e9s, nous d\u00e9cidons de franchir le pas et reprenons l\u2019activit\u00e9. <\/p>\n\n\n\n<p><\/p>\n\n\n\n<p>Apr\u00e8s de longs travaux de r\u00e9novation et quelques d\u00e9fis, en raison de la pand\u00e9mie, nous pourrons ouvrir le nouveau magasin le 31 mars 2022. <\/p>\n\n\n\n<p>Le nouveau magasin THE HOUSE SHOP propose, en plus de la marque LACANCHE, une s\u00e9lection d\u2019autres produits. Nous r\u00e9alisons \u00e9galement des projets de cuisine ainsi que d\u2019autres am\u00e9nagements int\u00e9rieurs.<\/p>\n<\/div>\n\n\n\n<div class=\"wp-block-column is-layout-flow wp-block-column-is-layout-flow\">\n<h2 class=\"wp-block-heading\">Durabilit\u00e9 et qualit\u00e9<\/h2>\n\n\n\n<p>Pour nous, il est important que nos produits soient install\u00e9s par des sp\u00e9cialistes qualifi\u00e9s. Votre installateur sanitaire vous garantit en effet la pose correcte de nos produits et leur fonctionnement impeccable. C\u2019est pourquoi nous effectuons la livraison et la facturation par l\u2019interm\u00e9diaire de l\u2019installateur. Les articles simples comme les porte-savons ou les porte-serviettes peuvent aussi s\u2019acheter directement aupr\u00e8s de nous.<\/p>\n\n\n\n<p><br>En ce qui concerne la durabilit\u00e9, il nous tient \u00e0 coeur d\u2018offrir, m\u00eame apr\u00e8s des ann\u00e9es, un service et des pi\u00e8ces de rechange pour nos produits et donc leur durabilit\u00e9. <\/p>\n<\/div>\n<\/div>","protected":false},"excerpt":{"rendered":"<p>Mike Federer 1996 gru\u0308ndet Mike Federer das Familienunternehmen DEPOT Hauswaren AG. Das Zu\u0308rcher Gesch\u00e4ft - heute THE BATH SHOP AG - spezialisiert sich auf traditionelle, hochwertige Produkte fu\u0308r das Bad. \u00dcber die Jahre sind zus\u00e4tzlich zum Kerngesch\u00e4ft vermehrt Innenarchitekturmandate dazugkommen. Der zeitlose, klassische Stil wurde dabei immer beibehalten, das Wissen hat sich stetig weiterentwickelt. Wassily [&hellip;]<\/p>\n","protected":false},"author":2,"featured_media":5103,"parent":0,"menu_order":0,"comment_status":"closed","ping_status":"closed","template":"","meta":{"_acf_changed":false,"footnotes":""},"class_list":["post-100","page","type-page","status-publish","has-post-thumbnail","hentry"],"acf":[],"_links":{"self":[{"href":"https:\/\/the-house-shop.com\/fr\/wp-json\/wp\/v2\/pages\/100","targetHints":{"allow":["GET"]}}],"collection":[{"href":"https:\/\/the-house-shop.com\/fr\/wp-json\/wp\/v2\/pages"}],"about":[{"href":"https:\/\/the-house-shop.com\/fr\/wp-json\/wp\/v2\/types\/page"}],"author":[{"embeddable":true,"href":"https:\/\/the-house-shop.com\/fr\/wp-json\/wp\/v2\/users\/2"}],"replies":[{"embeddable":true,"href":"https:\/\/the-house-shop.com\/fr\/wp-json\/wp\/v2\/comments?post=100"}],"version-history":[{"count":16,"href":"https:\/\/the-house-shop.com\/fr\/wp-json\/wp\/v2\/pages\/100\/revisions"}],"predecessor-version":[{"id":6375,"href":"https:\/\/the-house-shop.com\/fr\/wp-json\/wp\/v2\/pages\/100\/revisions\/6375"}],"wp:featuredmedia":[{"embeddable":true,"href":"https:\/\/the-house-shop.com\/fr\/wp-json\/wp\/v2\/media\/5103"}],"wp:attachment":[{"href":"https:\/\/the-house-shop.com\/fr\/wp-json\/wp\/v2\/media?parent=100"}],"curies":[{"name":"wp","href":"https:\/\/api.w.org\/{rel}","templated":true}]}}