{"id":6590,"date":"2025-05-06T16:34:26","date_gmt":"2025-05-06T14:34:26","guid":{"rendered":"https:\/\/the-house-shop.com\/?post_type=product&#038;p=6590"},"modified":"2025-05-28T17:29:15","modified_gmt":"2025-05-28T15:29:15","slug":"belfast-kitchen-sink-59-5-x-46-cm-2-2","status":"publish","type":"product","link":"https:\/\/the-house-shop.com\/en\/produkt\/belfast-kuechenbecken-59-5-x-46-cm-2-2\/","title":{"rendered":"BELFAST Kitchen sink"},"content":{"rendered":"<p class=\"p1\">Solid ceramic basins. Handmade in a small factory in the North of England.<\/p>\n<p class=\"p1\">These are traditionally installed in a protruding position. Either with the worktop flush with the sink or with the worktop protruding over the edge into the sink.<\/p>","protected":false},"excerpt":{"rendered":"<p>Massive Becken aus Keramik. Von Hand gefertigt in einer kleinen Manufaktur in Nord-England. Traditionell werden diese vorstehend eingebaut. Entweder mit der Arbeitsfl\u00e4che b\u00fcndig mit dem Becken oder mit der Arbeitsfl\u00e4che welche \u00fcber den Rand in das Becken ragt.<\/p>","protected":false},"featured_media":6591,"menu_order":2,"template":"","meta":{"_acf_changed":false},"product_brand":[],"product_cat":[165,179],"product_tag":[],"class_list":{"0":"post-6590","1":"product","2":"type-product","3":"status-publish","4":"has-post-thumbnail","6":"product_cat-kuechenbecken","7":"product_cat-belfast","8":"product_shipping_class-ab-lager","10":"first","11":"instock","12":"taxable","13":"shipping-taxable","14":"product-type-grouped"},"acf":{"additional_info_image":"","additional_info_image_label":"","reduced_product":false},"_links":{"self":[{"href":"https:\/\/the-house-shop.com\/en\/wp-json\/wp\/v2\/product\/6590","targetHints":{"allow":["GET"]}}],"collection":[{"href":"https:\/\/the-house-shop.com\/en\/wp-json\/wp\/v2\/product"}],"about":[{"href":"https:\/\/the-house-shop.com\/en\/wp-json\/wp\/v2\/types\/product"}],"wp:featuredmedia":[{"embeddable":true,"href":"https:\/\/the-house-shop.com\/en\/wp-json\/wp\/v2\/media\/6591"}],"wp:attachment":[{"href":"https:\/\/the-house-shop.com\/en\/wp-json\/wp\/v2\/media?parent=6590"}],"wp:term":[{"taxonomy":"product_brand","embeddable":true,"href":"https:\/\/the-house-shop.com\/en\/wp-json\/wp\/v2\/product_brand?post=6590"},{"taxonomy":"product_cat","embeddable":true,"href":"https:\/\/the-house-shop.com\/en\/wp-json\/wp\/v2\/product_cat?post=6590"},{"taxonomy":"product_tag","embeddable":true,"href":"https:\/\/the-house-shop.com\/en\/wp-json\/wp\/v2\/product_tag?post=6590"}],"curies":[{"name":"wp","href":"https:\/\/api.w.org\/{rel}","templated":true}]}}