{"id":4536,"date":"2022-03-23T14:33:48","date_gmt":"2022-03-23T13:33:48","guid":{"rendered":"https:\/\/the-house-shop.com\/?post_type=product&#038;p=4536"},"modified":"2025-05-07T17:12:23","modified_gmt":"2025-05-07T15:12:23","slug":"london-kitchen-tap-with-pull-out-spray","status":"publish","type":"product","link":"https:\/\/the-house-shop.com\/en\/produkt\/london-kuechenarmatur-mit-auszugsbrause\/","title":{"rendered":"LONDON kitchen tap with pull-out spray"},"content":{"rendered":"<p>Solid kitchen mixer tap with swivelling spout. To operate the pull-out spray, you let the water run and press the button on the spray. When you let go, the water runs out of the spout again. A safety valve prevents the pull-out spray from being constantly pressurised.<\/p>\n<p>&nbsp;<\/p>\n<p>Made in England.<\/p>","protected":false},"excerpt":{"rendered":"<p>Massive Ku\u0308chenarmatur mit schwenkbarem Auslauf. Um die Auszugsbrause zu bet\u00e4tigen, l\u00e4sst man Wasser laufen und dru\u0308ckt auf den Knopf an der Brause. Wenn man losl\u00e4sst, l\u00e4uft das Wasser wieder aus dem Auslauf. Ein Sicherheitsventil verhindert, dass die Auszugsbrause st\u00e4ndig unter Druck stehen kann. &nbsp; Hergestellt in England.<\/p>","protected":false},"featured_media":4587,"menu_order":91,"template":"","meta":{"_acf_changed":false},"product_brand":[],"product_cat":[43,79],"product_tag":[],"class_list":{"0":"post-4536","1":"product","2":"type-product","3":"status-publish","4":"has-post-thumbnail","6":"product_cat-armaturen","7":"product_cat-london-armaturen","8":"product_shipping_class-chrom-ab-lager-andere-oberflaechen-auf-anfrage","10":"first","11":"instock","12":"taxable","13":"shipping-taxable","14":"purchasable","15":"product-type-variable"},"acf":{"additional_info_image":"","additional_info_image_label":"","reduced_product":false},"_links":{"self":[{"href":"https:\/\/the-house-shop.com\/en\/wp-json\/wp\/v2\/product\/4536","targetHints":{"allow":["GET"]}}],"collection":[{"href":"https:\/\/the-house-shop.com\/en\/wp-json\/wp\/v2\/product"}],"about":[{"href":"https:\/\/the-house-shop.com\/en\/wp-json\/wp\/v2\/types\/product"}],"wp:featuredmedia":[{"embeddable":true,"href":"https:\/\/the-house-shop.com\/en\/wp-json\/wp\/v2\/media\/4587"}],"wp:attachment":[{"href":"https:\/\/the-house-shop.com\/en\/wp-json\/wp\/v2\/media?parent=4536"}],"wp:term":[{"taxonomy":"product_brand","embeddable":true,"href":"https:\/\/the-house-shop.com\/en\/wp-json\/wp\/v2\/product_brand?post=4536"},{"taxonomy":"product_cat","embeddable":true,"href":"https:\/\/the-house-shop.com\/en\/wp-json\/wp\/v2\/product_cat?post=4536"},{"taxonomy":"product_tag","embeddable":true,"href":"https:\/\/the-house-shop.com\/en\/wp-json\/wp\/v2\/product_tag?post=4536"}],"curies":[{"name":"wp","href":"https:\/\/api.w.org\/{rel}","templated":true}]}}