{"id":2936,"date":"2022-03-04T16:28:22","date_gmt":"2022-03-04T15:28:22","guid":{"rendered":"https:\/\/new.the-house-shop.com\/?post_type=product&#038;p=2936"},"modified":"2026-03-31T11:58:13","modified_gmt":"2026-03-31T09:58:13","slug":"lacanche-150-cm-citeaux","status":"publish","type":"product","link":"https:\/\/the-house-shop.com\/en\/produkt\/lacanche-150-cm-citeaux\/","title":{"rendered":"LACANCHE 150 cm Citeaux"},"content":{"rendered":"<p>Every LACANCHE cooker is unique and is made to your individual requirements. The fronts are traditionally coated with high-quality enamel. You can choose between 24 different colours. With over 20 different models and a choice of heights, there is a customised solution for every situation.<\/p>\n<p>The 150 cm Citeaux can be equipped with either an induction, ceramic or traditional gas hob. We will be happy to advise you on the numerous options in our showroom at Pfalzgasse 2 in Zurich's old town.<\/p>\n<p>The history of the LACANCHE manufactory in the village of the same name dates back to the 18th century. The once modest wood-fired cookers have evolved over the years into ultra-modern precision appliances. However, the charm and classic shapes have remained. The highest quality materials combine technology and design. The production facility is still located in the original factory halls, where the LACANCHE cookers are largely made by hand.<\/p>\n<p>(special height possible)<\/p>","protected":false},"excerpt":{"rendered":"<p>Jeder LACANCHE Kochherd ist ein Unikat und wird genau auf Ihre individuellen Bed\u00fcrfnisse gefertigt. Die Fronten werden traditionellerweise mit hochwertigem Emaille beschichtet. Es kann zwischen 24 verschiedenen Farbt\u00f6nen gew\u00e4hlt werden. Mit \u00fcber 20 verschiedenen Modellen und w\u00e4hlbarer H\u00f6he gibt es f\u00fcr jede Situation eine massgeschneiderte L\u00f6sung. Der 150 cm Citeaux kann wahlweise mit Induktion-, Ceran-, [&hellip;]<\/p>\n","protected":false},"featured_media":5733,"menu_order":43,"template":"","meta":{"_acf_changed":false},"product_brand":[],"product_cat":[164,455],"product_tag":[],"class_list":{"0":"post-2936","1":"product","2":"type-product","3":"status-publish","4":"has-post-thumbnail","6":"product_cat-lacanche","7":"product_cat-lacanche-herde","8":"product_shipping_class-4-5-monate","10":"first","11":"instock","12":"taxable","13":"shipping-taxable","14":"purchasable","15":"product-type-variable"},"acf":{"additional_info_image":3995,"additional_info_image_label":"Kochfelder","reduced_product":true},"_links":{"self":[{"href":"https:\/\/the-house-shop.com\/en\/wp-json\/wp\/v2\/product\/2936","targetHints":{"allow":["GET"]}}],"collection":[{"href":"https:\/\/the-house-shop.com\/en\/wp-json\/wp\/v2\/product"}],"about":[{"href":"https:\/\/the-house-shop.com\/en\/wp-json\/wp\/v2\/types\/product"}],"wp:featuredmedia":[{"embeddable":true,"href":"https:\/\/the-house-shop.com\/en\/wp-json\/wp\/v2\/media\/5733"}],"wp:attachment":[{"href":"https:\/\/the-house-shop.com\/en\/wp-json\/wp\/v2\/media?parent=2936"}],"wp:term":[{"taxonomy":"product_brand","embeddable":true,"href":"https:\/\/the-house-shop.com\/en\/wp-json\/wp\/v2\/product_brand?post=2936"},{"taxonomy":"product_cat","embeddable":true,"href":"https:\/\/the-house-shop.com\/en\/wp-json\/wp\/v2\/product_cat?post=2936"},{"taxonomy":"product_tag","embeddable":true,"href":"https:\/\/the-house-shop.com\/en\/wp-json\/wp\/v2\/product_tag?post=2936"}],"curies":[{"name":"wp","href":"https:\/\/api.w.org\/{rel}","templated":true}]}}