{"id":2886,"date":"2022-03-03T16:15:59","date_gmt":"2022-03-03T15:15:59","guid":{"rendered":"https:\/\/new.the-house-shop.com\/?post_type=product&#038;p=2886"},"modified":"2026-03-31T11:55:37","modified_gmt":"2026-03-31T09:55:37","slug":"lacanche-110-cm-savigny","status":"publish","type":"product","link":"https:\/\/the-house-shop.com\/en\/produkt\/lacanche-110-cm-savigny\/","title":{"rendered":"LACANCHE 110 cm Savigny"},"content":{"rendered":"<p>Each LACANCHE stove is a unique piece of art, built to your specifications. The exterior is fire enameled, and you have a choice of 24 beautiful colours. There are more then 20 different stove models, combined with the possibility of bespoke heights we can provide a solution for just about every situation.<\/p>\n<p>The 110 cm Savigny can be equipped with either an induction, ceramic or traditional gas hob. We will be happy to advise you on the numerous options in our showroom at Pfalzgasse 2 in Zurich's old town.<\/p>\n<p>The history of the LACANCHE manufactory in the village of the same name dates back to the 18th century. The once modest wood-fired cookers have evolved over the years into ultra-modern precision appliances. However, the charm and classic shapes have remained. The highest quality materials combine technology and design. The production facility is still located in the original factory halls, where the LACANCHE cookers are largely made by hand.<\/p>\n<p>(special height possible)<\/p>","protected":false},"excerpt":{"rendered":"<p>Jeder LACANCHE Kochherd ist ein Unikat und wird genau auf Ihre individuellen Bed\u00fcrfnisse gefertigt.\u00a0Die Fronten werden traditionellerweise mit hochwertigem Email beschichtet. Es kann zwischen 24 verschiedenen Farbt\u00f6nen gew\u00e4hlt werden. Mit \u00fcber 20 verschiedenen Modellen und w\u00e4hlbarer H\u00f6he gibt es f\u00fcr jede Situation eine massgeschneiderte L\u00f6sung. Der 110 cm Savigny kann wahlweise mit Induktion-, Ceran-, oder [&hellip;]<\/p>\n","protected":false},"featured_media":5730,"menu_order":38,"template":"","meta":{"_acf_changed":false},"product_brand":[],"product_cat":[164,455],"product_tag":[],"class_list":{"0":"post-2886","1":"product","2":"type-product","3":"status-publish","4":"has-post-thumbnail","6":"product_cat-lacanche","7":"product_cat-lacanche-herde","8":"product_shipping_class-4-5-monate","10":"first","11":"instock","12":"taxable","13":"shipping-taxable","14":"purchasable","15":"product-type-variable"},"acf":{"additional_info_image":3995,"additional_info_image_label":"Kochfelder","reduced_product":true},"_links":{"self":[{"href":"https:\/\/the-house-shop.com\/en\/wp-json\/wp\/v2\/product\/2886","targetHints":{"allow":["GET"]}}],"collection":[{"href":"https:\/\/the-house-shop.com\/en\/wp-json\/wp\/v2\/product"}],"about":[{"href":"https:\/\/the-house-shop.com\/en\/wp-json\/wp\/v2\/types\/product"}],"wp:featuredmedia":[{"embeddable":true,"href":"https:\/\/the-house-shop.com\/en\/wp-json\/wp\/v2\/media\/5730"}],"wp:attachment":[{"href":"https:\/\/the-house-shop.com\/en\/wp-json\/wp\/v2\/media?parent=2886"}],"wp:term":[{"taxonomy":"product_brand","embeddable":true,"href":"https:\/\/the-house-shop.com\/en\/wp-json\/wp\/v2\/product_brand?post=2886"},{"taxonomy":"product_cat","embeddable":true,"href":"https:\/\/the-house-shop.com\/en\/wp-json\/wp\/v2\/product_cat?post=2886"},{"taxonomy":"product_tag","embeddable":true,"href":"https:\/\/the-house-shop.com\/en\/wp-json\/wp\/v2\/product_tag?post=2886"}],"curies":[{"name":"wp","href":"https:\/\/api.w.org\/{rel}","templated":true}]}}