{"id":86,"date":"2020-10-06T08:52:01","date_gmt":"2020-10-06T08:52:01","guid":{"rendered":"https:\/\/api.the-bath-shop.com\/?page_id=3"},"modified":"2024-07-10T11:40:28","modified_gmt":"2024-07-10T09:40:28","slug":"imprint-terms-and-conditions","status":"publish","type":"page","link":"https:\/\/the-house-shop.com\/en\/impressum-agb\/","title":{"rendered":"Imprint &amp; AGB"},"content":{"rendered":"<h2 class=\"wp-block-heading\">Imprint<\/h2>\n\n\n\n<h4 class=\"wp-block-heading\">Responsible<\/h4>\n\n\n\n<p>THE BATH SHOP AG<br>Strehlgasse 22<br>CH-8001 Zurich&nbsp;<\/p>\n\n\n\n<p>Handelsregister-Nr.: CH-020.3.007.552-2<\/p>\n\n\n\n<p>Place of jurisdiction: Zurich<\/p>\n\n\n\n<h4 class=\"wp-block-heading\">Contact<\/h4>\n\n\n\n<p>E-mail: info@the-house-shop.com<br>Internet: the-house-shop.com <\/p>\n\n\n\n<h4 class=\"wp-block-heading\">Website development and design<\/h4>\n\n\n\n<p><a href=\"https:\/\/utill.ch\/\" target=\"_blank\" rel=\"noreferrer noopener\">utill.ch<\/a><\/p>\n\n\n\n<h2 class=\"wp-block-heading\">General Terms and Conditions <\/h2>\n\n\n\n<p><strong>Prices<\/strong><br>All prices are subject to change. Our offers are valid for 30 days from the date of issue.<br><br><strong>Retention of title<\/strong><br>The delivered goods remain the property of THE BATH SHOP AG until full payment has been received.<br><br><strong>delivery<\/strong><br>Delivery is by lorry or postal parcel to the home, construction site or valley station. THE<br>BATH SHOP AG will charge the buyer a share of the transport costs. We endeavour to<br>Compliance with delivery dates; however, delivery dates are not binding. Any<br>Claims for damages due to non-compliance with delivery dates are excluded. If no<br>delivery date has been agreed, we will deliver the order as soon as it is complete. Should the<br>delivery on your part, we reserve the right to invoice the order on the confirmed date.<br>to place.<br><br><strong>Return shipments<\/strong><br>A deduction is made from the credit notes for returned goods in accordance with the turnover incurred.<br>but at least 10%. The return of appliances requires the prior written consent of the customer.<br>agreement from us. Goods that were delivered more than three months ago cannot be returned.<br>can no longer be taken back. The same applies to damaged and used items as well as to<br>Customised products. We can only take back items that are included in our current<br>are included in the stock programme. The goods must be sent carriage paid in the undamaged original packaging to<br>be delivered to us.<br><br><strong>Guarantee<\/strong><br>We grant a 24-month guarantee on all our products (12 months for metal surfaces) from the date of purchase.<br>date of delivery, subject to proper handling and installation by a qualified technician.<br>Specialist. This warranty is limited to the free repair or replacement of parts,<br>recognised by us as defective and excludes any further warranty, in particular the<br>Liability for assembly or disassembly costs and for material, physical and commercial damage.<br>Damage from.<br><br>Subject to model and price changes and errors excepted<br>The dimensions are subject to factory tolerances and subsequent changes.<br>Changes. Liability for the consequences of incorrect or incomplete measurements is excluded<br>(Art. 100 OR).<\/p>","protected":false},"excerpt":{"rendered":"<p>Impressum Verantwortlich THE BATH SHOP AGStrehlgasse 22CH-8001 Z\u00fcrich&nbsp; Handelsregister-Nr.:&nbsp;CH-020.3.007.552-2 Gerichtsstand: Z\u00fcrich Kontakt E-Mail: info@the-house-shop.comInternet: the-house-shop.com Website Entwicklung und Gestaltung utill.ch Allgemeine Gesch\u00e4ftsbedingungen PreiseAlle Preise sind freibleibend. Unsere Offerten sind 30 Tage ab Ausstellungsdatum g\u00fcltig. EigentumsvorbehaltDie gelieferte Ware bleibt bis zur vollst\u00e4ndigen Bezahlung Eigentum von THE BATH SHOP AG. LieferungDie Lieferung erfolgt per LKW oder Postpaket [&hellip;]<\/p>\n","protected":false},"author":2,"featured_media":0,"parent":0,"menu_order":0,"comment_status":"closed","ping_status":"closed","template":"","meta":{"_acf_changed":false,"footnotes":""},"class_list":["post-86","page","type-page","status-publish","hentry"],"acf":[],"_links":{"self":[{"href":"https:\/\/the-house-shop.com\/en\/wp-json\/wp\/v2\/pages\/86","targetHints":{"allow":["GET"]}}],"collection":[{"href":"https:\/\/the-house-shop.com\/en\/wp-json\/wp\/v2\/pages"}],"about":[{"href":"https:\/\/the-house-shop.com\/en\/wp-json\/wp\/v2\/types\/page"}],"author":[{"embeddable":true,"href":"https:\/\/the-house-shop.com\/en\/wp-json\/wp\/v2\/users\/2"}],"replies":[{"embeddable":true,"href":"https:\/\/the-house-shop.com\/en\/wp-json\/wp\/v2\/comments?post=86"}],"version-history":[{"count":3,"href":"https:\/\/the-house-shop.com\/en\/wp-json\/wp\/v2\/pages\/86\/revisions"}],"predecessor-version":[{"id":6239,"href":"https:\/\/the-house-shop.com\/en\/wp-json\/wp\/v2\/pages\/86\/revisions\/6239"}],"wp:attachment":[{"href":"https:\/\/the-house-shop.com\/en\/wp-json\/wp\/v2\/media?parent=86"}],"curies":[{"name":"wp","href":"https:\/\/api.w.org\/{rel}","templated":true}]}}