{"id":6057,"date":"2024-04-10T14:22:38","date_gmt":"2024-04-10T12:22:38","guid":{"rendered":"https:\/\/new.the-house-shop.com\/?page_id=6057"},"modified":"2024-04-14T15:46:02","modified_gmt":"2024-04-14T13:46:02","slug":"lacanche-hob-tongues","status":"publish","type":"page","link":"https:\/\/the-house-shop.com\/en\/lacanche-kochfeldergaenzungen\/","title":{"rendered":"LACANCHE hob extensions"},"content":{"rendered":"<div class=\"wp-block-columns is-layout-flex wp-container-core-columns-is-layout-9d6595d7 wp-block-columns-is-layout-flex\">\n<div class=\"wp-block-column is-layout-flow wp-block-column-is-layout-flow\">\n<p>LACANCHE cookers offer extensive customisation options. The hob extensions are a fundamental part of this. Hob extensions are possible with cookers from 110 cm width. Here is an overview of the various options.<\/p>\n<\/div>\n\n\n\n<div class=\"wp-block-column is-layout-flow wp-block-column-is-layout-flow\"><\/div>\n<\/div>\n\n\n\n<div style=\"height:64px\" aria-hidden=\"true\" class=\"wp-block-spacer\"><\/div>\n\n\n\n<div class=\"wp-block-columns is-layout-flex wp-container-core-columns-is-layout-9d6595d7 wp-block-columns-is-layout-flex\">\n<div class=\"wp-block-column is-layout-flow wp-block-column-is-layout-flow\">\n<div class=\"wp-block-columns is-layout-flex wp-container-core-columns-is-layout-9d6595d7 wp-block-columns-is-layout-flex\">\n<div class=\"wp-block-column is-layout-flow wp-block-column-is-layout-flow\">\n<figure class=\"wp-block-image size-large\"><img loading=\"lazy\" decoding=\"async\" width=\"791\" height=\"1024\" src=\"https:\/\/the-house-shop.com\/wp-content\/uploads\/2024\/04\/Feu-vif-5-kW-791x1024.jpg\" alt=\"Gas burner 5kW\" class=\"wp-image-6058\" style=\"aspect-ratio:1;object-fit:contain\" srcset=\"https:\/\/the-house-shop.com\/wp-content\/uploads\/2024\/04\/Feu-vif-5-kW-791x1024.jpg 791w, https:\/\/the-house-shop.com\/wp-content\/uploads\/2024\/04\/Feu-vif-5-kW-800x1036.jpg 800w, https:\/\/the-house-shop.com\/wp-content\/uploads\/2024\/04\/Feu-vif-5-kW-232x300.jpg 232w, https:\/\/the-house-shop.com\/wp-content\/uploads\/2024\/04\/Feu-vif-5-kW-768x994.jpg 768w, https:\/\/the-house-shop.com\/wp-content\/uploads\/2024\/04\/Feu-vif-5-kW-9x12.jpg 9w, https:\/\/the-house-shop.com\/wp-content\/uploads\/2024\/04\/Feu-vif-5-kW.jpg 1083w\" sizes=\"auto, (max-width: 791px) 100vw, 791px\" \/><\/figure>\n<\/div>\n\n\n\n<div class=\"wp-block-column is-layout-flow wp-block-column-is-layout-flow\">\n<h2 class=\"wp-block-heading\">1 gas burner with 5 kW<\/h2>\n\n\n\n<p>The 5 kW gas burner can be selected as a supplement to the main hob.<\/p>\n\n\n\n<ul class=\"wp-block-list\">\n<li>Intensive burner with 5kW<\/li>\n\n\n\n<li>Electric ignition<\/li>\n\n\n\n<li>Thermoelectric ignition fuse<\/li>\n\n\n\n<li>Pot grates made from enamelled cast iron<\/li>\n\n\n\n<li>Brass burner cap<\/li>\n\n\n\n<li>Ideal for wok pans (wok attachment available as an option) <\/li>\n<\/ul>\n<\/div>\n<\/div>\n<\/div>\n\n\n\n<div class=\"wp-block-column is-layout-flow wp-block-column-is-layout-flow\">\n<div class=\"wp-block-columns is-layout-flex wp-container-core-columns-is-layout-9d6595d7 wp-block-columns-is-layout-flex\">\n<div class=\"wp-block-column is-layout-flow wp-block-column-is-layout-flow\">\n<figure class=\"wp-block-image size-large\"><img loading=\"lazy\" decoding=\"async\" width=\"564\" height=\"1024\" src=\"https:\/\/the-house-shop.com\/wp-content\/uploads\/2024\/04\/2-feux-vifs-3-kW-564x1024.jpg\" alt=\"2 gas burners 3 kW each\" class=\"wp-image-6059\" style=\"aspect-ratio:1;object-fit:contain\" srcset=\"https:\/\/the-house-shop.com\/wp-content\/uploads\/2024\/04\/2-feux-vifs-3-kW-564x1024.jpg 564w, https:\/\/the-house-shop.com\/wp-content\/uploads\/2024\/04\/2-feux-vifs-3-kW-165x300.jpg 165w, https:\/\/the-house-shop.com\/wp-content\/uploads\/2024\/04\/2-feux-vifs-3-kW-768x1394.jpg 768w, https:\/\/the-house-shop.com\/wp-content\/uploads\/2024\/04\/2-feux-vifs-3-kW-7x12.jpg 7w, https:\/\/the-house-shop.com\/wp-content\/uploads\/2024\/04\/2-feux-vifs-3-kW.jpg 779w\" sizes=\"auto, (max-width: 564px) 100vw, 564px\" \/><\/figure>\n<\/div>\n\n\n\n<div class=\"wp-block-column is-layout-flow wp-block-column-is-layout-flow\">\n<h2 class=\"wp-block-heading\">2 gas burners with 3 kW each<\/h2>\n\n\n\n<p>The two 3 kW gas burners can be selected to supplement the main hob.<\/p>\n\n\n\n<ul class=\"wp-block-list\">\n<li>Two gas burners with 3kW each<\/li>\n\n\n\n<li>Electric ignition<\/li>\n\n\n\n<li>Thermoelectric ignition fuse<\/li>\n\n\n\n<li>Pot grates made from enamelled cast iron<\/li>\n\n\n\n<li>Brass burner cap<\/li>\n\n\n\n<li>Various accessories available as options (simmer plate, grill plate, etc.)<\/li>\n<\/ul>\n<\/div>\n<\/div>\n<\/div>\n<\/div>\n\n\n\n<div style=\"height:32px\" aria-hidden=\"true\" class=\"wp-block-spacer\"><\/div>\n\n\n\n<div class=\"wp-block-columns is-layout-flex wp-container-core-columns-is-layout-9d6595d7 wp-block-columns-is-layout-flex\">\n<div class=\"wp-block-column is-layout-flow wp-block-column-is-layout-flow\">\n<div class=\"wp-block-columns is-layout-flex wp-container-core-columns-is-layout-9d6595d7 wp-block-columns-is-layout-flex\">\n<div class=\"wp-block-column is-layout-flow wp-block-column-is-layout-flow\">\n<figure class=\"wp-block-image size-large\"><img loading=\"lazy\" decoding=\"async\" width=\"671\" height=\"1024\" src=\"https:\/\/the-house-shop.com\/wp-content\/uploads\/2024\/04\/LAE-020-VTR-2-foyers-radiants-671x1024.jpg\" alt=\" 2-zone Ceran glass ceramic\" class=\"wp-image-6067\" style=\"aspect-ratio:1;object-fit:contain\" srcset=\"https:\/\/the-house-shop.com\/wp-content\/uploads\/2024\/04\/LAE-020-VTR-2-foyers-radiants-671x1024.jpg 671w, https:\/\/the-house-shop.com\/wp-content\/uploads\/2024\/04\/LAE-020-VTR-2-foyers-radiants-800x1221.jpg 800w, https:\/\/the-house-shop.com\/wp-content\/uploads\/2024\/04\/LAE-020-VTR-2-foyers-radiants-196x300.jpg 196w, https:\/\/the-house-shop.com\/wp-content\/uploads\/2024\/04\/LAE-020-VTR-2-foyers-radiants-768x1173.jpg 768w, https:\/\/the-house-shop.com\/wp-content\/uploads\/2024\/04\/LAE-020-VTR-2-foyers-radiants-1006x1536.jpg 1006w, https:\/\/the-house-shop.com\/wp-content\/uploads\/2024\/04\/LAE-020-VTR-2-foyers-radiants-8x12.jpg 8w, https:\/\/the-house-shop.com\/wp-content\/uploads\/2024\/04\/LAE-020-VTR-2-foyers-radiants.jpg 1008w\" sizes=\"auto, (max-width: 671px) 100vw, 671px\" \/><\/figure>\n<\/div>\n\n\n\n<div class=\"wp-block-column is-layout-flow wp-block-column-is-layout-flow\">\n<h2 class=\"wp-block-heading\">2-zone Ceran glass ceramic<\/h2>\n\n\n\n<p>A 2-zone Ceran glass ceramic hob can be selected to complement the main hob. Not possible next to the \"Tradition\" gas hob with cast iron plate.<\/p>\n\n\n\n<ul class=\"wp-block-list\">\n<li>Glass ceramic plate<\/li>\n\n\n\n<li>Cooking zone \u00f8210mm 2.1kW<\/li>\n\n\n\n<li>Double cooking zone \u00f8 140mm, 1kW \/ 210mm, 2.1kW<\/li>\n\n\n\n<li>Residual heat display<\/li>\n\n\n\n<li>Operation with rotary knob (no touchscreen operation)<\/li>\n<\/ul>\n<\/div>\n<\/div>\n<\/div>\n\n\n\n<div class=\"wp-block-column is-layout-flow wp-block-column-is-layout-flow\">\n<div class=\"wp-block-columns is-layout-flex wp-container-core-columns-is-layout-9d6595d7 wp-block-columns-is-layout-flex\">\n<div class=\"wp-block-column is-layout-flow wp-block-column-is-layout-flow\">\n<figure class=\"wp-block-image size-large\"><img loading=\"lazy\" decoding=\"async\" width=\"671\" height=\"1024\" src=\"https:\/\/the-house-shop.com\/wp-content\/uploads\/2024\/04\/Induktion-671x1024.png\" alt=\" 2-zone induction\" class=\"wp-image-6068\" style=\"aspect-ratio:1;object-fit:contain\" srcset=\"https:\/\/the-house-shop.com\/wp-content\/uploads\/2024\/04\/Induktion-671x1024.png 671w, https:\/\/the-house-shop.com\/wp-content\/uploads\/2024\/04\/Induktion-800x1220.png 800w, https:\/\/the-house-shop.com\/wp-content\/uploads\/2024\/04\/Induktion-197x300.png 197w, https:\/\/the-house-shop.com\/wp-content\/uploads\/2024\/04\/Induktion-768x1172.png 768w, https:\/\/the-house-shop.com\/wp-content\/uploads\/2024\/04\/Induktion-1007x1536.png 1007w, https:\/\/the-house-shop.com\/wp-content\/uploads\/2024\/04\/Induktion-8x12.png 8w, https:\/\/the-house-shop.com\/wp-content\/uploads\/2024\/04\/Induktion.png 1018w\" sizes=\"auto, (max-width: 671px) 100vw, 671px\" \/><\/figure>\n<\/div>\n\n\n\n<div class=\"wp-block-column is-layout-flow wp-block-column-is-layout-flow\">\n<h2 class=\"wp-block-heading\">2-zone induction<\/h2>\n\n\n\n<p>This induction hob can be selected as a supplement to the main hob. Not possible next to the \"Tradition\" gas hob with cast iron plate.<\/p>\n\n\n\n<ul class=\"wp-block-list\">\n<li>Glass ceramic plate<\/li>\n\n\n\n<li>Booster function<\/li>\n\n\n\n<li>Automatic function<\/li>\n\n\n\n<li>Childproof lock<\/li>\n\n\n\n<li>Zone \u00f8200mm 1.85kW \/ 2.5kW booster<\/li>\n\n\n\n<li>Zone \u00f8145mm 1.4kW \/ 1.8kW booster<\/li>\n\n\n\n<li>Residual heat display<\/li>\n\n\n\n<li>Operation with rotary knob (no touchscreen operation)<\/li>\n<\/ul>\n<\/div>\n<\/div>\n<\/div>\n<\/div>\n\n\n\n<div style=\"height:32px\" aria-hidden=\"true\" class=\"wp-block-spacer\"><\/div>\n\n\n\n<div class=\"wp-block-columns is-layout-flex wp-container-core-columns-is-layout-9d6595d7 wp-block-columns-is-layout-flex\">\n<div class=\"wp-block-column is-layout-flow wp-block-column-is-layout-flow\" style=\"flex-basis:23%\">\n<figure class=\"wp-block-image size-large\"><img loading=\"lazy\" decoding=\"async\" width=\"654\" height=\"1024\" src=\"https:\/\/the-house-shop.com\/wp-content\/uploads\/2024\/04\/LAE-010-TPK-654x1024.jpg\" alt=\" Plancha\/Teppan Yaki\" class=\"wp-image-6074\" style=\"aspect-ratio:3\/4;object-fit:contain\" srcset=\"https:\/\/the-house-shop.com\/wp-content\/uploads\/2024\/04\/LAE-010-TPK-654x1024.jpg 654w, https:\/\/the-house-shop.com\/wp-content\/uploads\/2024\/04\/LAE-010-TPK-800x1253.jpg 800w, https:\/\/the-house-shop.com\/wp-content\/uploads\/2024\/04\/LAE-010-TPK-192x300.jpg 192w, https:\/\/the-house-shop.com\/wp-content\/uploads\/2024\/04\/LAE-010-TPK-768x1203.jpg 768w, https:\/\/the-house-shop.com\/wp-content\/uploads\/2024\/04\/LAE-010-TPK-981x1536.jpg 981w, https:\/\/the-house-shop.com\/wp-content\/uploads\/2024\/04\/LAE-010-TPK-8x12.jpg 8w, https:\/\/the-house-shop.com\/wp-content\/uploads\/2024\/04\/LAE-010-TPK.jpg 1087w\" sizes=\"auto, (max-width: 654px) 100vw, 654px\" \/><\/figure>\n<\/div>\n\n\n\n<div class=\"wp-block-column is-layout-flow wp-block-column-is-layout-flow\" style=\"flex-basis:77%\">\n<h2 class=\"wp-block-heading\">Teppan Yaki\/ Plancha<\/h2>\n\n\n\n<div class=\"wp-block-columns is-layout-flex wp-container-core-columns-is-layout-9d6595d7 wp-block-columns-is-layout-flex\">\n<div class=\"wp-block-column is-layout-flow wp-block-column-is-layout-flow\">\n<p>The Teppan Yaki consists of an 8 mm thick steel plate, which heats up for the cooking process. The steel plate is hard chrome-plated to create a smooth surface and to protect against rust. It takes some time for the steel plate to heat up, but the heat remains very constant afterwards, as the solid steel retains the temperature much better than any pan.<\/p>\n\n\n\n<p>Thanks to its smooth surface, the plancha is perfect for cooking finely chopped vegetables, thin pieces of meat or fish. Simple dishes such as potato pancakes, blinis, omelettes or scallops can also be quickly prepared on it. The various ingredients can be easily arranged, moved, fried and mixed if necessary.<\/p>\n<\/div>\n\n\n\n<div class=\"wp-block-column is-layout-flow wp-block-column-is-layout-flow\">\n<p>With Teppan Yaki, you can cook faster, healthier and, above all, with less effort. It allows you to cook different foods one after the other without having to change pans. All you need to do is briefly clean the plate in between. Thanks to the short cooking times, the food remains juicy and does not dry out. The nutrients and vitamins are also better preserved.<\/p>\n\n\n\n<p>The temperature regulator makes it possible to set precise temperatures. This also makes the plancha suitable for simmering or keeping food warm, as pots or pans can be placed on it without any problems.<\/p>\n<\/div>\n\n\n\n<div class=\"wp-block-column is-layout-flow wp-block-column-is-layout-flow\">\n<p>The chrome coating can be damaged if used incorrectly. It is therefore advisable to use wooden crockery or metal crockery with rounded corners. Knives must not be used under any circumstances.<\/p>\n\n\n\n<p>The Teppan Yaki has a permanently installed cover as standard, which protects the surface from scratches. When the Teppan Yaki is not in use, the cover can be used as a work surface.<\/p>\n\n\n\n<p>The plancha is compatible with all LACANCHE models from 110cm width as an option.<\/p>\n<\/div>\n<\/div>\n<\/div>\n<\/div>\n\n\n\n<div style=\"height:32px\" aria-hidden=\"true\" class=\"wp-block-spacer\"><\/div>\n\n\n\n<div class=\"wp-block-columns is-layout-flex wp-container-core-columns-is-layout-9d6595d7 wp-block-columns-is-layout-flex\">\n<div class=\"wp-block-column is-layout-flow wp-block-column-is-layout-flow\" style=\"flex-basis:23%\">\n<figure class=\"wp-block-image size-large\"><img loading=\"lazy\" decoding=\"async\" width=\"757\" height=\"1024\" src=\"https:\/\/the-house-shop.com\/wp-content\/uploads\/2024\/04\/LAE-010-CV-bis-757x1024.jpg\" alt=\"Steamer\/Baine Marie\" class=\"wp-image-6099\" style=\"aspect-ratio:3\/4;object-fit:contain\" srcset=\"https:\/\/the-house-shop.com\/wp-content\/uploads\/2024\/04\/LAE-010-CV-bis-757x1024.jpg 757w, https:\/\/the-house-shop.com\/wp-content\/uploads\/2024\/04\/LAE-010-CV-bis-800x1083.jpg 800w, https:\/\/the-house-shop.com\/wp-content\/uploads\/2024\/04\/LAE-010-CV-bis-222x300.jpg 222w, https:\/\/the-house-shop.com\/wp-content\/uploads\/2024\/04\/LAE-010-CV-bis-768x1039.jpg 768w, https:\/\/the-house-shop.com\/wp-content\/uploads\/2024\/04\/LAE-010-CV-bis-1135x1536.jpg 1135w, https:\/\/the-house-shop.com\/wp-content\/uploads\/2024\/04\/LAE-010-CV-bis-9x12.jpg 9w, https:\/\/the-house-shop.com\/wp-content\/uploads\/2024\/04\/LAE-010-CV-bis.jpg 1282w\" sizes=\"auto, (max-width: 757px) 100vw, 757px\" \/><\/figure>\n<\/div>\n\n\n\n<div class=\"wp-block-column is-layout-flow wp-block-column-is-layout-flow\" style=\"flex-basis:77%\">\n<h2 class=\"wp-block-heading\">Steamer\/Bain-Marie<\/h2>\n\n\n\n<div class=\"wp-block-columns is-layout-flex wp-container-core-columns-is-layout-9d6595d7 wp-block-columns-is-layout-flex\">\n<div class=\"wp-block-column is-layout-flow wp-block-column-is-layout-flow\">\n<p>The bain-marie was originally developed by LACANCHE for the in-house catering line in the professional sector. It is made entirely from hygienic chrome steel. <\/p>\n\n\n\n<p>The automatic filling function maintains the water level and ensures that the water temperature remains constant by constantly topping up small amounts of water (0.5dl). This is measured by a sensor. A very accurate thermostat simultaneously monitors the water temperature. Temperatures between 30 and 100 \u00b0C can be selected.<\/p>\n\n\n\n<p>The bain-marie offers the following cooking methods:<\/p>\n<\/div>\n\n\n\n<div class=\"wp-block-column is-layout-flow wp-block-column-is-layout-flow\">\n<p><strong>Steam (steamer)<\/strong><br>Enables even, gentle cooking with high humidity. Ideal for preparing vegetables, fish or meat.<\/p>\n\n\n\n<p><strong>Water bath (bain-marie)<\/strong><br>Enables very precise temperature control. Perfect for cooking delicate foods gently.<\/p>\n\n\n\n<p><\/p>\n<\/div>\n\n\n\n<div class=\"wp-block-column is-layout-flow wp-block-column-is-layout-flow\">\n<p><strong>Boiling water<\/strong><br>Enables cooking like in a pot (e.g. pasta) and also vacuum cooking and poaching.<\/p>\n\n\n\n<p>There are many different accessories available for the bain-marie as options for the corresponding cooking methods.<\/p>\n\n\n\n<p>The bain-marie is supplied as standard with a stainless steel GN 2\/3 container with lid, which is ideal for steam cooking.<\/p>\n<\/div>\n<\/div>\n<\/div>\n<\/div>\n\n\n\n<div style=\"height:32px\" aria-hidden=\"true\" class=\"wp-block-spacer\"><\/div>\n\n\n\n<div class=\"wp-block-columns is-layout-flex wp-container-core-columns-is-layout-9d6595d7 wp-block-columns-is-layout-flex\">\n<div class=\"wp-block-column is-layout-flow wp-block-column-is-layout-flow\" style=\"flex-basis:23%\">\n<figure class=\"wp-block-image size-large\"><img loading=\"lazy\" decoding=\"async\" width=\"594\" height=\"1024\" src=\"https:\/\/the-house-shop.com\/wp-content\/uploads\/2024\/04\/LAE-413-FR-594x1024.jpg\" alt=\"Deep fryer\" class=\"wp-image-6075\" style=\"aspect-ratio:3\/4;object-fit:contain\" srcset=\"https:\/\/the-house-shop.com\/wp-content\/uploads\/2024\/04\/LAE-413-FR-594x1024.jpg 594w, https:\/\/the-house-shop.com\/wp-content\/uploads\/2024\/04\/LAE-413-FR-800x1378.jpg 800w, https:\/\/the-house-shop.com\/wp-content\/uploads\/2024\/04\/LAE-413-FR-174x300.jpg 174w, https:\/\/the-house-shop.com\/wp-content\/uploads\/2024\/04\/LAE-413-FR-768x1323.jpg 768w, https:\/\/the-house-shop.com\/wp-content\/uploads\/2024\/04\/LAE-413-FR-891x1536.jpg 891w, https:\/\/the-house-shop.com\/wp-content\/uploads\/2024\/04\/LAE-413-FR-7x12.jpg 7w, https:\/\/the-house-shop.com\/wp-content\/uploads\/2024\/04\/LAE-413-FR.jpg 1029w\" sizes=\"auto, (max-width: 594px) 100vw, 594px\" \/><\/figure>\n<\/div>\n\n\n\n<div class=\"wp-block-column is-layout-flow wp-block-column-is-layout-flow\" style=\"flex-basis:77%\">\n<h2 class=\"wp-block-heading\">Deep fryer<\/h2>\n\n\n\n<div class=\"wp-block-columns is-layout-flex wp-container-core-columns-is-layout-9d6595d7 wp-block-columns-is-layout-flex\">\n<div class=\"wp-block-column is-layout-flow wp-block-column-is-layout-flow\">\n<p>Only a really powerful deep fryer will achieve optimum frying results. The quality depends on the ratio between the capacity and the power.<\/p>\n\n\n\n<p>With the LACANCHE deep fryer, which has a capacity of five litres and a total output of 3kW, excellent results are achieved thanks to the short frying time. <\/p>\n\n\n\n<p>The deep fryer is equipped with a cold zone, a thermostat and an emulsion zone and therefore offers a high degree of safety. <\/p>\n\n\n\n<p>The functional part is equipped with the heating and regulating element as well as safety components and is removable. <\/p>\n<\/div>\n\n\n\n<div class=\"wp-block-column is-layout-flow wp-block-column-is-layout-flow\">\n<p>The temperature can be set up to 200 \u00b0C. The timer can be set to a maximum of 15 minutes.<\/p>\n\n\n\n<p>The corners of the oil pan are rounded and there is an oil drain tap underneath, which makes cleaning much easier.<\/p>\n\n\n\n<p>The deep fryer is compatible with the following models:<\/p>\n\n\n\n<p>Chassagne, Chambertin, Cluny D 140cm, Cluny G 140cm, Fontenay, Citeaux, Sully D 180cm, Sully G 180cm, Sully 2200<\/p>\n\n\n\n<p>The deep fryer can only be placed above a storage cabinet without a heating function.<\/p>\n\n\n\n<p>The drain valve is located in the storage cabinet below.<\/p>\n<\/div>\n<\/div>\n<\/div>\n<\/div>\n\n\n\n<div style=\"height:32px\" aria-hidden=\"true\" class=\"wp-block-spacer\"><\/div>\n\n\n\n<div class=\"wp-block-columns is-layout-flex wp-container-core-columns-is-layout-9d6595d7 wp-block-columns-is-layout-flex\">\n<div class=\"wp-block-column is-layout-flow wp-block-column-is-layout-flow\">\n<div class=\"wp-block-columns is-layout-flex wp-container-core-columns-is-layout-9d6595d7 wp-block-columns-is-layout-flex\">\n<div class=\"wp-block-column is-layout-flow wp-block-column-is-layout-flow\">\n<figure class=\"wp-block-image size-large\"><img loading=\"lazy\" decoding=\"async\" width=\"590\" height=\"1024\" src=\"https:\/\/the-house-shop.com\/wp-content\/uploads\/2024\/04\/LAG-010-CKG-pe-590x1024.jpg\" alt=\"Grill\" class=\"wp-image-6092\" style=\"aspect-ratio:3\/4;object-fit:contain\" srcset=\"https:\/\/the-house-shop.com\/wp-content\/uploads\/2024\/04\/LAG-010-CKG-pe-590x1024.jpg 590w, https:\/\/the-house-shop.com\/wp-content\/uploads\/2024\/04\/LAG-010-CKG-pe-800x1389.jpg 800w, https:\/\/the-house-shop.com\/wp-content\/uploads\/2024\/04\/LAG-010-CKG-pe-173x300.jpg 173w, https:\/\/the-house-shop.com\/wp-content\/uploads\/2024\/04\/LAG-010-CKG-pe-768x1334.jpg 768w, https:\/\/the-house-shop.com\/wp-content\/uploads\/2024\/04\/LAG-010-CKG-pe-885x1536.jpg 885w, https:\/\/the-house-shop.com\/wp-content\/uploads\/2024\/04\/LAG-010-CKG-pe-7x12.jpg 7w, https:\/\/the-house-shop.com\/wp-content\/uploads\/2024\/04\/LAG-010-CKG-pe.jpg 941w\" sizes=\"auto, (max-width: 590px) 100vw, 590px\" \/><figcaption class=\"wp-element-caption\"><br><\/figcaption><\/figure>\n<\/div>\n\n\n\n<div class=\"wp-block-column is-layout-flow wp-block-column-is-layout-flow\">\n<h2 class=\"wp-block-heading\">Gas grill<\/h2>\n\n\n\n<p>The grill is made of enamelled chrome steel and can be adjusted in height (3 levels). The V-shaped grooves allow any fat or liquids that run off to drain into the collecting groove at the front. This prevents flames during the cooking process. There are lava stones above the 4 kW gas burner. They can reach temperatures of over 300 \u00b0C - caution is advised.<\/p>\n\n\n\n<p>The gas grill is much more precise than a charcoal grill. The temperature is easy to regulate and the lava stones underneath distribute the heat very evenly. However, the temperature setting only adjusts very slowly as the lava stones store a lot of heat.<\/p>\n\n\n\n<p>The gas barbecue has an electric ignition and a safety valve on the gas burner.<\/p>\n\n\n\n<p>260 x 460 mm 4kW gas<\/p>\n<\/div>\n<\/div>\n<\/div>\n\n\n\n<div class=\"wp-block-column is-layout-flow wp-block-column-is-layout-flow\">\n<div class=\"wp-block-columns is-layout-flex wp-container-core-columns-is-layout-9d6595d7 wp-block-columns-is-layout-flex\">\n<div class=\"wp-block-column is-layout-flow wp-block-column-is-layout-flow\">\n<figure class=\"wp-block-image size-large\"><img loading=\"lazy\" decoding=\"async\" width=\"590\" height=\"1024\" src=\"https:\/\/the-house-shop.com\/wp-content\/uploads\/2024\/04\/LAG-010-CKG-pe-590x1024.jpg\" alt=\"Grill\" class=\"wp-image-6092\" style=\"aspect-ratio:3\/4;object-fit:contain\" srcset=\"https:\/\/the-house-shop.com\/wp-content\/uploads\/2024\/04\/LAG-010-CKG-pe-590x1024.jpg 590w, https:\/\/the-house-shop.com\/wp-content\/uploads\/2024\/04\/LAG-010-CKG-pe-800x1389.jpg 800w, https:\/\/the-house-shop.com\/wp-content\/uploads\/2024\/04\/LAG-010-CKG-pe-173x300.jpg 173w, https:\/\/the-house-shop.com\/wp-content\/uploads\/2024\/04\/LAG-010-CKG-pe-768x1334.jpg 768w, https:\/\/the-house-shop.com\/wp-content\/uploads\/2024\/04\/LAG-010-CKG-pe-885x1536.jpg 885w, https:\/\/the-house-shop.com\/wp-content\/uploads\/2024\/04\/LAG-010-CKG-pe-7x12.jpg 7w, https:\/\/the-house-shop.com\/wp-content\/uploads\/2024\/04\/LAG-010-CKG-pe.jpg 941w\" sizes=\"auto, (max-width: 590px) 100vw, 590px\" \/><figcaption class=\"wp-element-caption\"><br><\/figcaption><\/figure>\n<\/div>\n\n\n\n<div class=\"wp-block-column is-layout-flow wp-block-column-is-layout-flow\">\n<h2 class=\"wp-block-heading\">Electric grill<\/h2>\n\n\n\n<p>The grill is made of enamelled chrome steel and can be adjusted in height (3 levels). The V-shaped grooves allow any fat or liquids that run off to drain into the collecting groove at the front. This prevents flames during the cooking process. Lava stones are located above the 2.5 kW heating elements. They can reach temperatures of over 300 \u00b0C - caution is advised.<\/p>\n\n\n\n<p>The electric grill is much more precise than a charcoal grill. The temperature is easy to regulate and the lava stones underneath distribute the heat very evenly. However, the temperature setting only adjusts very slowly as the lava stones store a lot of heat.<\/p>\n\n\n\n<p>275 x 460 mm 2.5kW<\/p>\n<\/div>\n<\/div>\n<\/div>\n<\/div>\n\n\n\n<p><\/p>","protected":false},"excerpt":{"rendered":"<p>LACANCHE Herde bieten umfangreiche Individualisierungsm\u00f6glichkeiten. Ein fundamentaler Bestandteil davon sind die Kochfelderg\u00e4nzungen. Kochfelderg\u00e4nzungen sind mit Kochherden ab 110 cm Breite m\u00f6glich. Hierzu eine \u00dcbersicht \u00fcber die verschiedenen Optionen. 1 Gasbrenner mit 5 kW Als Erg\u00e4nzung zum Hauptkochfeld kann der 5kW Gasbrenner gew\u00e4hlt werden. 2 Gasbrenner mit je 3 kW Als Erg\u00e4nzung zum Hauptkochfeld k\u00f6nnen die [&hellip;]<\/p>\n","protected":false},"author":1,"featured_media":5409,"parent":0,"menu_order":0,"comment_status":"closed","ping_status":"closed","template":"","meta":{"_acf_changed":false,"footnotes":""},"class_list":["post-6057","page","type-page","status-publish","has-post-thumbnail","hentry"],"acf":[],"_links":{"self":[{"href":"https:\/\/the-house-shop.com\/en\/wp-json\/wp\/v2\/pages\/6057","targetHints":{"allow":["GET"]}}],"collection":[{"href":"https:\/\/the-house-shop.com\/en\/wp-json\/wp\/v2\/pages"}],"about":[{"href":"https:\/\/the-house-shop.com\/en\/wp-json\/wp\/v2\/types\/page"}],"author":[{"embeddable":true,"href":"https:\/\/the-house-shop.com\/en\/wp-json\/wp\/v2\/users\/1"}],"replies":[{"embeddable":true,"href":"https:\/\/the-house-shop.com\/en\/wp-json\/wp\/v2\/comments?post=6057"}],"version-history":[{"count":30,"href":"https:\/\/the-house-shop.com\/en\/wp-json\/wp\/v2\/pages\/6057\/revisions"}],"predecessor-version":[{"id":6173,"href":"https:\/\/the-house-shop.com\/en\/wp-json\/wp\/v2\/pages\/6057\/revisions\/6173"}],"wp:featuredmedia":[{"embeddable":true,"href":"https:\/\/the-house-shop.com\/en\/wp-json\/wp\/v2\/media\/5409"}],"wp:attachment":[{"href":"https:\/\/the-house-shop.com\/en\/wp-json\/wp\/v2\/media?parent=6057"}],"curies":[{"name":"wp","href":"https:\/\/api.w.org\/{rel}","templated":true}]}}