{"id":5656,"date":"2024-03-28T16:07:30","date_gmt":"2024-03-28T15:07:30","guid":{"rendered":"https:\/\/new.the-house-shop.com\/?page_id=5656"},"modified":"2024-05-22T15:46:51","modified_gmt":"2024-05-22T13:46:51","slug":"kitchen-sink","status":"publish","type":"page","link":"https:\/\/the-house-shop.com\/en\/kuechenbecken\/","title":{"rendered":"Kitchen sink"},"content":{"rendered":"<div id=\"div_block-2-5665\" class=\"ct-div-block custom-home-hero\" ><\/div><div id=\"div_block-3-5665\" class=\"ct-div-block\" ><img decoding=\"async\"  id=\"image-4-5665\" alt=\"Handmade kitchen sink\" src=\"https:\/\/the-house-shop.com\/wp-content\/uploads\/2024\/03\/AF25220-scaled.jpg\" class=\"ct-image\" srcset-disabled=\"https:\/\/the-house-shop.com\/wp-content\/uploads\/2024\/03\/AF25220-scaled.jpg 2560w, https:\/\/the-house-shop.com\/wp-content\/uploads\/2024\/03\/AF25220-scaled-800x532.jpg 800w, https:\/\/the-house-shop.com\/wp-content\/uploads\/2024\/03\/AF25220-300x200.jpg 300w, https:\/\/the-house-shop.com\/wp-content\/uploads\/2024\/03\/AF25220-1024x681.jpg 1024w, https:\/\/the-house-shop.com\/wp-content\/uploads\/2024\/03\/AF25220-768x511.jpg 768w, https:\/\/the-house-shop.com\/wp-content\/uploads\/2024\/03\/AF25220-1536x1022.jpg 1536w, https:\/\/the-house-shop.com\/wp-content\/uploads\/2024\/03\/AF25220-2048x1363.jpg 2048w, https:\/\/the-house-shop.com\/wp-content\/uploads\/2024\/03\/AF25220-18x12.jpg 18w\" sizes=\"(max-width: 2560px) 100vw, 2560px\" \/><div id=\"div_block-5-5665\" class=\"ct-div-block\" ><section id=\"section-6-5665\" class=\"ct-section\" ><div class=\"ct-section-inner-wrap\"><h1 id=\"headline-7-5665\" class=\"ct-headline\">Kitchen sink<br><\/h1><div id=\"text_block-10-5665\" class=\"ct-text-block\" >Solid kitchen troughs made of hard stoneware.<br>Made in England.<\/div><\/div><\/section><\/div><\/div>\n\n\n<div class=\"wp-block-columns is-layout-flex wp-container-core-columns-is-layout-9d6595d7 wp-block-columns-is-layout-flex\">\n<div class=\"wp-block-column is-layout-flow wp-block-column-is-layout-flow\">\n<figure data-wp-context=\"{&quot;imageId&quot;:&quot;69fb598f2f01b&quot;}\" data-wp-interactive=\"core\/image\" data-wp-key=\"69fb598f2f01b\" class=\"wp-block-image size-large wp-lightbox-container\"><img loading=\"lazy\" decoding=\"async\" width=\"1024\" height=\"684\" data-wp-class--hide=\"state.isContentHidden\" data-wp-class--show=\"state.isContentVisible\" data-wp-init=\"callbacks.setButtonStyles\" data-wp-on--click=\"actions.showLightbox\" data-wp-on--load=\"callbacks.setButtonStyles\" data-wp-on-window--resize=\"callbacks.setButtonStyles\" src=\"https:\/\/the-house-shop.com\/wp-content\/uploads\/2024\/03\/AF3_2069_RT-1024x684.jpg\" alt=\"\" class=\"wp-image-5657\" srcset=\"https:\/\/the-house-shop.com\/wp-content\/uploads\/2024\/03\/AF3_2069_RT-1024x684.jpg 1024w, https:\/\/the-house-shop.com\/wp-content\/uploads\/2024\/03\/AF3_2069_RT-scaled-800x534.jpg 800w, https:\/\/the-house-shop.com\/wp-content\/uploads\/2024\/03\/AF3_2069_RT-300x200.jpg 300w, https:\/\/the-house-shop.com\/wp-content\/uploads\/2024\/03\/AF3_2069_RT-768x513.jpg 768w, https:\/\/the-house-shop.com\/wp-content\/uploads\/2024\/03\/AF3_2069_RT-1536x1025.jpg 1536w, https:\/\/the-house-shop.com\/wp-content\/uploads\/2024\/03\/AF3_2069_RT-2048x1367.jpg 2048w, https:\/\/the-house-shop.com\/wp-content\/uploads\/2024\/03\/AF3_2069_RT-18x12.jpg 18w, https:\/\/the-house-shop.com\/wp-content\/uploads\/2024\/03\/AF3_2069_RT-scaled.jpg 2560w\" sizes=\"auto, (max-width: 1024px) 100vw, 1024px\" \/><button\n\t\t\tclass=\"lightbox-trigger\"\n\t\t\ttype=\"button\"\n\t\t\taria-haspopup=\"dialog\"\n\t\t\taria-label=\"Enlarge\"\n\t\t\tdata-wp-init=\"callbacks.initTriggerButton\"\n\t\t\tdata-wp-on--click=\"actions.showLightbox\"\n\t\t\tdata-wp-style--right=\"state.imageButtonRight\"\n\t\t\tdata-wp-style--top=\"state.imageButtonTop\"\n\t\t>\n\t\t\t<svg xmlns=\"http:\/\/www.w3.org\/2000\/svg\" width=\"12\" height=\"12\" fill=\"none\" viewbox=\"0 0 12 12\">\n\t\t\t\t<path fill=\"#fff\" d=\"M2 0a2 2 0 0 0-2 2v2h1.5V2a.5.5 0 0 1 .5-.5h2V0H2Zm2 10.5H2a.5.5 0 0 1-.5-.5V8H0v2a2 2 0 0 0 2 2h2v-1.5ZM8 12v-1.5h2a.5.5 0 0 0 .5-.5V8H12v2a2 2 0 0 1-2 2H8Zm2-12a2 2 0 0 1 2 2v2h-1.5V2a.5.5 0 0 0-.5-.5H8V0h2Z\" \/>\n\t\t\t<\/svg>\n\t\t<\/button><\/figure>\n<\/div>\n\n\n\n<div class=\"wp-block-column is-layout-flow wp-block-column-is-layout-flow\">\n<h2 class=\"wp-block-heading\">Handmade in England<\/h2>\n\n\n\n<p>Our sinks are manufactured in a traditional factory in the north of England. For over 120 years, the sinks have been manufactured in an unchanged, handcrafted process.<\/p>\n\n\n\n<p>The complex manufacturing process requires a great deal of expertise and patience.<\/p>\n\n\n\n<p>First, a mould is made by hand. After a few days of drying, a special hard stone mixture is carefully poured into the mould by hand. As soon as the hard stone has reached the correct moisture content, the mould is carefully removed. The basin is then refined using special tools. Once it is flawless, the firing process begins, which takes place in several stages at different temperatures. This lengthy process takes several weeks. Before the final firing, the glaze is applied, which gives the basin its unmistakable brilliance.<\/p>\n\n\n\n<p>Hard stoneware is a very solid and robust material that gives kitchen sinks their durability and, with proper care, will last for generations.<\/p>\n<\/div>\n<\/div>\n\n\n\n<div class=\"wp-block-columns is-layout-flex wp-container-core-columns-is-layout-9d6595d7 wp-block-columns-is-layout-flex\">\n<div class=\"wp-block-column is-layout-flow wp-block-column-is-layout-flow\">\n<figure data-wp-context=\"{&quot;imageId&quot;:&quot;69fb598f303a4&quot;}\" data-wp-interactive=\"core\/image\" data-wp-key=\"69fb598f303a4\" class=\"wp-block-image size-large wp-lightbox-container\"><img loading=\"lazy\" decoding=\"async\" width=\"1024\" height=\"683\" data-wp-class--hide=\"state.isContentHidden\" data-wp-class--show=\"state.isContentVisible\" data-wp-init=\"callbacks.setButtonStyles\" data-wp-on--click=\"actions.showLightbox\" data-wp-on--load=\"callbacks.setButtonStyles\" data-wp-on-window--resize=\"callbacks.setButtonStyles\" src=\"https:\/\/the-house-shop.com\/wp-content\/uploads\/2024\/03\/kitchen-basin-6349-1024x683.jpg\" alt=\"Kitchen sink manufacturing process\" class=\"wp-image-5659\" srcset=\"https:\/\/the-house-shop.com\/wp-content\/uploads\/2024\/03\/kitchen-basin-6349-1024x683.jpg 1024w, https:\/\/the-house-shop.com\/wp-content\/uploads\/2024\/03\/kitchen-basin-6349-scaled-800x533.jpg 800w, https:\/\/the-house-shop.com\/wp-content\/uploads\/2024\/03\/kitchen-basin-6349-300x200.jpg 300w, https:\/\/the-house-shop.com\/wp-content\/uploads\/2024\/03\/kitchen-basin-6349-768x512.jpg 768w, https:\/\/the-house-shop.com\/wp-content\/uploads\/2024\/03\/kitchen-basin-6349-1536x1024.jpg 1536w, https:\/\/the-house-shop.com\/wp-content\/uploads\/2024\/03\/kitchen-basin-6349-2048x1365.jpg 2048w, https:\/\/the-house-shop.com\/wp-content\/uploads\/2024\/03\/kitchen-basin-6349-18x12.jpg 18w, https:\/\/the-house-shop.com\/wp-content\/uploads\/2024\/03\/kitchen-basin-6349-scaled.jpg 2560w\" sizes=\"auto, (max-width: 1024px) 100vw, 1024px\" \/><button\n\t\t\tclass=\"lightbox-trigger\"\n\t\t\ttype=\"button\"\n\t\t\taria-haspopup=\"dialog\"\n\t\t\taria-label=\"Enlarge\"\n\t\t\tdata-wp-init=\"callbacks.initTriggerButton\"\n\t\t\tdata-wp-on--click=\"actions.showLightbox\"\n\t\t\tdata-wp-style--right=\"state.imageButtonRight\"\n\t\t\tdata-wp-style--top=\"state.imageButtonTop\"\n\t\t>\n\t\t\t<svg xmlns=\"http:\/\/www.w3.org\/2000\/svg\" width=\"12\" height=\"12\" fill=\"none\" viewbox=\"0 0 12 12\">\n\t\t\t\t<path fill=\"#fff\" d=\"M2 0a2 2 0 0 0-2 2v2h1.5V2a.5.5 0 0 1 .5-.5h2V0H2Zm2 10.5H2a.5.5 0 0 1-.5-.5V8H0v2a2 2 0 0 0 2 2h2v-1.5ZM8 12v-1.5h2a.5.5 0 0 0 .5-.5V8H12v2a2 2 0 0 1-2 2H8Zm2-12a2 2 0 0 1 2 2v2h-1.5V2a.5.5 0 0 0-.5-.5H8V0h2Z\" \/>\n\t\t\t<\/svg>\n\t\t<\/button><\/figure>\n<\/div>\n\n\n\n<div class=\"wp-block-column is-layout-flow wp-block-column-is-layout-flow\">\n<figure data-wp-context=\"{&quot;imageId&quot;:&quot;69fb598f3083a&quot;}\" data-wp-interactive=\"core\/image\" data-wp-key=\"69fb598f3083a\" class=\"wp-block-image size-large wp-lightbox-container\"><img loading=\"lazy\" decoding=\"async\" width=\"1024\" height=\"684\" data-wp-class--hide=\"state.isContentHidden\" data-wp-class--show=\"state.isContentVisible\" data-wp-init=\"callbacks.setButtonStyles\" data-wp-on--click=\"actions.showLightbox\" data-wp-on--load=\"callbacks.setButtonStyles\" data-wp-on-window--resize=\"callbacks.setButtonStyles\" src=\"https:\/\/the-house-shop.com\/wp-content\/uploads\/2024\/03\/kitchen-basin-AF4_0910-1024x684.jpg\" alt=\"Kitchen sink manufacturing process\" class=\"wp-image-5661\" srcset=\"https:\/\/the-house-shop.com\/wp-content\/uploads\/2024\/03\/kitchen-basin-AF4_0910-1024x684.jpg 1024w, https:\/\/the-house-shop.com\/wp-content\/uploads\/2024\/03\/kitchen-basin-AF4_0910-scaled-800x534.jpg 800w, https:\/\/the-house-shop.com\/wp-content\/uploads\/2024\/03\/kitchen-basin-AF4_0910-300x200.jpg 300w, https:\/\/the-house-shop.com\/wp-content\/uploads\/2024\/03\/kitchen-basin-AF4_0910-768x513.jpg 768w, https:\/\/the-house-shop.com\/wp-content\/uploads\/2024\/03\/kitchen-basin-AF4_0910-1536x1025.jpg 1536w, https:\/\/the-house-shop.com\/wp-content\/uploads\/2024\/03\/kitchen-basin-AF4_0910-2048x1367.jpg 2048w, https:\/\/the-house-shop.com\/wp-content\/uploads\/2024\/03\/kitchen-basin-AF4_0910-18x12.jpg 18w, https:\/\/the-house-shop.com\/wp-content\/uploads\/2024\/03\/kitchen-basin-AF4_0910-scaled.jpg 2560w\" sizes=\"auto, (max-width: 1024px) 100vw, 1024px\" \/><button\n\t\t\tclass=\"lightbox-trigger\"\n\t\t\ttype=\"button\"\n\t\t\taria-haspopup=\"dialog\"\n\t\t\taria-label=\"Enlarge\"\n\t\t\tdata-wp-init=\"callbacks.initTriggerButton\"\n\t\t\tdata-wp-on--click=\"actions.showLightbox\"\n\t\t\tdata-wp-style--right=\"state.imageButtonRight\"\n\t\t\tdata-wp-style--top=\"state.imageButtonTop\"\n\t\t>\n\t\t\t<svg xmlns=\"http:\/\/www.w3.org\/2000\/svg\" width=\"12\" height=\"12\" fill=\"none\" viewbox=\"0 0 12 12\">\n\t\t\t\t<path fill=\"#fff\" d=\"M2 0a2 2 0 0 0-2 2v2h1.5V2a.5.5 0 0 1 .5-.5h2V0H2Zm2 10.5H2a.5.5 0 0 1-.5-.5V8H0v2a2 2 0 0 0 2 2h2v-1.5ZM8 12v-1.5h2a.5.5 0 0 0 .5-.5V8H12v2a2 2 0 0 1-2 2H8Zm2-12a2 2 0 0 1 2 2v2h-1.5V2a.5.5 0 0 0-.5-.5H8V0h2Z\" \/>\n\t\t\t<\/svg>\n\t\t<\/button><\/figure>\n<\/div>\n<\/div>\n\n\n\n<div style=\"height:100px\" aria-hidden=\"true\" class=\"wp-block-spacer\"><\/div>\n\n\n\n<h2 class=\"wp-block-heading\">Kitchen sink<\/h2>\n\n\n<!-- Gridbuilder \u1d42\u1d3e Plugin (https:\/\/wpgridbuilder.com) -->\n<div class=\"wp-grid-builder wpgb-grid-7 basins-products-preview\" data-options=\"{&quot;id&quot;:7,&quot;type&quot;:&quot;masonry&quot;,&quot;source&quot;:&quot;post_type&quot;,&quot;loader&quot;:false,&quot;layout&quot;:&quot;vertical&quot;,&quot;reveal&quot;:0,&quot;isMainQuery&quot;:false,&quot;lazyLoad&quot;:false,&quot;cardSizes&quot;:{&quot;9999&quot;:{&quot;columns&quot;:4,&quot;height&quot;:240,&quot;gutter&quot;:16,&quot;ratio&quot;:&quot;1.00000&quot;},&quot;1400&quot;:{&quot;columns&quot;:3,&quot;height&quot;:240,&quot;gutter&quot;:16,&quot;ratio&quot;:&quot;1.00000&quot;},&quot;992&quot;:{&quot;columns&quot;:2,&quot;height&quot;:220,&quot;gutter&quot;:16,&quot;ratio&quot;:&quot;1.00000&quot;},&quot;768&quot;:{&quot;columns&quot;:1,&quot;height&quot;:220,&quot;gutter&quot;:16,&quot;ratio&quot;:&quot;1.00000&quot;},&quot;576&quot;:{&quot;columns&quot;:1,&quot;height&quot;:200,&quot;gutter&quot;:16,&quot;ratio&quot;:&quot;1.00000&quot;},&quot;320&quot;:{&quot;columns&quot;:1,&quot;height&quot;:200,&quot;gutter&quot;:16,&quot;ratio&quot;:&quot;1.00000&quot;}},&quot;fitRows&quot;:true,&quot;equalRows&quot;:0,&quot;equalColumns&quot;:true,&quot;fillLastRow&quot;:0,&quot;centerLastRow&quot;:0,&quot;horizontalOrder&quot;:true,&quot;fullWidth&quot;:false,&quot;transitionDelay&quot;:100,&quot;gallerySlideshow&quot;:false,&quot;rowsNumber&quot;:1,&quot;slideAlign&quot;:&quot;left&quot;,&quot;groupCells&quot;:1,&quot;draggable&quot;:true,&quot;initialIndex&quot;:0,&quot;contain&quot;:false,&quot;freeScroll&quot;:false,&quot;freeFriction&quot;:&quot;0.075&quot;,&quot;friction&quot;:&quot;0.285&quot;,&quot;attraction&quot;:&quot;0.025&quot;,&quot;autoPlay&quot;:0,&quot;pageDotAriaLabel&quot;:&quot;Page dot %d&quot;,&quot;isPreview&quot;:false,&quot;isGutenberg&quot;:false,&quot;rightToLeft&quot;:false}\"><div class=\"wpgb-svg-icons\" hidden>\n\t<svg viewbox=\"0 0 120 24\" width=\"0\" height=\"0\">\n\t<defs>\n        <polygon id=\"wpgb-star-svg\" points=\"12 2.5 15.1 8.8 22 9.8 17 14.6 18.2 21.5 12 18.3 5.8 21.5 7 14.6 2 9.8 8.9 8.8\"><\/polygon>\n    <\/defs>\n    <symbol id=\"wpgb-rating-stars-svg\">\n        <use xlink:href=\"#wpgb-star-svg\"><\/use>\n        <use xlink:href=\"#wpgb-star-svg\" x=\"24\"><\/use>\n        <use xlink:href=\"#wpgb-star-svg\" x=\"48\"><\/use>\n        <use xlink:href=\"#wpgb-star-svg\" x=\"72\"><\/use>\n        <use xlink:href=\"#wpgb-star-svg\" x=\"96\"><\/use>\n    <\/symbol>\n<\/svg>\n<\/div>\n<div class=\"wpgb-wrapper\">\n\t<div class=\"wpgb-main\">\n\t<div class=\"wpgb-layout\">\n\t<div class=\"wpgb-viewport\">\n\t\t<div class=\"wpgb-masonry\">\n\t\t\t<article class=\"wpgb-card wpgb-card-2 wpgb-post-3223\" data-col=\"1\" data-row=\"1\" data-format=\"standard\" data-fluid><div class=\"wpgb-card-wrapper\"><div class=\"wpgb-card-inner\" data-action><div class=\"wpgb-card-media wpgb-scheme-light\"><svg data-ratio style=\"padding-top:125.13%\" viewbox=\"0 0 768 961\" aria-hidden=\"true\"><\/svg><div class=\"wpgb-card-media-thumbnail\"><a href=\"https:\/\/the-house-shop.com\/wp-content\/uploads\/2022\/02\/74001.jpg\" tabindex=\"-1\" class=\"wpgb-handle-lb wpgb-lightbox\" data-type=\"image\" data-rel=\"7\" data-title=\"74001\" title=\"Enlarge photo\"><div style=\"background-image:url(https:\/\/the-house-shop.com\/wp-content\/uploads\/2022\/02\/74001-768x961.jpg)\"><\/div><noscript><img loading=\"lazy\" decoding=\"async\" class=\"wpgb-noscript-img\" src=\"https:\/\/the-house-shop.com\/wp-content\/uploads\/2022\/02\/74001-768x961.jpg\" alt=\"SHAWS Kitchen Sink Kitchen Trough Classic Original England\" height=\"961\" width=\"768\"><\/noscript><\/a><\/div><div class=\"wpgb-card-media-overlay\"><\/div><\/div><div class=\"wpgb-card-content wpgb-scheme-dark\"><div class=\"wpgb-card-body\"><h3 class=\"wpgb-block-2\"><a href=\"https:\/\/the-house-shop.com\/en\/produkt\/belfast-kuechenbecken-74001\/\">BELFAST Kitchen sink 53.5 x 41 cm DISCONTINUED PRODUCT<\/a><\/h3><\/div><\/div><a class=\"wpgb-card-layer-link\" href=\"https:\/\/the-house-shop.com\/en\/produkt\/belfast-kuechenbecken-74001\/\"><\/a><\/div><\/div><\/article><article class=\"wpgb-card wpgb-card-2 wpgb-post-3239\" data-col=\"1\" data-row=\"1\" data-format=\"standard\" data-fluid><div class=\"wpgb-card-wrapper\"><div class=\"wpgb-card-inner\" data-action><div class=\"wpgb-card-media wpgb-scheme-light\"><svg data-ratio style=\"padding-top:125.13%\" viewbox=\"0 0 768 961\" aria-hidden=\"true\"><\/svg><div class=\"wpgb-card-media-thumbnail\"><a href=\"https:\/\/the-house-shop.com\/wp-content\/uploads\/2022\/02\/74001.jpg\" tabindex=\"-1\" class=\"wpgb-handle-lb wpgb-lightbox\" data-type=\"image\" data-rel=\"7\" data-title=\"74001\" title=\"Enlarge photo\"><div style=\"background-image:url(https:\/\/the-house-shop.com\/wp-content\/uploads\/2022\/02\/74001-768x961.jpg)\"><\/div><noscript><img loading=\"lazy\" decoding=\"async\" class=\"wpgb-noscript-img\" src=\"https:\/\/the-house-shop.com\/wp-content\/uploads\/2022\/02\/74001-768x961.jpg\" alt=\"SHAWS Kitchen Sink Kitchen Trough Classic Original England\" height=\"961\" width=\"768\"><\/noscript><\/a><\/div><div class=\"wpgb-card-media-overlay\"><\/div><\/div><div class=\"wpgb-card-content wpgb-scheme-dark\"><div class=\"wpgb-card-body\"><h3 class=\"wpgb-block-2\"><a href=\"https:\/\/the-house-shop.com\/en\/produkt\/belfast-kuechenbecken-74008\/\">BELFAST Kitchen sink 46 x 38 cm DISCONTINUED PRODUCT<\/a><\/h3><\/div><\/div><a class=\"wpgb-card-layer-link\" href=\"https:\/\/the-house-shop.com\/en\/produkt\/belfast-kuechenbecken-74008\/\"><\/a><\/div><\/div><\/article><article class=\"wpgb-card wpgb-card-2 wpgb-post-6582\" data-col=\"1\" data-row=\"1\" data-format=\"standard\" data-fluid><div class=\"wpgb-card-wrapper\"><div class=\"wpgb-card-inner\" data-action><div class=\"wpgb-card-media wpgb-scheme-light\"><svg data-ratio style=\"padding-top:125%\" viewbox=\"0 0 768 960\" aria-hidden=\"true\"><\/svg><div class=\"wpgb-card-media-thumbnail\"><a href=\"https:\/\/the-house-shop.com\/wp-content\/uploads\/2025\/05\/74052.jpg\" tabindex=\"-1\" class=\"wpgb-handle-lb wpgb-lightbox\" data-type=\"image\" data-rel=\"7\" data-title=\"74052\" data-desc=\"74052\" title=\"Enlarge photo\"><div style=\"background-image:url(https:\/\/the-house-shop.com\/wp-content\/uploads\/2025\/05\/74052-768x960.jpg)\"><\/div><noscript><img loading=\"lazy\" decoding=\"async\" class=\"wpgb-noscript-img\" src=\"https:\/\/the-house-shop.com\/wp-content\/uploads\/2025\/05\/74052-768x960.jpg\" alt=\"Solid ceramic kitchen trough in English, vintage style\" height=\"960\" width=\"768\"><\/noscript><\/a><\/div><div class=\"wpgb-card-media-overlay\"><\/div><\/div><div class=\"wpgb-card-content wpgb-scheme-dark\"><div class=\"wpgb-card-body\"><h3 class=\"wpgb-block-2\"><a href=\"https:\/\/the-house-shop.com\/en\/produkt\/belfast-kuechenbecken-59-5-x-46-cm\/\">BELFAST Kitchen sink<\/a><\/h3><\/div><\/div><a class=\"wpgb-card-layer-link\" href=\"https:\/\/the-house-shop.com\/en\/produkt\/belfast-kuechenbecken-59-5-x-46-cm\/\"><\/a><\/div><\/div><\/article><article class=\"wpgb-card wpgb-card-2 wpgb-post-6590\" data-col=\"1\" data-row=\"1\" data-format=\"standard\" data-fluid><div class=\"wpgb-card-wrapper\"><div class=\"wpgb-card-inner\" data-action><div class=\"wpgb-card-media wpgb-scheme-light\"><svg data-ratio style=\"padding-top:125%\" viewbox=\"0 0 768 960\" aria-hidden=\"true\"><\/svg><div class=\"wpgb-card-media-thumbnail\"><a href=\"https:\/\/the-house-shop.com\/wp-content\/uploads\/2025\/05\/74053-scaled.jpg\" tabindex=\"-1\" class=\"wpgb-handle-lb wpgb-lightbox\" data-type=\"image\" data-rel=\"7\" data-title=\"74053\" title=\"Enlarge photo\"><div style=\"background-image:url(https:\/\/the-house-shop.com\/wp-content\/uploads\/2025\/05\/74053-768x960.jpg)\"><\/div><noscript><img loading=\"lazy\" decoding=\"async\" class=\"wpgb-noscript-img\" src=\"https:\/\/the-house-shop.com\/wp-content\/uploads\/2025\/05\/74053-768x960.jpg\" alt=\"Retro ceramic kitchen trough in vintage style\" height=\"960\" width=\"768\"><\/noscript><\/a><\/div><div class=\"wpgb-card-media-overlay\"><\/div><\/div><div class=\"wpgb-card-content wpgb-scheme-dark\"><div class=\"wpgb-card-body\"><h3 class=\"wpgb-block-2\"><a href=\"https:\/\/the-house-shop.com\/en\/produkt\/belfast-kuechenbecken-59-5-x-46-cm-2-2\/\">BELFAST Kitchen sink<\/a><\/h3><\/div><\/div><a class=\"wpgb-card-layer-link\" href=\"https:\/\/the-house-shop.com\/en\/produkt\/belfast-kuechenbecken-59-5-x-46-cm-2-2\/\"><\/a><\/div><\/div><\/article><article class=\"wpgb-card wpgb-card-2 wpgb-post-6596\" data-col=\"1\" data-row=\"1\" data-format=\"standard\" data-fluid><div class=\"wpgb-card-wrapper\"><div class=\"wpgb-card-inner\" data-action><div class=\"wpgb-card-media wpgb-scheme-light\"><svg data-ratio style=\"padding-top:125%\" viewbox=\"0 0 768 960\" aria-hidden=\"true\"><\/svg><div class=\"wpgb-card-media-thumbnail\"><a href=\"https:\/\/the-house-shop.com\/wp-content\/uploads\/2025\/05\/74057-scaled.jpg\" tabindex=\"-1\" class=\"wpgb-handle-lb wpgb-lightbox\" data-type=\"image\" data-rel=\"7\" data-title=\"74057\" title=\"Enlarge photo\"><div style=\"background-image:url(https:\/\/the-house-shop.com\/wp-content\/uploads\/2025\/05\/74057-768x960.jpg)\"><\/div><noscript><img loading=\"lazy\" decoding=\"async\" class=\"wpgb-noscript-img\" src=\"https:\/\/the-house-shop.com\/wp-content\/uploads\/2025\/05\/74057-768x960.jpg\" alt=\"\" height=\"960\" width=\"768\"><\/noscript><\/a><\/div><div class=\"wpgb-card-media-overlay\"><\/div><\/div><div class=\"wpgb-card-content wpgb-scheme-dark\"><div class=\"wpgb-card-body\"><h3 class=\"wpgb-block-2\"><a href=\"https:\/\/the-house-shop.com\/en\/produkt\/preston-kuechenbecken-79-5-x-46-cm\/\">PRESTON Kitchen sink<\/a><\/h3><\/div><\/div><a class=\"wpgb-card-layer-link\" href=\"https:\/\/the-house-shop.com\/en\/produkt\/preston-kuechenbecken-79-5-x-46-cm\/\"><\/a><\/div><\/div><\/article><article class=\"wpgb-card wpgb-card-2 wpgb-post-6604\" data-col=\"1\" data-row=\"1\" data-format=\"standard\" data-fluid><div class=\"wpgb-card-wrapper\"><div class=\"wpgb-card-inner\" data-action><div class=\"wpgb-card-media wpgb-scheme-light\"><svg data-ratio style=\"padding-top:125%\" viewbox=\"0 0 768 960\" aria-hidden=\"true\"><\/svg><div class=\"wpgb-card-media-thumbnail\"><a href=\"https:\/\/the-house-shop.com\/wp-content\/uploads\/2025\/05\/74062-scaled.jpg\" tabindex=\"-1\" class=\"wpgb-handle-lb wpgb-lightbox\" data-type=\"image\" data-rel=\"7\" data-title=\"74062\" title=\"Enlarge photo\"><div style=\"background-image:url(https:\/\/the-house-shop.com\/wp-content\/uploads\/2025\/05\/74062-768x960.jpg)\"><\/div><noscript><img loading=\"lazy\" decoding=\"async\" class=\"wpgb-noscript-img\" src=\"https:\/\/the-house-shop.com\/wp-content\/uploads\/2025\/05\/74062-768x960.jpg\" alt=\"Solid double trough for classic country house kitchens. Made in England\" height=\"960\" width=\"768\"><\/noscript><\/a><\/div><div class=\"wpgb-card-media-overlay\"><\/div><\/div><div class=\"wpgb-card-content wpgb-scheme-dark\"><div class=\"wpgb-card-body\"><h3 class=\"wpgb-block-2\"><a href=\"https:\/\/the-house-shop.com\/en\/produkt\/bristol-doppel-kuechenbecken-89-5-x-46-5-cm\/\">BRISTOL Double kitchen sink<\/a><\/h3><\/div><\/div><a class=\"wpgb-card-layer-link\" href=\"https:\/\/the-house-shop.com\/en\/produkt\/bristol-doppel-kuechenbecken-89-5-x-46-5-cm\/\"><\/a><\/div><\/div><\/article><article class=\"wpgb-card wpgb-card-2 wpgb-post-6609\" data-col=\"1\" data-row=\"1\" data-format=\"standard\" data-fluid><div class=\"wpgb-card-wrapper\"><div class=\"wpgb-card-inner\" data-action><div class=\"wpgb-card-media wpgb-scheme-light\"><svg data-ratio style=\"padding-top:125%\" viewbox=\"0 0 768 960\" aria-hidden=\"true\"><\/svg><div class=\"wpgb-card-media-thumbnail\"><a href=\"https:\/\/the-house-shop.com\/wp-content\/uploads\/2025\/05\/74067-scaled.jpg\" tabindex=\"-1\" class=\"wpgb-handle-lb wpgb-lightbox\" data-type=\"image\" data-rel=\"7\" data-title=\"74067\" title=\"Enlarge photo\"><div style=\"background-image:url(https:\/\/the-house-shop.com\/wp-content\/uploads\/2025\/05\/74067-768x960.jpg)\"><\/div><noscript><img loading=\"lazy\" decoding=\"async\" class=\"wpgb-noscript-img\" src=\"https:\/\/the-house-shop.com\/wp-content\/uploads\/2025\/05\/74067-768x960.jpg\" alt=\"Traditional double washing trough made from solid hard stoneware\" height=\"960\" width=\"768\"><\/noscript><\/a><\/div><div class=\"wpgb-card-media-overlay\"><\/div><\/div><div class=\"wpgb-card-content wpgb-scheme-dark\"><div class=\"wpgb-card-body\"><h3 class=\"wpgb-block-2\"><a href=\"https:\/\/the-house-shop.com\/en\/produkt\/kingston-doppel-kuechenbecken\/\">KINGSTON Double kitchen sink<\/a><\/h3><\/div><\/div><a class=\"wpgb-card-layer-link\" href=\"https:\/\/the-house-shop.com\/en\/produkt\/kingston-doppel-kuechenbecken\/\"><\/a><\/div><\/div><\/article>\t\t<\/div>\n\t<\/div>\n\t<\/div>\n\t<\/div>\n\t\t<\/div>\n<\/div>\n\n\n\n<div style=\"height:100px\" aria-hidden=\"true\" class=\"wp-block-spacer\"><\/div>\n\n\n\n<div class=\"wp-block-buttons is-content-justification-center is-layout-flex wp-container-core-buttons-is-layout-16018d1d wp-block-buttons-is-layout-flex\">\n<div class=\"wp-block-button\"><a class=\"wp-block-button__link has-black-background-color has-background wp-element-button\" href=\"https:\/\/the-house-shop.com\/en\/product-category\/kitchen-sink\/\" style=\"border-radius:4px\">To the entire product selection<\/a><\/div>\n<\/div>","protected":false},"excerpt":{"rendered":"<p>Handmade in England Unsere Sp\u00fclbecken werden im Norden Englands in einer traditionsreichen Fabrik hergestellt. Seit \u00fcber 120 Jahren erfolgt die Fertigung der Becken in einem unver\u00e4nderten, handwerklichen Prozess. Der aufw\u00e4ndige Herstellungsprozess erfordert viel Know-how und Geduld. Zun\u00e4chst wird eine Gussform (\u201eMould\u201c) von Hand gefertigt. Nach einigen Tagen Trocknungszeit wird eine spezielle Hartsteingut-Mischung sorgf\u00e4ltig von Hand [&hellip;]<\/p>\n","protected":false},"author":1,"featured_media":0,"parent":0,"menu_order":0,"comment_status":"closed","ping_status":"closed","template":"","meta":{"_acf_changed":false,"footnotes":""},"class_list":["post-5656","page","type-page","status-publish","hentry"],"acf":[],"_links":{"self":[{"href":"https:\/\/the-house-shop.com\/en\/wp-json\/wp\/v2\/pages\/5656","targetHints":{"allow":["GET"]}}],"collection":[{"href":"https:\/\/the-house-shop.com\/en\/wp-json\/wp\/v2\/pages"}],"about":[{"href":"https:\/\/the-house-shop.com\/en\/wp-json\/wp\/v2\/types\/page"}],"author":[{"embeddable":true,"href":"https:\/\/the-house-shop.com\/en\/wp-json\/wp\/v2\/users\/1"}],"replies":[{"embeddable":true,"href":"https:\/\/the-house-shop.com\/en\/wp-json\/wp\/v2\/comments?post=5656"}],"version-history":[{"count":9,"href":"https:\/\/the-house-shop.com\/en\/wp-json\/wp\/v2\/pages\/5656\/revisions"}],"predecessor-version":[{"id":6213,"href":"https:\/\/the-house-shop.com\/en\/wp-json\/wp\/v2\/pages\/5656\/revisions\/6213"}],"wp:attachment":[{"href":"https:\/\/the-house-shop.com\/en\/wp-json\/wp\/v2\/media?parent=5656"}],"curies":[{"name":"wp","href":"https:\/\/api.w.org\/{rel}","templated":true}]}}