{"id":5177,"date":"2024-02-22T12:23:47","date_gmt":"2024-02-22T11:23:47","guid":{"rendered":"https:\/\/new.the-house-shop.com\/?page_id=5177"},"modified":"2025-05-22T18:48:56","modified_gmt":"2025-05-22T16:48:56","slug":"lacanche-info","status":"publish","type":"page","link":"https:\/\/the-house-shop.com\/en\/lacanche-infos\/","title":{"rendered":"Info about LACANCHE"},"content":{"rendered":"<div class=\"wp-block-columns is-layout-flex wp-container-core-columns-is-layout-9d6595d7 wp-block-columns-is-layout-flex\">\n<div class=\"wp-block-column is-layout-flow wp-block-column-is-layout-flow\">\n<h2 class=\"wp-block-heading\">Order process<\/h2>\n\n\n\n<p><\/p>\n\n\n\n<h3 class=\"wp-block-heading\">Counselling<\/h3>\n\n\n\n<p>There are countless LACANCHE cooker models. To get an overview of all the possibilities, we recommend a consultation in our showroom in Zurich. We have various models between 70 and 220 cm wide on display.<\/p>\n\n\n\n<div class=\"wp-block-buttons is-layout-flex wp-block-buttons-is-layout-flex\">\n<div class=\"wp-block-button\"><a class=\"wp-block-button__link has-black-background-color has-background wp-element-button\" href=\"\/en\/product-category\/lacanche\/\" style=\"border-radius:4px\">to the range<\/a><\/div>\n<\/div>\n\n\n\n<p><\/p>\n\n\n\n<h3 class=\"wp-block-heading\">Quote<\/h3>\n\n\n\n<p>After the consultation, we prepare a non-binding offer with a delivery deadline.<\/p>\n\n\n\n<h3 class=\"wp-block-heading\">order<\/h3>\n\n\n\n<p>Die Bestellung erfolgt ausschliesslich \u00fcber den ausf\u00fchrenden K\u00fcchenbauer oder Installateur.<\/p>\n\n\n\n<h3 class=\"wp-block-heading\">Down payment<\/h3>\n\n\n\n<p>When ordering a LACANCHE cooker, a deposit of 50% is payable. The invoice on account will be issued together with the order confirmation.<\/p>\n\n\n\n<h3 class=\"wp-block-heading\">Planning<\/h3>\n\n\n\n<p>After the order confirmation, you will receive all the documents for planning and connections. We will be happy to advise you on the planning or contact the kitchen builder directly.<\/p>\n\n\n\n<h3 class=\"wp-block-heading\">Notification and delivery<\/h3>\n\n\n\n<p>As soon as we are informed by the factory that the cooker will soon be ready, we will inform you and set a delivery date.<\/p>\n<\/div>\n\n\n\n<div class=\"wp-block-column is-layout-flow wp-block-column-is-layout-flow\">\n<h3 class=\"wp-block-heading\">delivery<\/h3>\n\n\n\n<p>The costs for delivery are specified in the quotation. These vary depending on the scope of delivery (size of cooker, with or without extractor bonnet) and place of delivery. The transport costs include delivery ex works (France) to the delivery address. Delivery is on pallets, free kerbside. All customs and import costs are covered.<\/p>\n\n\n\n<p>Please note that additional costs may be incurred for the placement of the cooker. Positioning means that the cooker has to be moved from the kerb into the kitchen and requires 2-3 men. This is normally done by the kitchen builder or organised by the architect or site manager on site. This is the most cost-effective solution.<\/p>\n\n\n\n<h3 class=\"wp-block-heading\">Installation<\/h3>\n\n\n\n<p>Installation is not included in the price and is not carried out by us. This must be carried out by a specialist. An electrician is required to connect the appliance to the mains. Depending on the model, a gas specialist is also required and a plumber is needed for water connections (only for steamers and bain-marie). Installation instructions are sent to the installer by email before delivery. No special knowledge is required for installation.<\/p>\n\n\n\n<h3 class=\"wp-block-heading\">Service<\/h3>\n\n\n\n<p>As the official representative of LACANCHE for Switzerland, we guarantee service and spare parts for all appliances purchased from us. We have a network of competent service companies that carry out repairs and services. We keep all standard spare parts in stock, specific spare parts must be ordered from the factory.<\/p>\n\n\n\n<p>LACANCHE appliances from abroad will not be serviced and no spare parts can be obtained from us.<\/p>\n\n\n\n<h3 class=\"wp-block-heading\">Guarantee<\/h3>\n\n\n\n<p>Wir gew\u00e4hren auf die LACANCHE Produkte 24 Monate Garantie ab Auslieferungsdatum vom Werk. Sch\u00e4den, die durch unsachgem\u00e4sse Installation oder w\u00e4hrend der Installation\/Platzierung des Ger\u00e4tes entstehen, sind nicht durch die Garantie abgedeckt. Die Garantie beschr\u00e4nkt sich auf den kostenlosen Ersatz von Teilen, die von uns bzw. LACANCHE als defekt anerkannt werden. Die Garantie beschr\u00e4nkt sich nur auf die Schweiz. (Bestimmung von LACANCHE).<\/p>\n\n\n\n<h3 class=\"wp-block-heading\">Zertifikation<\/h3>\n\n\n\n<p>Wir lassen alle LACANCHE Ger\u00e4te f\u00fcr den Schweizer Markt und dessen Anforderungen spezifisch herstellen. Aus diesem Grund verkaufen wir Ger\u00e4te ausschliesslich innerhalb der Schweiz. Sollte das Ger\u00e4t die Landesgrenzen verlassen, verf\u00e4llt automatisch die Garantie seitens LACANCHE.&nbsp;<\/p>\n\n\n\n<p>Unsere Ger\u00e4te sind von der (Schweizerischen) SVGW gepr\u00fcft und nach Auftragsbest\u00e4tigung k\u00f6nnen wir gerne die SVGW-Zertifikate zustellen.<\/p>\n<\/div>\n<\/div>","protected":false},"excerpt":{"rendered":"<p>Bestellablauf Beratung Es gibt unz\u00e4hlige LACANCHE Kochherd-Modelle. Um sich einen \u00dcberblick zu all den M\u00f6glichkeiten zu verschaffen, empfehlen wir eine Beratung in unserem Showroom in Z\u00fcrich. Wir haben diverse Modelle zwischen 70 - 220cm Breite ausgestellt. Offerte Nach dem Beratungsgespr\u00e4ch erstellen wir eine unverbindliche Offerte mit Lieferfrist. Bestellung Die Bestellung erfolgt ausschliesslich \u00fcber den ausf\u00fchrenden [&hellip;]<\/p>\n","protected":false},"author":1,"featured_media":4845,"parent":0,"menu_order":0,"comment_status":"closed","ping_status":"closed","template":"","meta":{"_acf_changed":false,"footnotes":""},"class_list":["post-5177","page","type-page","status-publish","has-post-thumbnail","hentry"],"acf":[],"_links":{"self":[{"href":"https:\/\/the-house-shop.com\/en\/wp-json\/wp\/v2\/pages\/5177","targetHints":{"allow":["GET"]}}],"collection":[{"href":"https:\/\/the-house-shop.com\/en\/wp-json\/wp\/v2\/pages"}],"about":[{"href":"https:\/\/the-house-shop.com\/en\/wp-json\/wp\/v2\/types\/page"}],"author":[{"embeddable":true,"href":"https:\/\/the-house-shop.com\/en\/wp-json\/wp\/v2\/users\/1"}],"replies":[{"embeddable":true,"href":"https:\/\/the-house-shop.com\/en\/wp-json\/wp\/v2\/comments?post=5177"}],"version-history":[{"count":18,"href":"https:\/\/the-house-shop.com\/en\/wp-json\/wp\/v2\/pages\/5177\/revisions"}],"predecessor-version":[{"id":6696,"href":"https:\/\/the-house-shop.com\/en\/wp-json\/wp\/v2\/pages\/5177\/revisions\/6696"}],"wp:featuredmedia":[{"embeddable":true,"href":"https:\/\/the-house-shop.com\/en\/wp-json\/wp\/v2\/media\/4845"}],"wp:attachment":[{"href":"https:\/\/the-house-shop.com\/en\/wp-json\/wp\/v2\/media?parent=5177"}],"curies":[{"name":"wp","href":"https:\/\/api.w.org\/{rel}","templated":true}]}}