{"id":5174,"date":"2024-02-22T12:16:01","date_gmt":"2024-02-22T11:16:01","guid":{"rendered":"https:\/\/new.the-house-shop.com\/?page_id=5174"},"modified":"2024-04-21T13:51:59","modified_gmt":"2024-04-21T11:51:59","slug":"showroom","status":"publish","type":"page","link":"https:\/\/the-house-shop.com\/en\/showroom\/","title":{"rendered":"Showroom"},"content":{"rendered":"<div class=\"wp-block-columns is-layout-flex wp-container-core-columns-is-layout-9d6595d7 wp-block-columns-is-layout-flex\">\n<div class=\"wp-block-column is-layout-flow wp-block-column-is-layout-flow\">\n<p>Visit our showroom at the foot of the Lindenhof in Zurich's old town. In our large exhibition we present various cookers from LACANCHE as well as tiles, radiators, taps, kitchen sinks and much more.<\/p>\n\n\n\n<p>We recommend making an appointment for a visit.<\/p>\n\n\n\n<div style=\"height:32px\" aria-hidden=\"true\" class=\"wp-block-spacer\"><\/div>\n\n\n\n<div class=\"wp-block-buttons is-layout-flex wp-block-buttons-is-layout-flex\">\n<div class=\"wp-block-button\"><a class=\"wp-block-button__link has-black-background-color has-background wp-element-button\" href=\"https:\/\/the-house-shop.com\/en\/contact\/\" style=\"border-radius:4px\">Contact &amp; Location<\/a><\/div>\n<\/div>\n<\/div>\n\n\n\n<div class=\"wp-block-column is-layout-flow wp-block-column-is-layout-flow\"><\/div>\n<\/div>\n\n\n\n<div style=\"height:100px\" aria-hidden=\"true\" class=\"wp-block-spacer\"><\/div>\n\n\n\n<figure class=\"wp-block-gallery has-nested-images columns-2 is-cropped wp-block-gallery-1 is-layout-flex wp-block-gallery-is-layout-flex\">\n<figure data-wp-context=\"{&quot;imageId&quot;:&quot;69e0ea3749a08&quot;}\" data-wp-interactive=\"core\/image\" data-wp-key=\"69e0ea3749a08\" class=\"wp-block-image size-large wp-lightbox-container\"><img loading=\"lazy\" decoding=\"async\" width=\"1024\" height=\"683\" data-wp-class--hide=\"state.isContentHidden\" data-wp-class--show=\"state.isContentVisible\" data-wp-init=\"callbacks.setButtonStyles\" data-wp-on--click=\"actions.showLightbox\" data-wp-on--load=\"callbacks.setButtonStyles\" data-wp-on-window--resize=\"callbacks.setButtonStyles\" data-id=\"5372\" src=\"https:\/\/the-house-shop.com\/wp-content\/uploads\/2024\/03\/Lacanche-Showroom-1-1024x683.jpg\" alt=\"\" class=\"wp-image-5372\" srcset=\"https:\/\/the-house-shop.com\/wp-content\/uploads\/2024\/03\/Lacanche-Showroom-1-1024x683.jpg 1024w, https:\/\/the-house-shop.com\/wp-content\/uploads\/2024\/03\/Lacanche-Showroom-1-800x533.jpg 800w, https:\/\/the-house-shop.com\/wp-content\/uploads\/2024\/03\/Lacanche-Showroom-1-300x200.jpg 300w, https:\/\/the-house-shop.com\/wp-content\/uploads\/2024\/03\/Lacanche-Showroom-1-768x512.jpg 768w, https:\/\/the-house-shop.com\/wp-content\/uploads\/2024\/03\/Lacanche-Showroom-1-1536x1024.jpg 1536w, https:\/\/the-house-shop.com\/wp-content\/uploads\/2024\/03\/Lacanche-Showroom-1-2048x1366.jpg 2048w, https:\/\/the-house-shop.com\/wp-content\/uploads\/2024\/03\/Lacanche-Showroom-1-18x12.jpg 18w, https:\/\/the-house-shop.com\/wp-content\/uploads\/2024\/03\/Lacanche-Showroom-1-600x400.jpg 600w, https:\/\/the-house-shop.com\/wp-content\/uploads\/2024\/03\/Lacanche-Showroom-1.jpg 2560w\" sizes=\"auto, (max-width: 1024px) 100vw, 1024px\" \/><button\n\t\t\tclass=\"lightbox-trigger\"\n\t\t\ttype=\"button\"\n\t\t\taria-haspopup=\"dialog\"\n\t\t\taria-label=\"Enlarge\"\n\t\t\tdata-wp-init=\"callbacks.initTriggerButton\"\n\t\t\tdata-wp-on--click=\"actions.showLightbox\"\n\t\t\tdata-wp-style--right=\"state.imageButtonRight\"\n\t\t\tdata-wp-style--top=\"state.imageButtonTop\"\n\t\t>\n\t\t\t<svg xmlns=\"http:\/\/www.w3.org\/2000\/svg\" width=\"12\" height=\"12\" fill=\"none\" viewbox=\"0 0 12 12\">\n\t\t\t\t<path fill=\"#fff\" d=\"M2 0a2 2 0 0 0-2 2v2h1.5V2a.5.5 0 0 1 .5-.5h2V0H2Zm2 10.5H2a.5.5 0 0 1-.5-.5V8H0v2a2 2 0 0 0 2 2h2v-1.5ZM8 12v-1.5h2a.5.5 0 0 0 .5-.5V8H12v2a2 2 0 0 1-2 2H8Zm2-12a2 2 0 0 1 2 2v2h-1.5V2a.5.5 0 0 0-.5-.5H8V0h2Z\" \/>\n\t\t\t<\/svg>\n\t\t<\/button><\/figure>\n\n\n\n<figure data-wp-context=\"{&quot;imageId&quot;:&quot;69e0ea3749f3c&quot;}\" data-wp-interactive=\"core\/image\" data-wp-key=\"69e0ea3749f3c\" class=\"wp-block-image size-large wp-lightbox-container\"><img loading=\"lazy\" decoding=\"async\" width=\"1024\" height=\"683\" data-wp-class--hide=\"state.isContentHidden\" data-wp-class--show=\"state.isContentVisible\" data-wp-init=\"callbacks.setButtonStyles\" data-wp-on--click=\"actions.showLightbox\" data-wp-on--load=\"callbacks.setButtonStyles\" data-wp-on-window--resize=\"callbacks.setButtonStyles\" data-id=\"5373\" src=\"https:\/\/the-house-shop.com\/wp-content\/uploads\/2024\/03\/Lacanche-Showroom-2-1024x683.jpg\" alt=\"\" class=\"wp-image-5373\" srcset=\"https:\/\/the-house-shop.com\/wp-content\/uploads\/2024\/03\/Lacanche-Showroom-2-1024x683.jpg 1024w, https:\/\/the-house-shop.com\/wp-content\/uploads\/2024\/03\/Lacanche-Showroom-2-800x533.jpg 800w, https:\/\/the-house-shop.com\/wp-content\/uploads\/2024\/03\/Lacanche-Showroom-2-300x200.jpg 300w, https:\/\/the-house-shop.com\/wp-content\/uploads\/2024\/03\/Lacanche-Showroom-2-768x512.jpg 768w, https:\/\/the-house-shop.com\/wp-content\/uploads\/2024\/03\/Lacanche-Showroom-2-1536x1024.jpg 1536w, https:\/\/the-house-shop.com\/wp-content\/uploads\/2024\/03\/Lacanche-Showroom-2-2048x1366.jpg 2048w, https:\/\/the-house-shop.com\/wp-content\/uploads\/2024\/03\/Lacanche-Showroom-2-18x12.jpg 18w, https:\/\/the-house-shop.com\/wp-content\/uploads\/2024\/03\/Lacanche-Showroom-2-600x400.jpg 600w, https:\/\/the-house-shop.com\/wp-content\/uploads\/2024\/03\/Lacanche-Showroom-2.jpg 2560w\" sizes=\"auto, (max-width: 1024px) 100vw, 1024px\" \/><button\n\t\t\tclass=\"lightbox-trigger\"\n\t\t\ttype=\"button\"\n\t\t\taria-haspopup=\"dialog\"\n\t\t\taria-label=\"Enlarge\"\n\t\t\tdata-wp-init=\"callbacks.initTriggerButton\"\n\t\t\tdata-wp-on--click=\"actions.showLightbox\"\n\t\t\tdata-wp-style--right=\"state.imageButtonRight\"\n\t\t\tdata-wp-style--top=\"state.imageButtonTop\"\n\t\t>\n\t\t\t<svg xmlns=\"http:\/\/www.w3.org\/2000\/svg\" width=\"12\" height=\"12\" fill=\"none\" viewbox=\"0 0 12 12\">\n\t\t\t\t<path fill=\"#fff\" d=\"M2 0a2 2 0 0 0-2 2v2h1.5V2a.5.5 0 0 1 .5-.5h2V0H2Zm2 10.5H2a.5.5 0 0 1-.5-.5V8H0v2a2 2 0 0 0 2 2h2v-1.5ZM8 12v-1.5h2a.5.5 0 0 0 .5-.5V8H12v2a2 2 0 0 1-2 2H8Zm2-12a2 2 0 0 1 2 2v2h-1.5V2a.5.5 0 0 0-.5-.5H8V0h2Z\" \/>\n\t\t\t<\/svg>\n\t\t<\/button><\/figure>\n\n\n\n<figure data-wp-context=\"{&quot;imageId&quot;:&quot;69e0ea374a38d&quot;}\" data-wp-interactive=\"core\/image\" data-wp-key=\"69e0ea374a38d\" class=\"wp-block-image size-large wp-lightbox-container\"><img loading=\"lazy\" decoding=\"async\" width=\"1024\" height=\"683\" data-wp-class--hide=\"state.isContentHidden\" data-wp-class--show=\"state.isContentVisible\" data-wp-init=\"callbacks.setButtonStyles\" data-wp-on--click=\"actions.showLightbox\" data-wp-on--load=\"callbacks.setButtonStyles\" data-wp-on-window--resize=\"callbacks.setButtonStyles\" data-id=\"5374\" src=\"https:\/\/the-house-shop.com\/wp-content\/uploads\/2024\/03\/Lacanche-Showroom-3-1024x683.jpg\" alt=\"\" class=\"wp-image-5374\" srcset=\"https:\/\/the-house-shop.com\/wp-content\/uploads\/2024\/03\/Lacanche-Showroom-3-1024x683.jpg 1024w, https:\/\/the-house-shop.com\/wp-content\/uploads\/2024\/03\/Lacanche-Showroom-3-800x534.jpg 800w, https:\/\/the-house-shop.com\/wp-content\/uploads\/2024\/03\/Lacanche-Showroom-3-300x200.jpg 300w, https:\/\/the-house-shop.com\/wp-content\/uploads\/2024\/03\/Lacanche-Showroom-3-768x512.jpg 768w, https:\/\/the-house-shop.com\/wp-content\/uploads\/2024\/03\/Lacanche-Showroom-3-1536x1025.jpg 1536w, https:\/\/the-house-shop.com\/wp-content\/uploads\/2024\/03\/Lacanche-Showroom-3-2048x1366.jpg 2048w, https:\/\/the-house-shop.com\/wp-content\/uploads\/2024\/03\/Lacanche-Showroom-3-18x12.jpg 18w, https:\/\/the-house-shop.com\/wp-content\/uploads\/2024\/03\/Lacanche-Showroom-3-600x400.jpg 600w, https:\/\/the-house-shop.com\/wp-content\/uploads\/2024\/03\/Lacanche-Showroom-3.jpg 2560w\" sizes=\"auto, (max-width: 1024px) 100vw, 1024px\" \/><button\n\t\t\tclass=\"lightbox-trigger\"\n\t\t\ttype=\"button\"\n\t\t\taria-haspopup=\"dialog\"\n\t\t\taria-label=\"Enlarge\"\n\t\t\tdata-wp-init=\"callbacks.initTriggerButton\"\n\t\t\tdata-wp-on--click=\"actions.showLightbox\"\n\t\t\tdata-wp-style--right=\"state.imageButtonRight\"\n\t\t\tdata-wp-style--top=\"state.imageButtonTop\"\n\t\t>\n\t\t\t<svg xmlns=\"http:\/\/www.w3.org\/2000\/svg\" width=\"12\" height=\"12\" fill=\"none\" viewbox=\"0 0 12 12\">\n\t\t\t\t<path fill=\"#fff\" d=\"M2 0a2 2 0 0 0-2 2v2h1.5V2a.5.5 0 0 1 .5-.5h2V0H2Zm2 10.5H2a.5.5 0 0 1-.5-.5V8H0v2a2 2 0 0 0 2 2h2v-1.5ZM8 12v-1.5h2a.5.5 0 0 0 .5-.5V8H12v2a2 2 0 0 1-2 2H8Zm2-12a2 2 0 0 1 2 2v2h-1.5V2a.5.5 0 0 0-.5-.5H8V0h2Z\" \/>\n\t\t\t<\/svg>\n\t\t<\/button><\/figure>\n\n\n\n<figure data-wp-context=\"{&quot;imageId&quot;:&quot;69e0ea374a798&quot;}\" data-wp-interactive=\"core\/image\" data-wp-key=\"69e0ea374a798\" class=\"wp-block-image size-large wp-lightbox-container\"><img loading=\"lazy\" decoding=\"async\" width=\"1024\" height=\"683\" data-wp-class--hide=\"state.isContentHidden\" data-wp-class--show=\"state.isContentVisible\" data-wp-init=\"callbacks.setButtonStyles\" data-wp-on--click=\"actions.showLightbox\" data-wp-on--load=\"callbacks.setButtonStyles\" data-wp-on-window--resize=\"callbacks.setButtonStyles\" data-id=\"5375\" src=\"https:\/\/the-house-shop.com\/wp-content\/uploads\/2024\/03\/Lacanche-Showroom-4-1024x683.jpg\" alt=\"\" class=\"wp-image-5375\" srcset=\"https:\/\/the-house-shop.com\/wp-content\/uploads\/2024\/03\/Lacanche-Showroom-4-1024x683.jpg 1024w, https:\/\/the-house-shop.com\/wp-content\/uploads\/2024\/03\/Lacanche-Showroom-4-800x534.jpg 800w, https:\/\/the-house-shop.com\/wp-content\/uploads\/2024\/03\/Lacanche-Showroom-4-300x200.jpg 300w, https:\/\/the-house-shop.com\/wp-content\/uploads\/2024\/03\/Lacanche-Showroom-4-768x512.jpg 768w, https:\/\/the-house-shop.com\/wp-content\/uploads\/2024\/03\/Lacanche-Showroom-4-1536x1025.jpg 1536w, https:\/\/the-house-shop.com\/wp-content\/uploads\/2024\/03\/Lacanche-Showroom-4-2048x1366.jpg 2048w, https:\/\/the-house-shop.com\/wp-content\/uploads\/2024\/03\/Lacanche-Showroom-4-18x12.jpg 18w, https:\/\/the-house-shop.com\/wp-content\/uploads\/2024\/03\/Lacanche-Showroom-4-600x400.jpg 600w, https:\/\/the-house-shop.com\/wp-content\/uploads\/2024\/03\/Lacanche-Showroom-4.jpg 2560w\" sizes=\"auto, (max-width: 1024px) 100vw, 1024px\" \/><button\n\t\t\tclass=\"lightbox-trigger\"\n\t\t\ttype=\"button\"\n\t\t\taria-haspopup=\"dialog\"\n\t\t\taria-label=\"Enlarge\"\n\t\t\tdata-wp-init=\"callbacks.initTriggerButton\"\n\t\t\tdata-wp-on--click=\"actions.showLightbox\"\n\t\t\tdata-wp-style--right=\"state.imageButtonRight\"\n\t\t\tdata-wp-style--top=\"state.imageButtonTop\"\n\t\t>\n\t\t\t<svg xmlns=\"http:\/\/www.w3.org\/2000\/svg\" width=\"12\" height=\"12\" fill=\"none\" viewbox=\"0 0 12 12\">\n\t\t\t\t<path fill=\"#fff\" d=\"M2 0a2 2 0 0 0-2 2v2h1.5V2a.5.5 0 0 1 .5-.5h2V0H2Zm2 10.5H2a.5.5 0 0 1-.5-.5V8H0v2a2 2 0 0 0 2 2h2v-1.5ZM8 12v-1.5h2a.5.5 0 0 0 .5-.5V8H12v2a2 2 0 0 1-2 2H8Zm2-12a2 2 0 0 1 2 2v2h-1.5V2a.5.5 0 0 0-.5-.5H8V0h2Z\" \/>\n\t\t\t<\/svg>\n\t\t<\/button><\/figure>\n\n\n\n<figure data-wp-context=\"{&quot;imageId&quot;:&quot;69e0ea374ac26&quot;}\" data-wp-interactive=\"core\/image\" data-wp-key=\"69e0ea374ac26\" class=\"wp-block-image size-large wp-lightbox-container\"><img loading=\"lazy\" decoding=\"async\" width=\"1024\" height=\"683\" data-wp-class--hide=\"state.isContentHidden\" data-wp-class--show=\"state.isContentVisible\" data-wp-init=\"callbacks.setButtonStyles\" data-wp-on--click=\"actions.showLightbox\" data-wp-on--load=\"callbacks.setButtonStyles\" data-wp-on-window--resize=\"callbacks.setButtonStyles\" data-id=\"5376\" src=\"https:\/\/the-house-shop.com\/wp-content\/uploads\/2024\/03\/Lacanche-Showroom-5-1024x683.jpg\" alt=\"\" class=\"wp-image-5376\" srcset=\"https:\/\/the-house-shop.com\/wp-content\/uploads\/2024\/03\/Lacanche-Showroom-5-1024x683.jpg 1024w, https:\/\/the-house-shop.com\/wp-content\/uploads\/2024\/03\/Lacanche-Showroom-5-800x533.jpg 800w, https:\/\/the-house-shop.com\/wp-content\/uploads\/2024\/03\/Lacanche-Showroom-5-300x200.jpg 300w, https:\/\/the-house-shop.com\/wp-content\/uploads\/2024\/03\/Lacanche-Showroom-5-768x512.jpg 768w, https:\/\/the-house-shop.com\/wp-content\/uploads\/2024\/03\/Lacanche-Showroom-5-1536x1024.jpg 1536w, https:\/\/the-house-shop.com\/wp-content\/uploads\/2024\/03\/Lacanche-Showroom-5-2048x1366.jpg 2048w, https:\/\/the-house-shop.com\/wp-content\/uploads\/2024\/03\/Lacanche-Showroom-5-18x12.jpg 18w, https:\/\/the-house-shop.com\/wp-content\/uploads\/2024\/03\/Lacanche-Showroom-5-600x400.jpg 600w, https:\/\/the-house-shop.com\/wp-content\/uploads\/2024\/03\/Lacanche-Showroom-5.jpg 2560w\" sizes=\"auto, (max-width: 1024px) 100vw, 1024px\" \/><button\n\t\t\tclass=\"lightbox-trigger\"\n\t\t\ttype=\"button\"\n\t\t\taria-haspopup=\"dialog\"\n\t\t\taria-label=\"Enlarge\"\n\t\t\tdata-wp-init=\"callbacks.initTriggerButton\"\n\t\t\tdata-wp-on--click=\"actions.showLightbox\"\n\t\t\tdata-wp-style--right=\"state.imageButtonRight\"\n\t\t\tdata-wp-style--top=\"state.imageButtonTop\"\n\t\t>\n\t\t\t<svg xmlns=\"http:\/\/www.w3.org\/2000\/svg\" width=\"12\" height=\"12\" fill=\"none\" viewbox=\"0 0 12 12\">\n\t\t\t\t<path fill=\"#fff\" d=\"M2 0a2 2 0 0 0-2 2v2h1.5V2a.5.5 0 0 1 .5-.5h2V0H2Zm2 10.5H2a.5.5 0 0 1-.5-.5V8H0v2a2 2 0 0 0 2 2h2v-1.5ZM8 12v-1.5h2a.5.5 0 0 0 .5-.5V8H12v2a2 2 0 0 1-2 2H8Zm2-12a2 2 0 0 1 2 2v2h-1.5V2a.5.5 0 0 0-.5-.5H8V0h2Z\" \/>\n\t\t\t<\/svg>\n\t\t<\/button><\/figure>\n\n\n\n<figure data-wp-context=\"{&quot;imageId&quot;:&quot;69e0ea374b012&quot;}\" data-wp-interactive=\"core\/image\" data-wp-key=\"69e0ea374b012\" class=\"wp-block-image size-large wp-lightbox-container\"><img loading=\"lazy\" decoding=\"async\" width=\"1024\" height=\"683\" data-wp-class--hide=\"state.isContentHidden\" data-wp-class--show=\"state.isContentVisible\" data-wp-init=\"callbacks.setButtonStyles\" data-wp-on--click=\"actions.showLightbox\" data-wp-on--load=\"callbacks.setButtonStyles\" data-wp-on-window--resize=\"callbacks.setButtonStyles\" data-id=\"5377\" src=\"https:\/\/the-house-shop.com\/wp-content\/uploads\/2024\/03\/Lacanche-Showroom-6-1024x683.jpg\" alt=\"\" class=\"wp-image-5377\" srcset=\"https:\/\/the-house-shop.com\/wp-content\/uploads\/2024\/03\/Lacanche-Showroom-6-1024x683.jpg 1024w, https:\/\/the-house-shop.com\/wp-content\/uploads\/2024\/03\/Lacanche-Showroom-6-800x534.jpg 800w, https:\/\/the-house-shop.com\/wp-content\/uploads\/2024\/03\/Lacanche-Showroom-6-300x200.jpg 300w, https:\/\/the-house-shop.com\/wp-content\/uploads\/2024\/03\/Lacanche-Showroom-6-768x512.jpg 768w, https:\/\/the-house-shop.com\/wp-content\/uploads\/2024\/03\/Lacanche-Showroom-6-1536x1025.jpg 1536w, https:\/\/the-house-shop.com\/wp-content\/uploads\/2024\/03\/Lacanche-Showroom-6-2048x1366.jpg 2048w, https:\/\/the-house-shop.com\/wp-content\/uploads\/2024\/03\/Lacanche-Showroom-6-18x12.jpg 18w, https:\/\/the-house-shop.com\/wp-content\/uploads\/2024\/03\/Lacanche-Showroom-6-600x400.jpg 600w, https:\/\/the-house-shop.com\/wp-content\/uploads\/2024\/03\/Lacanche-Showroom-6.jpg 2560w\" sizes=\"auto, (max-width: 1024px) 100vw, 1024px\" \/><button\n\t\t\tclass=\"lightbox-trigger\"\n\t\t\ttype=\"button\"\n\t\t\taria-haspopup=\"dialog\"\n\t\t\taria-label=\"Enlarge\"\n\t\t\tdata-wp-init=\"callbacks.initTriggerButton\"\n\t\t\tdata-wp-on--click=\"actions.showLightbox\"\n\t\t\tdata-wp-style--right=\"state.imageButtonRight\"\n\t\t\tdata-wp-style--top=\"state.imageButtonTop\"\n\t\t>\n\t\t\t<svg xmlns=\"http:\/\/www.w3.org\/2000\/svg\" width=\"12\" height=\"12\" fill=\"none\" viewbox=\"0 0 12 12\">\n\t\t\t\t<path fill=\"#fff\" d=\"M2 0a2 2 0 0 0-2 2v2h1.5V2a.5.5 0 0 1 .5-.5h2V0H2Zm2 10.5H2a.5.5 0 0 1-.5-.5V8H0v2a2 2 0 0 0 2 2h2v-1.5ZM8 12v-1.5h2a.5.5 0 0 0 .5-.5V8H12v2a2 2 0 0 1-2 2H8Zm2-12a2 2 0 0 1 2 2v2h-1.5V2a.5.5 0 0 0-.5-.5H8V0h2Z\" \/>\n\t\t\t<\/svg>\n\t\t<\/button><\/figure>\n<\/figure>","protected":false},"excerpt":{"rendered":"<p>Besuchen Sie unsere Ausstellung am Fusse des Lindenhofs in der Z\u00fcrcher Altstadt. In unserer grossen Ausstellung pr\u00e4sentieren wir diverse Kochherde der Firma LACANCHE sowie Fliessen, Radiatoren, Armaturen, K\u00fcchenbecken und vieles mehr. F\u00fcr einen Besuch empfehlen wir einen Termin zu vereinbaren.<\/p>","protected":false},"author":1,"featured_media":5175,"parent":0,"menu_order":0,"comment_status":"closed","ping_status":"closed","template":"","meta":{"_acf_changed":false,"footnotes":""},"class_list":["post-5174","page","type-page","status-publish","has-post-thumbnail","hentry"],"acf":[],"_links":{"self":[{"href":"https:\/\/the-house-shop.com\/en\/wp-json\/wp\/v2\/pages\/5174","targetHints":{"allow":["GET"]}}],"collection":[{"href":"https:\/\/the-house-shop.com\/en\/wp-json\/wp\/v2\/pages"}],"about":[{"href":"https:\/\/the-house-shop.com\/en\/wp-json\/wp\/v2\/types\/page"}],"author":[{"embeddable":true,"href":"https:\/\/the-house-shop.com\/en\/wp-json\/wp\/v2\/users\/1"}],"replies":[{"embeddable":true,"href":"https:\/\/the-house-shop.com\/en\/wp-json\/wp\/v2\/comments?post=5174"}],"version-history":[{"count":16,"href":"https:\/\/the-house-shop.com\/en\/wp-json\/wp\/v2\/pages\/5174\/revisions"}],"predecessor-version":[{"id":6176,"href":"https:\/\/the-house-shop.com\/en\/wp-json\/wp\/v2\/pages\/5174\/revisions\/6176"}],"wp:featuredmedia":[{"embeddable":true,"href":"https:\/\/the-house-shop.com\/en\/wp-json\/wp\/v2\/media\/5175"}],"wp:attachment":[{"href":"https:\/\/the-house-shop.com\/en\/wp-json\/wp\/v2\/media?parent=5174"}],"curies":[{"name":"wp","href":"https:\/\/api.w.org\/{rel}","templated":true}]}}